{"id":934,"date":"2024-12-02T09:23:17","date_gmt":"2024-12-02T08:23:17","guid":{"rendered":"https:\/\/protejacanillas.org\/?page_id=934"},"modified":"2025-07-23T12:44:20","modified_gmt":"2025-07-23T10:44:20","slug":"related-press-articles","status":"publish","type":"page","link":"https:\/\/protejacanillas.org\/es\/related-press-articles\/","title":{"rendered":"Art\u00edculos de prensa relacionados"},"content":{"rendered":"<div data-elementor-type=\"wp-page\" data-elementor-id=\"934\" class=\"elementor elementor-934\">\n\t\t\t\t<div class=\"elementor-element elementor-element-50170d5 e-flex e-con-boxed e-con e-parent\" data-id=\"50170d5\" data-element_type=\"container\" data-e-type=\"container\">\n\t\t\t\t\t<div class=\"e-con-inner\">\n\t\t\t\t<div class=\"elementor-element elementor-element-a62c0e0 elementor-widget elementor-widget-heading\" data-id=\"a62c0e0\" data-element_type=\"widget\" data-e-type=\"widget\" data-widget_type=\"heading.default\">\n\t\t\t\t<div class=\"elementor-widget-container\">\n\t\t\t\t\t<h2 class=\"elementor-heading-title elementor-size-default\">Art\u00edculos de prensa relacionados<\/h2>\t\t\t\t<\/div>\n\t\t\t\t<\/div>\n\t\t\t\t\t<\/div>\n\t\t\t\t<\/div>\n\t\t<div class=\"elementor-element elementor-element-ac57d8c e-flex e-con-boxed e-con e-parent\" data-id=\"ac57d8c\" data-element_type=\"container\" data-e-type=\"container\">\n\t\t\t\t\t<div class=\"e-con-inner\">\n\t\t\t\t<div class=\"elementor-element elementor-element-d1bee87 elementor-widget elementor-widget-text-editor\" data-id=\"d1bee87\" data-element_type=\"widget\" data-e-type=\"widget\" data-widget_type=\"text-editor.default\">\n\t\t\t\t<div class=\"elementor-widget-container\">\n\t\t\t\t\t\t\t\t\t<p>Aqu\u00ed hay enlaces a art\u00edculos interesantes sobre protestas similares e irregularidades en el reciclaje de residuos.<\/p>\t\t\t\t\t\t\t\t<\/div>\n\t\t\t\t<\/div>\n\t\t\t\t\t<\/div>\n\t\t\t\t<\/div>\n\t\t<div class=\"elementor-element elementor-element-19a8956 e-grid e-con-boxed e-con e-parent\" data-id=\"19a8956\" data-element_type=\"container\" data-e-type=\"container\">\n\t\t\t\t\t<div class=\"e-con-inner\">\n\t\t\t\t<div class=\"elementor-element elementor-element-bff3e56 elementor-widget elementor-widget-text-editor\" data-id=\"bff3e56\" data-element_type=\"widget\" data-e-type=\"widget\" data-widget_type=\"text-editor.default\">\n\t\t\t\t<div class=\"elementor-widget-container\">\n\t\t\t\t\t\t\t\t\t<p><strong>&#8220;Visitor centre planned for Axarqu\u00eda\u2019s El Saltillo suspension bridge&#8221;<br \/><\/strong><a href=\"https:\/\/www.surinenglish.com\/malaga\/axarquia\/visitor-centre-planned-for-axarquias-saltillo-suspension-20230823072133-nt.html\">El Sur in English<\/a> 24\/08\/2023<\/p><p><span style=\"font-weight: 400;\">&#8220;The project forms part of Malaga province&#8217;s 900-kilometre-long hiking route and <strong>aims to increase tourism and environmental awareness in the local area&#8230;&#8221;<\/strong><\/span><\/p>\t\t\t\t\t\t\t\t<\/div>\n\t\t\t\t<\/div>\n\t\t\t\t<div class=\"elementor-element elementor-element-d6f1ab5 elementor-widget elementor-widget-image\" data-id=\"d6f1ab5\" data-element_type=\"widget\" data-e-type=\"widget\" data-widget_type=\"image.default\">\n\t\t\t\t<div class=\"elementor-widget-container\">\n\t\t\t\t\t\t\t\t\t\t\t\t\t\t\t<img fetchpriority=\"high\" decoding=\"async\" width=\"927\" height=\"648\" src=\"https:\/\/protejacanillas.org\/wp-content\/uploads\/2025\/07\/saltilo.jpg\" class=\"attachment-large size-large wp-image-1438\" alt=\"\" srcset=\"https:\/\/protejacanillas.org\/wp-content\/uploads\/2025\/07\/saltilo.jpg 927w, https:\/\/protejacanillas.org\/wp-content\/uploads\/2025\/07\/saltilo-600x419.jpg 600w\" sizes=\"(max-width: 927px) 100vw, 927px\" \/>\t\t\t\t\t\t\t\t\t\t\t\t\t\t\t<\/div>\n\t\t\t\t<\/div>\n\t\t\t\t\t<\/div>\n\t\t\t\t<\/div>\n\t\t<div class=\"elementor-element elementor-element-627d371 e-grid e-con-boxed e-con e-parent\" data-id=\"627d371\" data-element_type=\"container\" data-e-type=\"container\">\n\t\t\t\t\t<div class=\"e-con-inner\">\n\t\t\t\t<div class=\"elementor-element elementor-element-4e1b7ef elementor-widget elementor-widget-text-editor\" data-id=\"4e1b7ef\" data-element_type=\"widget\" data-e-type=\"widget\" data-widget_type=\"text-editor.default\">\n\t\t\t\t<div class=\"elementor-widget-container\">\n\t\t\t\t\t\t\t\t\t<p><strong>\u201cThe Entrerr\u00edos landfill in Mijas has still not been sealed fourteen years after its closure\u201d<br \/><\/strong><a href=\"https:\/\/www.surinenglish.com\/malaga\/mijas-fuengirola\/the-entrerrios-landfill-mijas-still-not-been-20250626094422-nt.html\">El Sur in English<\/a> 26\/06\/2025<br \/>&#8230;Long before its closure, the landfill, which was set up in the 1990s, was the subject of controversy, always questioned because of the possible pollution it was causing to the municipality&#8217;s natural environment.&#8221;&#8230;<\/p>\t\t\t\t\t\t\t\t<\/div>\n\t\t\t\t<\/div>\n\t\t\t\t<div class=\"elementor-element elementor-element-d1fb1f9 elementor-widget elementor-widget-image\" data-id=\"d1fb1f9\" data-element_type=\"widget\" data-e-type=\"widget\" data-widget_type=\"image.default\">\n\t\t\t\t<div class=\"elementor-widget-container\">\n\t\t\t\t\t\t\t\t\t\t\t\t\t\t\t<img decoding=\"async\" width=\"935\" height=\"566\" src=\"https:\/\/protejacanillas.org\/wp-content\/uploads\/2025\/07\/waste-tip.jpg\" class=\"attachment-large size-large wp-image-1434\" alt=\"\" srcset=\"https:\/\/protejacanillas.org\/wp-content\/uploads\/2025\/07\/waste-tip.jpg 935w, https:\/\/protejacanillas.org\/wp-content\/uploads\/2025\/07\/waste-tip-600x363.jpg 600w, https:\/\/protejacanillas.org\/wp-content\/uploads\/2025\/07\/waste-tip-300x182.jpg 300w, https:\/\/protejacanillas.org\/wp-content\/uploads\/2025\/07\/waste-tip-768x465.jpg 768w, https:\/\/protejacanillas.org\/wp-content\/uploads\/2025\/07\/waste-tip-18x12.jpg 18w\" sizes=\"(max-width: 935px) 100vw, 935px\" \/>\t\t\t\t\t\t\t\t\t\t\t\t\t\t\t<\/div>\n\t\t\t\t<\/div>\n\t\t\t\t\t<\/div>\n\t\t\t\t<\/div>\n\t\t<div class=\"elementor-element elementor-element-7087136 e-grid e-con-boxed e-con e-parent\" data-id=\"7087136\" data-element_type=\"container\" data-e-type=\"container\">\n\t\t\t\t\t<div class=\"e-con-inner\">\n\t\t\t\t<div class=\"elementor-element elementor-element-7ee7b4b elementor-widget elementor-widget-text-editor\" data-id=\"7ee7b4b\" data-element_type=\"widget\" data-e-type=\"widget\" data-widget_type=\"text-editor.default\">\n\t\t\t\t<div class=\"elementor-widget-container\">\n\t\t\t\t\t\t\t\t\t<p><span style=\"font-weight: 400;\">\u201c<\/span><b>\u201cLos vecinos se oponen a los planes de una planta de reciclaje de residuos biol\u00f3gicos tras la nula consulta del alcalde de la ciudad de la Costa Blanca de Espa\u00f1a\u201d\u00a0 <br \/><\/b><span style=\"font-weight: 400;\"><a href=\"https:\/\/www.theolivepress.es\/spain-news\/2024\/07\/22\/residents-fight-plans-for-biowaste-recycling-plant-after-zero-consultation-by-town-mayor-on-spains-costa-blanca\/\">The Olive Press<\/a> 22-7-2024<br \/><\/span><span style=\"font-weight: 400;\">\u201cSe ha convocado una PROTESTA para la pr\u00f3xima semana contra una planta regional de reciclaje de residuos biol\u00f3gicos que el ayuntamiento de Los Montesinos ha acordado asumir.<\/span><span style=\"text-align: var(--text-align); background-color: var(--wp--preset--color--background); font-family: var(--wp--preset--font-family--system-font); font-size: var(--wp--preset--font-size--medium);\">Algunos vecinos est\u00e1n preocupados por la falta de consulta p\u00fablica y los malos olores una vez que la instalaci\u00f3n entre en funcionamiento.<\/span><span style=\"text-align: var(--text-align); background-color: var(--wp--preset--color--background); font-family: var(--wp--preset--font-family--system-font); font-size: var(--wp--preset--font-size--medium);\">\u2026\u201cNo entendemos esta decisi\u00f3n y estamos teniendo que hacer algo de ruido porque nos oponemos a la planta\u201d, dijo.<\/span><\/p><p><span style=\"font-weight: 400;\">\u201cHe\u2019s (<\/span><i><span style=\"font-weight: 400;\">The Mayor<\/span><\/i><span style=\"font-weight: 400;\">\u201cSe le ha criticado (al alcalde) por llegar a un acuerdo con el Consorcio de Sostenibilidad de la Vega Baja antes de obtener reacciones de los vecinos o incluso plantear el asunto dentro del ayuntamiento\u201d<\/span><\/p>\t\t\t\t\t\t\t\t<\/div>\n\t\t\t\t<\/div>\n\t\t\t\t<div class=\"elementor-element elementor-element-a9b1bf1 elementor-widget elementor-widget-image\" data-id=\"a9b1bf1\" data-element_type=\"widget\" data-e-type=\"widget\" data-widget_type=\"image.default\">\n\t\t\t\t<div class=\"elementor-widget-container\">\n\t\t\t\t\t\t\t\t\t\t\t\t\t\t\t<img decoding=\"async\" width=\"768\" height=\"461\" src=\"https:\/\/protejacanillas.org\/wp-content\/uploads\/2024\/12\/image-withdraws-from-biowaste-plant-768x461.jpg\" class=\"attachment-medium_large size-medium_large wp-image-947\" alt=\"\" srcset=\"https:\/\/protejacanillas.org\/wp-content\/uploads\/2024\/12\/image-withdraws-from-biowaste-plant-768x461.jpg 768w, https:\/\/protejacanillas.org\/wp-content\/uploads\/2024\/12\/image-withdraws-from-biowaste-plant-600x360.jpg 600w, https:\/\/protejacanillas.org\/wp-content\/uploads\/2024\/12\/image-withdraws-from-biowaste-plant-300x180.jpg 300w, https:\/\/protejacanillas.org\/wp-content\/uploads\/2024\/12\/image-withdraws-from-biowaste-plant-1024x614.jpg 1024w, https:\/\/protejacanillas.org\/wp-content\/uploads\/2024\/12\/image-withdraws-from-biowaste-plant-18x12.jpg 18w, https:\/\/protejacanillas.org\/wp-content\/uploads\/2024\/12\/image-withdraws-from-biowaste-plant.jpg 1237w\" sizes=\"(max-width: 768px) 100vw, 768px\" \/>\t\t\t\t\t\t\t\t\t\t\t\t\t\t\t<\/div>\n\t\t\t\t<\/div>\n\t\t\t\t\t<\/div>\n\t\t\t\t<\/div>\n\t\t<div class=\"elementor-element elementor-element-630764a e-grid e-con-boxed e-con e-parent\" data-id=\"630764a\" data-element_type=\"container\" data-e-type=\"container\">\n\t\t\t\t\t<div class=\"e-con-inner\">\n\t\t\t\t<div class=\"elementor-element elementor-element-ca92b14 elementor-widget elementor-widget-text-editor\" data-id=\"ca92b14\" data-element_type=\"widget\" data-e-type=\"widget\" data-widget_type=\"text-editor.default\">\n\t\t\t\t<div class=\"elementor-widget-container\">\n\t\t\t\t\t\t\t\t\t<p class=\"entry-title\"><strong>Los Montesinos desiste de albergar la planta de biorresiduos<br \/><\/strong><a href=\"https:\/\/theleader.info\/2024\/08\/12\/los-montesinos-withdraws-form-hosting-the-biowaste-plant\/\">The Leader<\/a> 12-8-2024<br \/><span style=\"font-weight: 400;\">\u201c<\/span><span style=\"font-weight: 400;\">Una protesta in\u00e9dita e inesperada de los vecinos de esta localidad habitualmente dormida, organizada en apenas unas semanas, que sac\u00f3 a la calle a m\u00e1s de mil montesineros expresando su descontento por la instalaci\u00f3n prevista en el pol\u00edgono industrial Levante II, ha obligado al Gobierno municipal a dar marcha atr\u00e1s.<\/span><\/p>\t\t\t\t\t\t\t\t<\/div>\n\t\t\t\t<\/div>\n\t\t\t\t<div class=\"elementor-element elementor-element-3f3f2bf elementor-widget elementor-widget-image\" data-id=\"3f3f2bf\" data-element_type=\"widget\" data-e-type=\"widget\" data-widget_type=\"image.default\">\n\t\t\t\t<div class=\"elementor-widget-container\">\n\t\t\t\t\t\t\t\t\t\t\t\t\t\t\t<img loading=\"lazy\" decoding=\"async\" width=\"768\" height=\"579\" src=\"https:\/\/protejacanillas.org\/wp-content\/uploads\/2024\/12\/residents-protest-waste-tip-768x579.jpg\" class=\"attachment-medium_large size-medium_large wp-image-948\" alt=\"\" srcset=\"https:\/\/protejacanillas.org\/wp-content\/uploads\/2024\/12\/residents-protest-waste-tip-768x579.jpg 768w, https:\/\/protejacanillas.org\/wp-content\/uploads\/2024\/12\/residents-protest-waste-tip-600x452.jpg 600w, https:\/\/protejacanillas.org\/wp-content\/uploads\/2024\/12\/residents-protest-waste-tip-300x226.jpg 300w, https:\/\/protejacanillas.org\/wp-content\/uploads\/2024\/12\/residents-protest-waste-tip-1024x772.jpg 1024w, https:\/\/protejacanillas.org\/wp-content\/uploads\/2024\/12\/residents-protest-waste-tip-16x12.jpg 16w, https:\/\/protejacanillas.org\/wp-content\/uploads\/2024\/12\/residents-protest-waste-tip.jpg 1075w\" sizes=\"(max-width: 768px) 100vw, 768px\" \/>\t\t\t\t\t\t\t\t\t\t\t\t\t\t\t<\/div>\n\t\t\t\t<\/div>\n\t\t\t\t\t<\/div>\n\t\t\t\t<\/div>\n\t\t<div class=\"elementor-element elementor-element-ee2a380 e-grid e-con-full e-con e-parent\" data-id=\"ee2a380\" data-element_type=\"container\" data-e-type=\"container\">\n\t\t\t\t<div class=\"elementor-element elementor-element-12ceb7c elementor-widget elementor-widget-text-editor\" data-id=\"12ceb7c\" data-element_type=\"widget\" data-e-type=\"widget\" data-widget_type=\"text-editor.default\">\n\t\t\t\t<div class=\"elementor-widget-container\">\n\t\t\t\t\t\t\t\t\t<p><b>La Junta, en pie de guerra contra la Planta de tratamientos de escombros de Canillas<br \/><\/b><a href=\"https:\/\/www.elmira.es\/articulo\/malaga\/la-junta-en-pie-de-guerra-contra-la-planta-de-tratamientos-de-escombros-de-canillas\/20201029204545196162.html\">Elmira.es \u00a0<\/a>29-10-2020<b><br \/><\/b><span style=\"font-weight: 400;\">La Junta de Andaluc\u00eda solicita a la Planta que se cumpla con la tasa\u00a0<\/span><\/p><p><span style=\"font-weight: 400;\">Dicho expediente se encuentra en fase de alegaciones y subsanaci\u00f3n por parte de la empresa gestora, Ecoaxar; para que las actuaciones no deriven, en su caso, en un expediente sancionador... <\/span><b>do not result, where appropriate, in a disciplinary procedure<\/b><span style=\"font-weight: 400;\"> \u2026.<\/span><\/p>\t\t\t\t\t\t\t\t<\/div>\n\t\t\t\t<\/div>\n\t\t\t\t<div class=\"elementor-element elementor-element-709781a elementor-widget elementor-widget-image\" data-id=\"709781a\" data-element_type=\"widget\" data-e-type=\"widget\" data-widget_type=\"image.default\">\n\t\t\t\t<div class=\"elementor-widget-container\">\n\t\t\t\t\t\t\t\t\t\t\t\t\t\t\t<img loading=\"lazy\" decoding=\"async\" width=\"657\" height=\"466\" src=\"https:\/\/protejacanillas.org\/wp-content\/uploads\/2024\/12\/junta-on-war-footing-image.jpg\" class=\"attachment-medium_large size-medium_large wp-image-946\" alt=\"\" srcset=\"https:\/\/protejacanillas.org\/wp-content\/uploads\/2024\/12\/junta-on-war-footing-image.jpg 657w, https:\/\/protejacanillas.org\/wp-content\/uploads\/2024\/12\/junta-on-war-footing-image-600x426.jpg 600w, https:\/\/protejacanillas.org\/wp-content\/uploads\/2024\/12\/junta-on-war-footing-image-300x213.jpg 300w, https:\/\/protejacanillas.org\/wp-content\/uploads\/2024\/12\/junta-on-war-footing-image-18x12.jpg 18w\" sizes=\"(max-width: 657px) 100vw, 657px\" \/>\t\t\t\t\t\t\t\t\t\t\t\t\t\t\t<\/div>\n\t\t\t\t<\/div>\n\t\t\t\t<\/div>\n\t\t<div class=\"elementor-element elementor-element-bc7375e e-flex e-con-boxed e-con e-parent\" data-id=\"bc7375e\" data-element_type=\"container\" data-e-type=\"container\">\n\t\t\t\t\t<div class=\"e-con-inner\">\n\t\t\t\t<div class=\"elementor-element elementor-element-8468eee elementor-widget elementor-widget-wp-widget-zoom-social-icons-widget\" data-id=\"8468eee\" data-element_type=\"widget\" data-e-type=\"widget\" data-widget_type=\"wp-widget-zoom-social-icons-widget.default\">\n\t\t\t\t<div class=\"elementor-widget-container\">\n\t\t\t\t\t\n\t\t\n<ul class=\"zoom-social-icons-list zoom-social-icons-list--with-canvas zoom-social-icons-list--round zoom-social-icons-list--align-left zoom-social-icons-list--no-labels\">\n\n\t\t\n\t\t\t\t<li class=\"zoom-social_icons-list__item\">\n\t\t<a class=\"zoom-social_icons-list__link\" href=\"https:\/\/www.facebook.com\/profile.php?id=61568775642897\" target=\"_blank\" title=\"Facebook\" >\n\t\t\t\t\t\t\t\t\t\n\t\t\t\t\t\t<span class=\"screen-reader-text\">facebook<\/span>\n\t\t\t\n\t\t\t\t\t\t<span class=\"zoom-social_icons-list-span social-icon socicon socicon-facebook\" data-hover-rule=\"background-color\" data-hover-color=\"#0866FF\" style=\"background-color : #0866FF; font-size: 18px; padding:8px\" ><\/span>\n\t\t\t\n\t\t\t\t\t<\/a>\n\t<\/li>\n\n\t\n<\/ul>\n\n\t\t\t\t\t\t<\/div>\n\t\t\t\t<\/div>\n\t\t\t\t\t<\/div>\n\t\t\t\t<\/div>\n\t\t<div class=\"elementor-element elementor-element-03e3593 e-flex e-con-boxed e-con e-parent\" data-id=\"03e3593\" data-element_type=\"container\" data-e-type=\"container\">\n\t\t\t\t\t<div class=\"e-con-inner\">\n\t\t\t\t<div class=\"elementor-element elementor-element-4d422bf elementor-widget elementor-widget-copyright\" data-id=\"4d422bf\" data-element_type=\"widget\" data-e-type=\"widget\" data-widget_type=\"copyright.default\">\n\t\t\t\t<div class=\"elementor-widget-container\">\n\t\t\t\t\t\t\t<div class=\"hfe-copyright-wrapper\">\n\t\t\t\t\t\t\t<span>Copyright \u00a9 2026 Protejacanillas | Powered by Protejacanillas<\/span>\n\t\t\t\t\t<\/div>\n\t\t\t\t\t\t<\/div>\n\t\t\t\t<\/div>\n\t\t\t\t\t<\/div>\n\t\t\t\t<\/div>\n\t\t\t\t<\/div>","protected":false},"excerpt":{"rendered":"<p>Related press articles Here are links to interesting articles about similar protests and waste recycling irregularities. &#8220;Visitor centre planned for Axarqu\u00eda\u2019s El Saltillo suspension bridge&#8221;El Sur in English 24\/08\/2023 &#8220;The project forms part of Malaga province&#8217;s 900-kilometre-long hiking route and aims to increase tourism and environmental awareness in the local area&#8230;&#8221; \u201cThe Entrerr\u00edos landfill in [&hellip;]<\/p>\n","protected":false},"author":2,"featured_media":0,"parent":0,"menu_order":0,"comment_status":"closed","ping_status":"closed","template":"","meta":{"nf_dc_page":"","_monsterinsights_skip_tracking":false,"_monsterinsights_sitenote_active":false,"_monsterinsights_sitenote_note":"","_monsterinsights_sitenote_category":0,"footnotes":""},"class_list":["post-934","page","type-page","status-publish","hentry"],"yoast_head":"<!-- This site is optimized with the Yoast SEO plugin v27.4 - https:\/\/yoast.com\/product\/yoast-seo-wordpress\/ -->\n<title>Related press articles - Protejacanillas<\/title>\n<meta name=\"robots\" content=\"index, follow, max-snippet:-1, max-image-preview:large, max-video-preview:-1\" \/>\n<link rel=\"canonical\" href=\"https:\/\/protejacanillas.org\/es\/related-press-articles\/\" \/>\n<meta property=\"og:locale\" content=\"es_ES\" \/>\n<meta property=\"og:type\" content=\"article\" \/>\n<meta property=\"og:title\" content=\"Related press articles - Protejacanillas\" \/>\n<meta property=\"og:description\" content=\"Related press articles Here are links to interesting articles about similar protests and waste recycling irregularities. &#8220;Visitor centre planned for Axarqu\u00eda\u2019s El Saltillo suspension bridge&#8221;El Sur in English 24\/08\/2023 &#8220;The project forms part of Malaga province&#8217;s 900-kilometre-long hiking route and aims to increase tourism and environmental awareness in the local area&#8230;&#8221; \u201cThe Entrerr\u00edos landfill in [&hellip;]\" \/>\n<meta property=\"og:url\" content=\"https:\/\/protejacanillas.org\/es\/related-press-articles\/\" \/>\n<meta property=\"og:site_name\" content=\"Protejacanillas\" \/>\n<meta property=\"article:modified_time\" content=\"2025-07-23T10:44:20+00:00\" \/>\n<meta property=\"og:image\" content=\"https:\/\/protejacanillas.org\/wp-content\/uploads\/2025\/07\/saltilo.jpg\" \/>\n\t<meta property=\"og:image:width\" content=\"927\" \/>\n\t<meta property=\"og:image:height\" content=\"648\" \/>\n\t<meta property=\"og:image:type\" content=\"image\/jpeg\" \/>\n<meta name=\"twitter:card\" content=\"summary_large_image\" \/>\n<meta name=\"twitter:label1\" content=\"Tiempo de lectura\" \/>\n\t<meta name=\"twitter:data1\" content=\"3 minutos\" \/>\n<script type=\"application\/ld+json\" class=\"yoast-schema-graph\">{\"@context\":\"https:\\\/\\\/schema.org\",\"@graph\":[{\"@type\":\"WebPage\",\"@id\":\"https:\\\/\\\/protejacanillas.org\\\/related-press-articles\\\/\",\"url\":\"https:\\\/\\\/protejacanillas.org\\\/related-press-articles\\\/\",\"name\":\"Related press articles - Protejacanillas\",\"isPartOf\":{\"@id\":\"https:\\\/\\\/protejacanillas.org\\\/#website\"},\"primaryImageOfPage\":{\"@id\":\"https:\\\/\\\/protejacanillas.org\\\/related-press-articles\\\/#primaryimage\"},\"image\":{\"@id\":\"https:\\\/\\\/protejacanillas.org\\\/related-press-articles\\\/#primaryimage\"},\"thumbnailUrl\":\"https:\\\/\\\/protejacanillas.org\\\/wp-content\\\/uploads\\\/2025\\\/07\\\/saltilo.jpg\",\"datePublished\":\"2024-12-02T08:23:17+00:00\",\"dateModified\":\"2025-07-23T10:44:20+00:00\",\"breadcrumb\":{\"@id\":\"https:\\\/\\\/protejacanillas.org\\\/related-press-articles\\\/#breadcrumb\"},\"inLanguage\":\"es\",\"potentialAction\":[{\"@type\":\"ReadAction\",\"target\":[\"https:\\\/\\\/protejacanillas.org\\\/related-press-articles\\\/\"]}]},{\"@type\":\"ImageObject\",\"inLanguage\":\"es\",\"@id\":\"https:\\\/\\\/protejacanillas.org\\\/related-press-articles\\\/#primaryimage\",\"url\":\"https:\\\/\\\/protejacanillas.org\\\/wp-content\\\/uploads\\\/2025\\\/07\\\/saltilo.jpg\",\"contentUrl\":\"https:\\\/\\\/protejacanillas.org\\\/wp-content\\\/uploads\\\/2025\\\/07\\\/saltilo.jpg\"},{\"@type\":\"BreadcrumbList\",\"@id\":\"https:\\\/\\\/protejacanillas.org\\\/related-press-articles\\\/#breadcrumb\",\"itemListElement\":[{\"@type\":\"ListItem\",\"position\":1,\"name\":\"Home\",\"item\":\"https:\\\/\\\/protejacanillas.org\\\/\"},{\"@type\":\"ListItem\",\"position\":2,\"name\":\"Related press articles\"}]},{\"@type\":\"WebSite\",\"@id\":\"https:\\\/\\\/protejacanillas.org\\\/#website\",\"url\":\"https:\\\/\\\/protejacanillas.org\\\/\",\"name\":\"Protejacanillas\",\"description\":\"\",\"publisher\":{\"@id\":\"https:\\\/\\\/protejacanillas.org\\\/#organization\"},\"potentialAction\":[{\"@type\":\"SearchAction\",\"target\":{\"@type\":\"EntryPoint\",\"urlTemplate\":\"https:\\\/\\\/protejacanillas.org\\\/?s={search_term_string}\"},\"query-input\":{\"@type\":\"PropertyValueSpecification\",\"valueRequired\":true,\"valueName\":\"search_term_string\"}}],\"inLanguage\":\"es\"},{\"@type\":\"Organization\",\"@id\":\"https:\\\/\\\/protejacanillas.org\\\/#organization\",\"name\":\"Protejacanillas\",\"url\":\"https:\\\/\\\/protejacanillas.org\\\/\",\"logo\":{\"@type\":\"ImageObject\",\"inLanguage\":\"es\",\"@id\":\"https:\\\/\\\/protejacanillas.org\\\/#\\\/schema\\\/logo\\\/image\\\/\",\"url\":\"https:\\\/\\\/protejacanillas.org\\\/wp-content\\\/uploads\\\/2024\\\/11\\\/valley-to-be-filled-1.jpg\",\"contentUrl\":\"https:\\\/\\\/protejacanillas.org\\\/wp-content\\\/uploads\\\/2024\\\/11\\\/valley-to-be-filled-1.jpg\",\"width\":1600,\"height\":1200,\"caption\":\"Protejacanillas\"},\"image\":{\"@id\":\"https:\\\/\\\/protejacanillas.org\\\/#\\\/schema\\\/logo\\\/image\\\/\"}}]}<\/script>\n<!-- \/ Yoast SEO plugin. -->","yoast_head_json":{"title":"Related press articles - Protejacanillas","robots":{"index":"index","follow":"follow","max-snippet":"max-snippet:-1","max-image-preview":"max-image-preview:large","max-video-preview":"max-video-preview:-1"},"canonical":"https:\/\/protejacanillas.org\/es\/related-press-articles\/","og_locale":"es_ES","og_type":"article","og_title":"Related press articles - Protejacanillas","og_description":"Related press articles Here are links to interesting articles about similar protests and waste recycling irregularities. &#8220;Visitor centre planned for Axarqu\u00eda\u2019s El Saltillo suspension bridge&#8221;El Sur in English 24\/08\/2023 &#8220;The project forms part of Malaga province&#8217;s 900-kilometre-long hiking route and aims to increase tourism and environmental awareness in the local area&#8230;&#8221; \u201cThe Entrerr\u00edos landfill in [&hellip;]","og_url":"https:\/\/protejacanillas.org\/es\/related-press-articles\/","og_site_name":"Protejacanillas","article_modified_time":"2025-07-23T10:44:20+00:00","og_image":[{"width":927,"height":648,"url":"https:\/\/protejacanillas.org\/wp-content\/uploads\/2025\/07\/saltilo.jpg","type":"image\/jpeg"}],"twitter_card":"summary_large_image","twitter_misc":{"Tiempo de lectura":"3 minutos"},"schema":{"@context":"https:\/\/schema.org","@graph":[{"@type":"WebPage","@id":"https:\/\/protejacanillas.org\/related-press-articles\/","url":"https:\/\/protejacanillas.org\/related-press-articles\/","name":"Related press articles - Protejacanillas","isPartOf":{"@id":"https:\/\/protejacanillas.org\/#website"},"primaryImageOfPage":{"@id":"https:\/\/protejacanillas.org\/related-press-articles\/#primaryimage"},"image":{"@id":"https:\/\/protejacanillas.org\/related-press-articles\/#primaryimage"},"thumbnailUrl":"https:\/\/protejacanillas.org\/wp-content\/uploads\/2025\/07\/saltilo.jpg","datePublished":"2024-12-02T08:23:17+00:00","dateModified":"2025-07-23T10:44:20+00:00","breadcrumb":{"@id":"https:\/\/protejacanillas.org\/related-press-articles\/#breadcrumb"},"inLanguage":"es","potentialAction":[{"@type":"ReadAction","target":["https:\/\/protejacanillas.org\/related-press-articles\/"]}]},{"@type":"ImageObject","inLanguage":"es","@id":"https:\/\/protejacanillas.org\/related-press-articles\/#primaryimage","url":"https:\/\/protejacanillas.org\/wp-content\/uploads\/2025\/07\/saltilo.jpg","contentUrl":"https:\/\/protejacanillas.org\/wp-content\/uploads\/2025\/07\/saltilo.jpg"},{"@type":"BreadcrumbList","@id":"https:\/\/protejacanillas.org\/related-press-articles\/#breadcrumb","itemListElement":[{"@type":"ListItem","position":1,"name":"Home","item":"https:\/\/protejacanillas.org\/"},{"@type":"ListItem","position":2,"name":"Related press articles"}]},{"@type":"WebSite","@id":"https:\/\/protejacanillas.org\/#website","url":"https:\/\/protejacanillas.org\/","name":"Protejacanillas","description":"","publisher":{"@id":"https:\/\/protejacanillas.org\/#organization"},"potentialAction":[{"@type":"SearchAction","target":{"@type":"EntryPoint","urlTemplate":"https:\/\/protejacanillas.org\/?s={search_term_string}"},"query-input":{"@type":"PropertyValueSpecification","valueRequired":true,"valueName":"search_term_string"}}],"inLanguage":"es"},{"@type":"Organization","@id":"https:\/\/protejacanillas.org\/#organization","name":"Protejacanillas","url":"https:\/\/protejacanillas.org\/","logo":{"@type":"ImageObject","inLanguage":"es","@id":"https:\/\/protejacanillas.org\/#\/schema\/logo\/image\/","url":"https:\/\/protejacanillas.org\/wp-content\/uploads\/2024\/11\/valley-to-be-filled-1.jpg","contentUrl":"https:\/\/protejacanillas.org\/wp-content\/uploads\/2024\/11\/valley-to-be-filled-1.jpg","width":1600,"height":1200,"caption":"Protejacanillas"},"image":{"@id":"https:\/\/protejacanillas.org\/#\/schema\/logo\/image\/"}}]}},"_links":{"self":[{"href":"https:\/\/protejacanillas.org\/es\/wp-json\/wp\/v2\/pages\/934","targetHints":{"allow":["GET"]}}],"collection":[{"href":"https:\/\/protejacanillas.org\/es\/wp-json\/wp\/v2\/pages"}],"about":[{"href":"https:\/\/protejacanillas.org\/es\/wp-json\/wp\/v2\/types\/page"}],"author":[{"embeddable":true,"href":"https:\/\/protejacanillas.org\/es\/wp-json\/wp\/v2\/users\/2"}],"replies":[{"embeddable":true,"href":"https:\/\/protejacanillas.org\/es\/wp-json\/wp\/v2\/comments?post=934"}],"version-history":[{"count":20,"href":"https:\/\/protejacanillas.org\/es\/wp-json\/wp\/v2\/pages\/934\/revisions"}],"predecessor-version":[{"id":1441,"href":"https:\/\/protejacanillas.org\/es\/wp-json\/wp\/v2\/pages\/934\/revisions\/1441"}],"wp:attachment":[{"href":"https:\/\/protejacanillas.org\/es\/wp-json\/wp\/v2\/media?parent=934"}],"curies":[{"name":"wp","href":"https:\/\/api.w.org\/{rel}","templated":true}]}}