{"id":915,"date":"2024-12-01T14:20:39","date_gmt":"2024-12-01T13:20:39","guid":{"rendered":"https:\/\/protejacanillas.org\/?page_id=915"},"modified":"2024-12-02T08:57:32","modified_gmt":"2024-12-02T07:57:32","slug":"road-safety","status":"publish","type":"page","link":"https:\/\/protejacanillas.org\/es\/road-safety\/","title":{"rendered":"Road safety"},"content":{"rendered":"<div data-elementor-type=\"wp-page\" data-elementor-id=\"915\" class=\"elementor elementor-915\">\n\t\t\t\t<div class=\"elementor-element elementor-element-c9f06ff e-flex e-con-boxed e-con e-parent\" data-id=\"c9f06ff\" data-element_type=\"container\" data-e-type=\"container\">\n\t\t\t\t\t<div class=\"e-con-inner\">\n\t\t\t\t<div class=\"elementor-element elementor-element-8326495 elementor-widget elementor-widget-heading\" data-id=\"8326495\" data-element_type=\"widget\" data-e-type=\"widget\" data-widget_type=\"heading.default\">\n\t\t\t\t<div class=\"elementor-widget-container\">\n\t\t\t\t\t<h2 class=\"elementor-heading-title elementor-size-default\">Preocupaciones en materia de seguridad vial<\/h2>\t\t\t\t<\/div>\n\t\t\t\t<\/div>\n\t\t\t\t\t<\/div>\n\t\t\t\t<\/div>\n\t\t<div class=\"elementor-element elementor-element-823def3 e-grid e-con-boxed e-con e-parent\" data-id=\"823def3\" data-element_type=\"container\" data-e-type=\"container\">\n\t\t\t\t\t<div class=\"e-con-inner\">\n\t\t\t\t<div class=\"elementor-element elementor-element-d92ab87 elementor-widget elementor-widget-image\" data-id=\"d92ab87\" data-element_type=\"widget\" data-e-type=\"widget\" data-widget_type=\"image.default\">\n\t\t\t\t<div class=\"elementor-widget-container\">\n\t\t\t\t\t\t\t\t\t\t\t\t\t\t\t<img fetchpriority=\"high\" decoding=\"async\" width=\"676\" height=\"451\" src=\"https:\/\/protejacanillas.org\/wp-content\/uploads\/2024\/11\/cyclists-and-waste-truck.jpg\" class=\"attachment-medium_large size-medium_large wp-image-444\" alt=\"\" srcset=\"https:\/\/protejacanillas.org\/wp-content\/uploads\/2024\/11\/cyclists-and-waste-truck.jpg 676w, https:\/\/protejacanillas.org\/wp-content\/uploads\/2024\/11\/cyclists-and-waste-truck-600x400.jpg 600w, https:\/\/protejacanillas.org\/wp-content\/uploads\/2024\/11\/cyclists-and-waste-truck-300x200.jpg 300w, https:\/\/protejacanillas.org\/wp-content\/uploads\/2024\/11\/cyclists-and-waste-truck-18x12.jpg 18w\" sizes=\"(max-width: 676px) 100vw, 676px\" \/>\t\t\t\t\t\t\t\t\t\t\t\t\t\t\t<\/div>\n\t\t\t\t<\/div>\n\t\t\t\t<div class=\"elementor-element elementor-element-964535f elementor-widget elementor-widget-text-editor\" data-id=\"964535f\" data-element_type=\"widget\" data-e-type=\"widget\" data-widget_type=\"text-editor.default\">\n\t\t\t\t<div class=\"elementor-widget-container\">\n\t\t\t\t\t\t\t\t\t<p>\u201cLa misi\u00f3n de la Estrategia de Seguridad Vial 2030 de Espa\u00f1a es reducir el n\u00famero de accidentes de tr\u00e1fico y v\u00edctimas en las v\u00edas p\u00fablicas espa\u00f1olas, impulsando y coordinando las acciones y resultados de todos los actores implicados en la movilidad segura\u201d.<\/p><p>De hecho, Mapfre organiz\u00f3 una conferencia a principios de este a\u00f1o sobre \u201cSalvar vidas en las carreteras rurales\u201d, que es un tema importante en la estrategia de seguridad vial de Espa\u00f1a<\/p><p>El riesgo potencial de todos los camiones de basura y camiones de gran tama\u00f1o adicionales en nuestras peque\u00f1as y sinuosas carreteras rurales tendr\u00e1 un impacto significativo en la seguridad de los residentes, los numerosos ciclistas y turistas, y los propios conductores de camiones.<\/p><p>\u00a0<\/p>\t\t\t\t\t\t\t\t<\/div>\n\t\t\t\t<\/div>\n\t\t\t\t\t<\/div>\n\t\t\t\t<\/div>\n\t\t\t\t<\/div>","protected":false},"excerpt":{"rendered":"<p>Road safety concerns \u201cThe mission of Spain&#8217;s Road Safety Strategy 2030 is to reduce the number of traffic accidents and victims on public roads in Spain, by spearheading and coordinating the actions and outcomes of all the actors involved in safe mobility.\u201d Indeed Mapfre organised a conference earlier this year about &#8220;Saving lives on rural [&hellip;]<\/p>\n","protected":false},"author":2,"featured_media":0,"parent":0,"menu_order":0,"comment_status":"closed","ping_status":"closed","template":"","meta":{"nf_dc_page":"","_monsterinsights_skip_tracking":false,"_monsterinsights_sitenote_active":false,"_monsterinsights_sitenote_note":"","_monsterinsights_sitenote_category":0,"footnotes":""},"class_list":["post-915","page","type-page","status-publish","hentry"],"yoast_head":"<!-- This site is optimized with the Yoast SEO plugin v27.4 - https:\/\/yoast.com\/product\/yoast-seo-wordpress\/ -->\n<title>Road safety - Protejacanillas<\/title>\n<meta name=\"robots\" content=\"index, follow, max-snippet:-1, max-image-preview:large, max-video-preview:-1\" \/>\n<link rel=\"canonical\" href=\"https:\/\/protejacanillas.org\/es\/road-safety\/\" \/>\n<meta property=\"og:locale\" content=\"es_ES\" \/>\n<meta property=\"og:type\" content=\"article\" \/>\n<meta property=\"og:title\" content=\"Road safety - Protejacanillas\" \/>\n<meta property=\"og:description\" content=\"Road safety concerns \u201cThe mission of Spain&#8217;s Road Safety Strategy 2030 is to reduce the number of traffic accidents and victims on public roads in Spain, by spearheading and coordinating the actions and outcomes of all the actors involved in safe mobility.\u201d Indeed Mapfre organised a conference earlier this year about &#8220;Saving lives on rural [&hellip;]\" \/>\n<meta property=\"og:url\" content=\"https:\/\/protejacanillas.org\/es\/road-safety\/\" \/>\n<meta property=\"og:site_name\" content=\"Protejacanillas\" \/>\n<meta property=\"article:modified_time\" content=\"2024-12-02T07:57:32+00:00\" \/>\n<meta property=\"og:image\" content=\"https:\/\/protejacanillas.org\/wp-content\/uploads\/2024\/11\/cyclists-and-waste-truck.jpg\" \/>\n\t<meta property=\"og:image:width\" content=\"676\" \/>\n\t<meta property=\"og:image:height\" content=\"451\" \/>\n\t<meta property=\"og:image:type\" content=\"image\/jpeg\" \/>\n<meta name=\"twitter:card\" content=\"summary_large_image\" \/>\n<meta name=\"twitter:label1\" content=\"Tiempo de lectura\" \/>\n\t<meta name=\"twitter:data1\" content=\"1 minuto\" \/>\n<script type=\"application\/ld+json\" class=\"yoast-schema-graph\">{\"@context\":\"https:\\\/\\\/schema.org\",\"@graph\":[{\"@type\":\"WebPage\",\"@id\":\"https:\\\/\\\/protejacanillas.org\\\/road-safety\\\/\",\"url\":\"https:\\\/\\\/protejacanillas.org\\\/road-safety\\\/\",\"name\":\"Road safety - Protejacanillas\",\"isPartOf\":{\"@id\":\"https:\\\/\\\/protejacanillas.org\\\/#website\"},\"primaryImageOfPage\":{\"@id\":\"https:\\\/\\\/protejacanillas.org\\\/road-safety\\\/#primaryimage\"},\"image\":{\"@id\":\"https:\\\/\\\/protejacanillas.org\\\/road-safety\\\/#primaryimage\"},\"thumbnailUrl\":\"https:\\\/\\\/protejacanillas.org\\\/wp-content\\\/uploads\\\/2024\\\/11\\\/cyclists-and-waste-truck.jpg\",\"datePublished\":\"2024-12-01T13:20:39+00:00\",\"dateModified\":\"2024-12-02T07:57:32+00:00\",\"breadcrumb\":{\"@id\":\"https:\\\/\\\/protejacanillas.org\\\/road-safety\\\/#breadcrumb\"},\"inLanguage\":\"es\",\"potentialAction\":[{\"@type\":\"ReadAction\",\"target\":[\"https:\\\/\\\/protejacanillas.org\\\/road-safety\\\/\"]}]},{\"@type\":\"ImageObject\",\"inLanguage\":\"es\",\"@id\":\"https:\\\/\\\/protejacanillas.org\\\/road-safety\\\/#primaryimage\",\"url\":\"https:\\\/\\\/protejacanillas.org\\\/wp-content\\\/uploads\\\/2024\\\/11\\\/cyclists-and-waste-truck.jpg\",\"contentUrl\":\"https:\\\/\\\/protejacanillas.org\\\/wp-content\\\/uploads\\\/2024\\\/11\\\/cyclists-and-waste-truck.jpg\"},{\"@type\":\"BreadcrumbList\",\"@id\":\"https:\\\/\\\/protejacanillas.org\\\/road-safety\\\/#breadcrumb\",\"itemListElement\":[{\"@type\":\"ListItem\",\"position\":1,\"name\":\"Home\",\"item\":\"https:\\\/\\\/protejacanillas.org\\\/\"},{\"@type\":\"ListItem\",\"position\":2,\"name\":\"Road safety\"}]},{\"@type\":\"WebSite\",\"@id\":\"https:\\\/\\\/protejacanillas.org\\\/#website\",\"url\":\"https:\\\/\\\/protejacanillas.org\\\/\",\"name\":\"Protejacanillas\",\"description\":\"\",\"publisher\":{\"@id\":\"https:\\\/\\\/protejacanillas.org\\\/#organization\"},\"potentialAction\":[{\"@type\":\"SearchAction\",\"target\":{\"@type\":\"EntryPoint\",\"urlTemplate\":\"https:\\\/\\\/protejacanillas.org\\\/?s={search_term_string}\"},\"query-input\":{\"@type\":\"PropertyValueSpecification\",\"valueRequired\":true,\"valueName\":\"search_term_string\"}}],\"inLanguage\":\"es\"},{\"@type\":\"Organization\",\"@id\":\"https:\\\/\\\/protejacanillas.org\\\/#organization\",\"name\":\"Protejacanillas\",\"url\":\"https:\\\/\\\/protejacanillas.org\\\/\",\"logo\":{\"@type\":\"ImageObject\",\"inLanguage\":\"es\",\"@id\":\"https:\\\/\\\/protejacanillas.org\\\/#\\\/schema\\\/logo\\\/image\\\/\",\"url\":\"https:\\\/\\\/protejacanillas.org\\\/wp-content\\\/uploads\\\/2024\\\/11\\\/valley-to-be-filled-1.jpg\",\"contentUrl\":\"https:\\\/\\\/protejacanillas.org\\\/wp-content\\\/uploads\\\/2024\\\/11\\\/valley-to-be-filled-1.jpg\",\"width\":1600,\"height\":1200,\"caption\":\"Protejacanillas\"},\"image\":{\"@id\":\"https:\\\/\\\/protejacanillas.org\\\/#\\\/schema\\\/logo\\\/image\\\/\"}}]}<\/script>\n<!-- \/ Yoast SEO plugin. -->","yoast_head_json":{"title":"Road safety - Protejacanillas","robots":{"index":"index","follow":"follow","max-snippet":"max-snippet:-1","max-image-preview":"max-image-preview:large","max-video-preview":"max-video-preview:-1"},"canonical":"https:\/\/protejacanillas.org\/es\/road-safety\/","og_locale":"es_ES","og_type":"article","og_title":"Road safety - Protejacanillas","og_description":"Road safety concerns \u201cThe mission of Spain&#8217;s Road Safety Strategy 2030 is to reduce the number of traffic accidents and victims on public roads in Spain, by spearheading and coordinating the actions and outcomes of all the actors involved in safe mobility.\u201d Indeed Mapfre organised a conference earlier this year about &#8220;Saving lives on rural [&hellip;]","og_url":"https:\/\/protejacanillas.org\/es\/road-safety\/","og_site_name":"Protejacanillas","article_modified_time":"2024-12-02T07:57:32+00:00","og_image":[{"width":676,"height":451,"url":"https:\/\/protejacanillas.org\/wp-content\/uploads\/2024\/11\/cyclists-and-waste-truck.jpg","type":"image\/jpeg"}],"twitter_card":"summary_large_image","twitter_misc":{"Tiempo de lectura":"1 minuto"},"schema":{"@context":"https:\/\/schema.org","@graph":[{"@type":"WebPage","@id":"https:\/\/protejacanillas.org\/road-safety\/","url":"https:\/\/protejacanillas.org\/road-safety\/","name":"Road safety - Protejacanillas","isPartOf":{"@id":"https:\/\/protejacanillas.org\/#website"},"primaryImageOfPage":{"@id":"https:\/\/protejacanillas.org\/road-safety\/#primaryimage"},"image":{"@id":"https:\/\/protejacanillas.org\/road-safety\/#primaryimage"},"thumbnailUrl":"https:\/\/protejacanillas.org\/wp-content\/uploads\/2024\/11\/cyclists-and-waste-truck.jpg","datePublished":"2024-12-01T13:20:39+00:00","dateModified":"2024-12-02T07:57:32+00:00","breadcrumb":{"@id":"https:\/\/protejacanillas.org\/road-safety\/#breadcrumb"},"inLanguage":"es","potentialAction":[{"@type":"ReadAction","target":["https:\/\/protejacanillas.org\/road-safety\/"]}]},{"@type":"ImageObject","inLanguage":"es","@id":"https:\/\/protejacanillas.org\/road-safety\/#primaryimage","url":"https:\/\/protejacanillas.org\/wp-content\/uploads\/2024\/11\/cyclists-and-waste-truck.jpg","contentUrl":"https:\/\/protejacanillas.org\/wp-content\/uploads\/2024\/11\/cyclists-and-waste-truck.jpg"},{"@type":"BreadcrumbList","@id":"https:\/\/protejacanillas.org\/road-safety\/#breadcrumb","itemListElement":[{"@type":"ListItem","position":1,"name":"Home","item":"https:\/\/protejacanillas.org\/"},{"@type":"ListItem","position":2,"name":"Road safety"}]},{"@type":"WebSite","@id":"https:\/\/protejacanillas.org\/#website","url":"https:\/\/protejacanillas.org\/","name":"Protejacanillas","description":"","publisher":{"@id":"https:\/\/protejacanillas.org\/#organization"},"potentialAction":[{"@type":"SearchAction","target":{"@type":"EntryPoint","urlTemplate":"https:\/\/protejacanillas.org\/?s={search_term_string}"},"query-input":{"@type":"PropertyValueSpecification","valueRequired":true,"valueName":"search_term_string"}}],"inLanguage":"es"},{"@type":"Organization","@id":"https:\/\/protejacanillas.org\/#organization","name":"Protejacanillas","url":"https:\/\/protejacanillas.org\/","logo":{"@type":"ImageObject","inLanguage":"es","@id":"https:\/\/protejacanillas.org\/#\/schema\/logo\/image\/","url":"https:\/\/protejacanillas.org\/wp-content\/uploads\/2024\/11\/valley-to-be-filled-1.jpg","contentUrl":"https:\/\/protejacanillas.org\/wp-content\/uploads\/2024\/11\/valley-to-be-filled-1.jpg","width":1600,"height":1200,"caption":"Protejacanillas"},"image":{"@id":"https:\/\/protejacanillas.org\/#\/schema\/logo\/image\/"}}]}},"_links":{"self":[{"href":"https:\/\/protejacanillas.org\/es\/wp-json\/wp\/v2\/pages\/915","targetHints":{"allow":["GET"]}}],"collection":[{"href":"https:\/\/protejacanillas.org\/es\/wp-json\/wp\/v2\/pages"}],"about":[{"href":"https:\/\/protejacanillas.org\/es\/wp-json\/wp\/v2\/types\/page"}],"author":[{"embeddable":true,"href":"https:\/\/protejacanillas.org\/es\/wp-json\/wp\/v2\/users\/2"}],"replies":[{"embeddable":true,"href":"https:\/\/protejacanillas.org\/es\/wp-json\/wp\/v2\/comments?post=915"}],"version-history":[{"count":10,"href":"https:\/\/protejacanillas.org\/es\/wp-json\/wp\/v2\/pages\/915\/revisions"}],"predecessor-version":[{"id":926,"href":"https:\/\/protejacanillas.org\/es\/wp-json\/wp\/v2\/pages\/915\/revisions\/926"}],"wp:attachment":[{"href":"https:\/\/protejacanillas.org\/es\/wp-json\/wp\/v2\/media?parent=915"}],"curies":[{"name":"wp","href":"https:\/\/api.w.org\/{rel}","templated":true}]}}