{"id":749,"date":"2024-11-26T16:46:50","date_gmt":"2024-11-26T15:46:50","guid":{"rendered":"https:\/\/protejacanillas.org\/?page_id=749"},"modified":"2024-12-11T17:44:31","modified_gmt":"2024-12-11T16:44:31","slug":"in-the-press","status":"publish","type":"page","link":"https:\/\/protejacanillas.org\/es\/in-the-press\/","title":{"rendered":"En la prensa"},"content":{"rendered":"<div data-elementor-type=\"wp-page\" data-elementor-id=\"749\" class=\"elementor elementor-749\">\n\t\t\t\t<div class=\"elementor-element elementor-element-6d7beb1 e-flex e-con-boxed e-con e-parent\" data-id=\"6d7beb1\" data-element_type=\"container\" data-e-type=\"container\">\n\t\t\t\t\t<div class=\"e-con-inner\">\n\t\t\t\t<div class=\"elementor-element elementor-element-0b8e171 elementor-widget elementor-widget-heading\" data-id=\"0b8e171\" data-element_type=\"widget\" data-e-type=\"widget\" data-widget_type=\"heading.default\">\n\t\t\t\t<div class=\"elementor-widget-container\">\n\t\t\t\t\t<h2 class=\"elementor-heading-title elementor-size-default\">Nuestra protesta en la prensa<\/h2>\t\t\t\t<\/div>\n\t\t\t\t<\/div>\n\t\t\t\t\t<\/div>\n\t\t\t\t<\/div>\n\t\t<div class=\"elementor-element elementor-element-925ce0c e-flex e-con-boxed e-con e-parent\" data-id=\"925ce0c\" data-element_type=\"container\" data-e-type=\"container\">\n\t\t\t\t\t<div class=\"e-con-inner\">\n\t\t\t\t<div class=\"elementor-element elementor-element-d0dfc43 elementor-widget elementor-widget-text-editor\" data-id=\"d0dfc43\" data-element_type=\"widget\" data-e-type=\"widget\" data-widget_type=\"text-editor.default\">\n\t\t\t\t<div class=\"elementor-widget-container\">\n\t\t\t\t\t\t\t\t\t<p class=\"v-a-t\"><a href=\"https:\/\/www.diariosur.es\/axarquia\/ayuntamiento-suma-rechazo-vecinal-proyecto-complejo-reciclaje-20241210143044-nt.html\">SUR 11-12-2024\u00a0<\/a> El Ayuntamiento se suma al rechazo vecinal al proyecto de un complejo de reciclaje en Canillas de Aceituno SE NECESITA SUSCRIPCI\u00d3N \/ The City Council joins the opposition of residents to the project of a recycling complex in Canillas de Aceituno SUBSCRIPTION NEEDED<\/p>\t\t\t\t\t\t\t\t<\/div>\n\t\t\t\t<\/div>\n\t\t\t\t\t<\/div>\n\t\t\t\t<\/div>\n\t\t<div class=\"elementor-element elementor-element-890bf28 e-flex e-con-boxed e-con e-parent\" data-id=\"890bf28\" data-element_type=\"container\" data-e-type=\"container\">\n\t\t\t\t\t<div class=\"e-con-inner\">\n\t\t\t\t<div class=\"elementor-element elementor-element-25b5854 elementor-widget elementor-widget-text-editor\" data-id=\"25b5854\" data-element_type=\"widget\" data-e-type=\"widget\" data-widget_type=\"text-editor.default\">\n\t\t\t\t<div class=\"elementor-widget-container\">\n\t\t\t\t\t\t\t\t\t<p><a href=\"https:\/\/www.surinenglish.com\/malaga\/axarquia\/mayor-would-reject-plans-for-recycling-complex-20241210093109-nt.html\">SUR in English 11-12-2024\u00a0<\/a> El alcalde \u201crechazar\u00eda\u201d los planes para construir un complejo de reciclaje cerca de una popular atracci\u00f3n tur\u00edstica de M\u00e1laga<\/p>\t\t\t\t\t\t\t\t<\/div>\n\t\t\t\t<\/div>\n\t\t\t\t\t<\/div>\n\t\t\t\t<\/div>\n\t\t<div class=\"elementor-element elementor-element-c838f17 e-flex e-con-boxed e-con e-parent\" data-id=\"c838f17\" data-element_type=\"container\" data-e-type=\"container\">\n\t\t\t\t\t<div class=\"e-con-inner\">\n\t\t\t\t<div class=\"elementor-element elementor-element-fa7a229 elementor-widget elementor-widget-text-editor\" data-id=\"fa7a229\" data-element_type=\"widget\" data-e-type=\"widget\" data-widget_type=\"text-editor.default\">\n\t\t\t\t<div class=\"elementor-widget-container\">\n\t\t\t\t\t\t\t\t\t<p><a href=\"https:\/\/euroweeklynews.com\/2024\/11\/29\/no-to-landfill-site\/\">Euronews 4-12-2024<\/a> \u00a1No al vertedero!<\/p>\t\t\t\t\t\t\t\t<\/div>\n\t\t\t\t<\/div>\n\t\t\t\t\t<\/div>\n\t\t\t\t<\/div>\n\t\t<div class=\"elementor-element elementor-element-24ad383 e-flex e-con-boxed e-con e-parent\" data-id=\"24ad383\" data-element_type=\"container\" data-e-type=\"container\">\n\t\t\t\t\t<div class=\"e-con-inner\">\n\t\t\t\t<div class=\"elementor-element elementor-element-b43098a elementor-widget elementor-widget-text-editor\" data-id=\"b43098a\" data-element_type=\"widget\" data-e-type=\"widget\" data-widget_type=\"text-editor.default\">\n\t\t\t\t<div class=\"elementor-widget-container\">\n\t\t\t\t\t\t\t\t\t<p><a href=\"https:\/\/www.spanjevandaag.com\/29\/11\/2024\/bijna-duizend-handtekeningen-tegen-gepland-recyclagecomplex-in-canillas-de-aceituno\/\">Spanje vandaag\u00a0 29-11-2024<\/a> Casi mil firmas contra el proyecto de un complejo limpio en Canillas de Aceituno<\/p>\t\t\t\t\t\t\t\t<\/div>\n\t\t\t\t<\/div>\n\t\t\t\t\t<\/div>\n\t\t\t\t<\/div>\n\t\t<div class=\"elementor-element elementor-element-9f970e7 e-flex e-con-boxed e-con e-parent\" data-id=\"9f970e7\" data-element_type=\"container\" data-e-type=\"container\">\n\t\t\t\t\t<div class=\"e-con-inner\">\n\t\t\t\t<div class=\"elementor-element elementor-element-3cb78f5 elementor-widget elementor-widget-text-editor\" data-id=\"3cb78f5\" data-element_type=\"widget\" data-e-type=\"widget\" data-widget_type=\"text-editor.default\">\n\t\t\t\t<div class=\"elementor-widget-container\">\n\t\t\t\t\t\t\t\t\t<p><a href=\"https:\/\/www.theseasidegazette.com\/2024\/11\/111022\/reader-huge-landfill\/\">Seaside Gazette Costa Del Sol 28-11-2024<\/a>\u00a0 Se ha presentado a la Junta un proyecto para construir un enorme vertedero y centro de reciclaje de residuos que llenar\u00e1 nuestros hermosos valles y provocar\u00e1 un da\u00f1o ambiental incalculable.<\/p>\t\t\t\t\t\t\t\t<\/div>\n\t\t\t\t<\/div>\n\t\t\t\t\t<\/div>\n\t\t\t\t<\/div>\n\t\t<div class=\"elementor-element elementor-element-786a741 e-flex e-con-boxed e-con e-parent\" data-id=\"786a741\" data-element_type=\"container\" data-e-type=\"container\">\n\t\t\t\t\t<div class=\"e-con-inner\">\n\t\t\t\t<div class=\"elementor-element elementor-element-7c6e13b elementor-widget elementor-widget-text-editor\" data-id=\"7c6e13b\" data-element_type=\"widget\" data-e-type=\"widget\" data-widget_type=\"text-editor.default\">\n\t\t\t\t<div class=\"elementor-widget-container\">\n\t\t\t\t\t\t\t\t\t<p><a href=\"https:\/\/protejacanillas.org\/wp-content\/uploads\/2024\/11\/Malaga-hoy-26-11-2024.docx\">M\u00e1laga hoy &#8211; 26-11-2024<\/a>: Casi un millar de firmas en contra de un complejo de reciclaje en Canillas de Aceituno (art\u00edculo de Ignacio Mart\u00edn) \/ Almost a thousand signatures against a recycling complex in Canillas de Aceituno (article by Ignacio Mart\u00edn)<\/p>\t\t\t\t\t\t\t\t<\/div>\n\t\t\t\t<\/div>\n\t\t\t\t<div class=\"elementor-element elementor-element-6a49f6f elementor-widget elementor-widget-text-editor\" data-id=\"6a49f6f\" data-element_type=\"widget\" data-e-type=\"widget\" data-widget_type=\"text-editor.default\">\n\t\t\t\t<div class=\"elementor-widget-container\">\n\t\t\t\t\t\t\t\t\t<p><a href=\"https:\/\/protejacanillas.org\/wp-content\/uploads\/2024\/11\/Articulo-en-el-Sur-25-11-2024.docx\">SUR &#8211; 25-11-2024<\/a>: Movilizaci\u00f3n vecinal en contra del proyecto de un complejo de reciclaje en Canillas de Aceituno (art\u00edculo de Eugenio Cabezas)\u00a0 \/\u00a0 Neighbourhood mobilisation against the project of a recycling complex in Canillas de Aceituno (article by Eugenio Cabezas)<\/p>\t\t\t\t\t\t\t\t<\/div>\n\t\t\t\t<\/div>\n\t\t\t\t<div class=\"elementor-element elementor-element-1adbe30 elementor-widget elementor-widget-text-editor\" data-id=\"1adbe30\" data-element_type=\"widget\" data-e-type=\"widget\" data-widget_type=\"text-editor.default\">\n\t\t\t\t<div class=\"elementor-widget-container\">\n\t\t\t\t\t\t\t\t\t<p><a href=\"https:\/\/protejacanillas.org\/wp-content\/uploads\/2024\/11\/SUR-in-English-25-11-2024.docx\">SUR in English &#8211; 25-11-2024<\/a>:Los residentes se oponen a los planes para construir un centro de reciclaje y vertedero cerca de atracciones tur\u00edsticas populares (art\u00edculo de Jennie Rhodes \/ Tony Bryant)<\/p>\t\t\t\t\t\t\t\t<\/div>\n\t\t\t\t<\/div>\n\t\t\t\t\t<\/div>\n\t\t\t\t<\/div>\n\t\t<div class=\"elementor-element elementor-element-8e4dc31 e-flex e-con-boxed e-con e-parent\" data-id=\"8e4dc31\" data-element_type=\"container\" data-e-type=\"container\">\n\t\t\t\t\t<div class=\"e-con-inner\">\n\t\t\t\t<div class=\"elementor-element elementor-element-8180418 elementor-widget elementor-widget-text-editor\" data-id=\"8180418\" data-element_type=\"widget\" data-e-type=\"widget\" data-widget_type=\"text-editor.default\">\n\t\t\t\t<div class=\"elementor-widget-container\">\n\t\t\t\t\t\t\t\t\t<p><a href=\"https:\/\/protejacanillas.org\/wp-content\/uploads\/2024\/11\/SUR-21-11-2024.pdf\">Sur 21-11-2024<\/a>: Inversiones privados proyectan un complejo ambiental para el reciclaje en Canillas de Aceituno \/\u00a0 Private investors plan an environmental complex for recycling in Canillas de Aceituno<\/p>\t\t\t\t\t\t\t\t<\/div>\n\t\t\t\t<\/div>\n\t\t\t\t\t<\/div>\n\t\t\t\t<\/div>\n\t\t<div class=\"elementor-element elementor-element-1513e48 e-flex e-con-boxed e-con e-parent\" data-id=\"1513e48\" data-element_type=\"container\" data-e-type=\"container\">\n\t\t\t\t\t<div class=\"e-con-inner\">\n\t\t\t\t<div class=\"elementor-element elementor-element-a8ca7be e-grid-align-left elementor-shape-rounded elementor-grid-0 elementor-widget elementor-widget-social-icons\" data-id=\"a8ca7be\" data-element_type=\"widget\" data-e-type=\"widget\" data-widget_type=\"social-icons.default\">\n\t\t\t\t<div class=\"elementor-widget-container\">\n\t\t\t\t\t\t\t<div class=\"elementor-social-icons-wrapper elementor-grid\">\n\t\t\t\t\t\t\t<span class=\"elementor-grid-item\">\n\t\t\t\t\t<a class=\"elementor-icon elementor-social-icon elementor-social-icon-facebook elementor-repeater-item-9320a87\" href=\"https:\/\/www.facebook.com\/profile.php?id=61568775642897\" target=\"_blank\">\n\t\t\t\t\t\t<span class=\"elementor-screen-only\">Facebook<\/span>\n\t\t\t\t\t\t<svg aria-hidden=\"true\" class=\"e-font-icon-svg e-fab-facebook\" viewbox=\"0 0 512 512\" xmlns=\"http:\/\/www.w3.org\/2000\/svg\"><path d=\"M504 256C504 119 393 8 256 8S8 119 8 256c0 123.78 90.69 226.38 209.25 245V327.69h-63V256h63v-54.64c0-62.15 37-96.48 93.67-96.48 27.14 0 55.52 4.84 55.52 4.84v61h-31.28c-30.8 0-40.41 19.12-40.41 38.73V256h68.78l-11 71.69h-57.78V501C413.31 482.38 504 379.78 504 256z\"><\/path><\/svg>\t\t\t\t\t<\/a>\n\t\t\t\t<\/span>\n\t\t\t\t\t<\/div>\n\t\t\t\t\t\t<\/div>\n\t\t\t\t<\/div>\n\t\t\t\t\t<\/div>\n\t\t\t\t<\/div>\n\t\t<div class=\"elementor-element elementor-element-03f515a e-flex e-con-boxed e-con e-parent\" data-id=\"03f515a\" data-element_type=\"container\" data-e-type=\"container\">\n\t\t\t\t\t<div class=\"e-con-inner\">\n\t\t\t\t\t<\/div>\n\t\t\t\t<\/div>\n\t\t<div class=\"elementor-element elementor-element-d7a361e e-flex e-con-boxed e-con e-parent\" data-id=\"d7a361e\" data-element_type=\"container\" data-e-type=\"container\">\n\t\t\t\t\t<div class=\"e-con-inner\">\n\t\t\t\t<div class=\"elementor-element elementor-element-abe7d9b elementor-widget elementor-widget-copyright\" data-id=\"abe7d9b\" data-element_type=\"widget\" data-e-type=\"widget\" data-widget_type=\"copyright.default\">\n\t\t\t\t<div class=\"elementor-widget-container\">\n\t\t\t\t\t\t\t<div class=\"hfe-copyright-wrapper\">\n\t\t\t\t\t\t\t<span>Copyright \u00a9 2026 Protejacanillas | Powered by Protejacanillas<\/span>\n\t\t\t\t\t<\/div>\n\t\t\t\t\t\t<\/div>\n\t\t\t\t<\/div>\n\t\t\t\t\t<\/div>\n\t\t\t\t<\/div>\n\t\t<div class=\"elementor-element elementor-element-d67f8b7 e-flex e-con-boxed e-con e-parent\" data-id=\"d67f8b7\" data-element_type=\"container\" data-e-type=\"container\">\n\t\t\t\t\t<div class=\"e-con-inner\">\n\t\t\t\t\t<\/div>\n\t\t\t\t<\/div>\n\t\t\t\t<\/div>","protected":false},"excerpt":{"rendered":"<p>Our protest in the Press SUR 11-12-2024\u00a0 El Ayuntamiento se suma al rechazo vecinal al proyecto de un complejo de reciclaje en Canillas de Aceituno SE NECESITA SUSCRIPCI\u00d3N \/ The City Council joins the opposition of residents to the project of a recycling complex in Canillas de Aceituno SUBSCRIPTION NEEDED SUR in English 11-12-2024\u00a0 Mayor [&hellip;]<\/p>\n","protected":false},"author":2,"featured_media":0,"parent":0,"menu_order":3,"comment_status":"closed","ping_status":"closed","template":"","meta":{"nf_dc_page":"","_monsterinsights_skip_tracking":false,"_monsterinsights_sitenote_active":false,"_monsterinsights_sitenote_note":"","_monsterinsights_sitenote_category":0,"footnotes":""},"class_list":["post-749","page","type-page","status-publish","hentry"],"yoast_head":"<!-- This site is optimized with the Yoast SEO plugin v27.4 - https:\/\/yoast.com\/product\/yoast-seo-wordpress\/ -->\n<title>In the Press - Protejacanillas<\/title>\n<meta name=\"robots\" content=\"index, follow, max-snippet:-1, max-image-preview:large, max-video-preview:-1\" \/>\n<link rel=\"canonical\" href=\"https:\/\/protejacanillas.org\/es\/in-the-press\/\" \/>\n<meta property=\"og:locale\" content=\"es_ES\" \/>\n<meta property=\"og:type\" content=\"article\" \/>\n<meta property=\"og:title\" content=\"In the Press - Protejacanillas\" \/>\n<meta property=\"og:description\" content=\"Our protest in the Press SUR 11-12-2024\u00a0 El Ayuntamiento se suma al rechazo vecinal al proyecto de un complejo de reciclaje en Canillas de Aceituno SE NECESITA SUSCRIPCI\u00d3N \/ The City Council joins the opposition of residents to the project of a recycling complex in Canillas de Aceituno SUBSCRIPTION NEEDED SUR in English 11-12-2024\u00a0 Mayor [&hellip;]\" \/>\n<meta property=\"og:url\" content=\"https:\/\/protejacanillas.org\/es\/in-the-press\/\" \/>\n<meta property=\"og:site_name\" content=\"Protejacanillas\" \/>\n<meta property=\"article:modified_time\" content=\"2024-12-11T16:44:31+00:00\" \/>\n<meta name=\"twitter:card\" content=\"summary_large_image\" \/>\n<meta name=\"twitter:label1\" content=\"Tiempo de lectura\" \/>\n\t<meta name=\"twitter:data1\" content=\"2 minutos\" \/>\n<script type=\"application\/ld+json\" class=\"yoast-schema-graph\">{\"@context\":\"https:\\\/\\\/schema.org\",\"@graph\":[{\"@type\":\"WebPage\",\"@id\":\"https:\\\/\\\/protejacanillas.org\\\/in-the-press\\\/\",\"url\":\"https:\\\/\\\/protejacanillas.org\\\/in-the-press\\\/\",\"name\":\"In the Press - Protejacanillas\",\"isPartOf\":{\"@id\":\"https:\\\/\\\/protejacanillas.org\\\/#website\"},\"datePublished\":\"2024-11-26T15:46:50+00:00\",\"dateModified\":\"2024-12-11T16:44:31+00:00\",\"breadcrumb\":{\"@id\":\"https:\\\/\\\/protejacanillas.org\\\/in-the-press\\\/#breadcrumb\"},\"inLanguage\":\"es\",\"potentialAction\":[{\"@type\":\"ReadAction\",\"target\":[\"https:\\\/\\\/protejacanillas.org\\\/in-the-press\\\/\"]}]},{\"@type\":\"BreadcrumbList\",\"@id\":\"https:\\\/\\\/protejacanillas.org\\\/in-the-press\\\/#breadcrumb\",\"itemListElement\":[{\"@type\":\"ListItem\",\"position\":1,\"name\":\"Home\",\"item\":\"https:\\\/\\\/protejacanillas.org\\\/\"},{\"@type\":\"ListItem\",\"position\":2,\"name\":\"In the Press\"}]},{\"@type\":\"WebSite\",\"@id\":\"https:\\\/\\\/protejacanillas.org\\\/#website\",\"url\":\"https:\\\/\\\/protejacanillas.org\\\/\",\"name\":\"Protejacanillas\",\"description\":\"\",\"publisher\":{\"@id\":\"https:\\\/\\\/protejacanillas.org\\\/#organization\"},\"potentialAction\":[{\"@type\":\"SearchAction\",\"target\":{\"@type\":\"EntryPoint\",\"urlTemplate\":\"https:\\\/\\\/protejacanillas.org\\\/?s={search_term_string}\"},\"query-input\":{\"@type\":\"PropertyValueSpecification\",\"valueRequired\":true,\"valueName\":\"search_term_string\"}}],\"inLanguage\":\"es\"},{\"@type\":\"Organization\",\"@id\":\"https:\\\/\\\/protejacanillas.org\\\/#organization\",\"name\":\"Protejacanillas\",\"url\":\"https:\\\/\\\/protejacanillas.org\\\/\",\"logo\":{\"@type\":\"ImageObject\",\"inLanguage\":\"es\",\"@id\":\"https:\\\/\\\/protejacanillas.org\\\/#\\\/schema\\\/logo\\\/image\\\/\",\"url\":\"https:\\\/\\\/protejacanillas.org\\\/wp-content\\\/uploads\\\/2024\\\/11\\\/valley-to-be-filled-1.jpg\",\"contentUrl\":\"https:\\\/\\\/protejacanillas.org\\\/wp-content\\\/uploads\\\/2024\\\/11\\\/valley-to-be-filled-1.jpg\",\"width\":1600,\"height\":1200,\"caption\":\"Protejacanillas\"},\"image\":{\"@id\":\"https:\\\/\\\/protejacanillas.org\\\/#\\\/schema\\\/logo\\\/image\\\/\"}}]}<\/script>\n<!-- \/ Yoast SEO plugin. -->","yoast_head_json":{"title":"In the Press - Protejacanillas","robots":{"index":"index","follow":"follow","max-snippet":"max-snippet:-1","max-image-preview":"max-image-preview:large","max-video-preview":"max-video-preview:-1"},"canonical":"https:\/\/protejacanillas.org\/es\/in-the-press\/","og_locale":"es_ES","og_type":"article","og_title":"In the Press - Protejacanillas","og_description":"Our protest in the Press SUR 11-12-2024\u00a0 El Ayuntamiento se suma al rechazo vecinal al proyecto de un complejo de reciclaje en Canillas de Aceituno SE NECESITA SUSCRIPCI\u00d3N \/ The City Council joins the opposition of residents to the project of a recycling complex in Canillas de Aceituno SUBSCRIPTION NEEDED SUR in English 11-12-2024\u00a0 Mayor [&hellip;]","og_url":"https:\/\/protejacanillas.org\/es\/in-the-press\/","og_site_name":"Protejacanillas","article_modified_time":"2024-12-11T16:44:31+00:00","twitter_card":"summary_large_image","twitter_misc":{"Tiempo de lectura":"2 minutos"},"schema":{"@context":"https:\/\/schema.org","@graph":[{"@type":"WebPage","@id":"https:\/\/protejacanillas.org\/in-the-press\/","url":"https:\/\/protejacanillas.org\/in-the-press\/","name":"In the Press - Protejacanillas","isPartOf":{"@id":"https:\/\/protejacanillas.org\/#website"},"datePublished":"2024-11-26T15:46:50+00:00","dateModified":"2024-12-11T16:44:31+00:00","breadcrumb":{"@id":"https:\/\/protejacanillas.org\/in-the-press\/#breadcrumb"},"inLanguage":"es","potentialAction":[{"@type":"ReadAction","target":["https:\/\/protejacanillas.org\/in-the-press\/"]}]},{"@type":"BreadcrumbList","@id":"https:\/\/protejacanillas.org\/in-the-press\/#breadcrumb","itemListElement":[{"@type":"ListItem","position":1,"name":"Home","item":"https:\/\/protejacanillas.org\/"},{"@type":"ListItem","position":2,"name":"In the Press"}]},{"@type":"WebSite","@id":"https:\/\/protejacanillas.org\/#website","url":"https:\/\/protejacanillas.org\/","name":"Protejacanillas","description":"","publisher":{"@id":"https:\/\/protejacanillas.org\/#organization"},"potentialAction":[{"@type":"SearchAction","target":{"@type":"EntryPoint","urlTemplate":"https:\/\/protejacanillas.org\/?s={search_term_string}"},"query-input":{"@type":"PropertyValueSpecification","valueRequired":true,"valueName":"search_term_string"}}],"inLanguage":"es"},{"@type":"Organization","@id":"https:\/\/protejacanillas.org\/#organization","name":"Protejacanillas","url":"https:\/\/protejacanillas.org\/","logo":{"@type":"ImageObject","inLanguage":"es","@id":"https:\/\/protejacanillas.org\/#\/schema\/logo\/image\/","url":"https:\/\/protejacanillas.org\/wp-content\/uploads\/2024\/11\/valley-to-be-filled-1.jpg","contentUrl":"https:\/\/protejacanillas.org\/wp-content\/uploads\/2024\/11\/valley-to-be-filled-1.jpg","width":1600,"height":1200,"caption":"Protejacanillas"},"image":{"@id":"https:\/\/protejacanillas.org\/#\/schema\/logo\/image\/"}}]}},"_links":{"self":[{"href":"https:\/\/protejacanillas.org\/es\/wp-json\/wp\/v2\/pages\/749","targetHints":{"allow":["GET"]}}],"collection":[{"href":"https:\/\/protejacanillas.org\/es\/wp-json\/wp\/v2\/pages"}],"about":[{"href":"https:\/\/protejacanillas.org\/es\/wp-json\/wp\/v2\/types\/page"}],"author":[{"embeddable":true,"href":"https:\/\/protejacanillas.org\/es\/wp-json\/wp\/v2\/users\/2"}],"replies":[{"embeddable":true,"href":"https:\/\/protejacanillas.org\/es\/wp-json\/wp\/v2\/comments?post=749"}],"version-history":[{"count":20,"href":"https:\/\/protejacanillas.org\/es\/wp-json\/wp\/v2\/pages\/749\/revisions"}],"predecessor-version":[{"id":1157,"href":"https:\/\/protejacanillas.org\/es\/wp-json\/wp\/v2\/pages\/749\/revisions\/1157"}],"wp:attachment":[{"href":"https:\/\/protejacanillas.org\/es\/wp-json\/wp\/v2\/media?parent=749"}],"curies":[{"name":"wp","href":"https:\/\/api.w.org\/{rel}","templated":true}]}}