{"id":345,"date":"2024-11-22T09:54:27","date_gmt":"2024-11-22T08:54:27","guid":{"rendered":"https:\/\/protejacanillas.org\/?page_id=345"},"modified":"2024-12-09T11:57:19","modified_gmt":"2024-12-09T10:57:19","slug":"documents","status":"publish","type":"page","link":"https:\/\/protejacanillas.org\/es\/documents\/","title":{"rendered":"Documentos"},"content":{"rendered":"<div data-elementor-type=\"wp-page\" data-elementor-id=\"345\" class=\"elementor elementor-345\">\n\t\t\t\t<div class=\"elementor-element elementor-element-5bfa0a4 e-flex e-con-boxed e-con e-parent\" data-id=\"5bfa0a4\" data-element_type=\"container\" data-e-type=\"container\">\n\t\t\t\t\t<div class=\"e-con-inner\">\n\t\t\t\t<div class=\"elementor-element elementor-element-74a3efd elementor-widget elementor-widget-heading\" data-id=\"74a3efd\" data-element_type=\"widget\" data-e-type=\"widget\" data-widget_type=\"heading.default\">\n\t\t\t\t<div class=\"elementor-widget-container\">\n\t\t\t\t\t<h2 class=\"elementor-heading-title elementor-size-default\">Documentos y enlaces<\/h2>\t\t\t\t<\/div>\n\t\t\t\t<\/div>\n\t\t\t\t<div class=\"elementor-element elementor-element-e46fd35 elementor-widget elementor-widget-text-editor\" data-id=\"e46fd35\" data-element_type=\"widget\" data-e-type=\"widget\" data-widget_type=\"text-editor.default\">\n\t\t\t\t<div class=\"elementor-widget-container\">\n\t\t\t\t\t\t\t\t\t<p>Estos son algunos de los documentos de referencia que quiz\u00e1 le interese leer.<\/p>\t\t\t\t\t\t\t\t<\/div>\n\t\t\t\t<\/div>\n\t\t\t\t\t<\/div>\n\t\t\t\t<\/div>\n\t\t<div class=\"elementor-element elementor-element-e2e8657 e-con-full e-flex e-con e-parent\" data-id=\"e2e8657\" data-element_type=\"container\" data-e-type=\"container\">\n\t\t\t\t<div class=\"elementor-element elementor-element-07132bb elementor-widget elementor-widget-text-editor\" data-id=\"07132bb\" data-element_type=\"widget\" data-e-type=\"widget\" data-widget_type=\"text-editor.default\">\n\t\t\t\t<div class=\"elementor-widget-container\">\n\t\t\t\t\t\t\t\t\t<p><b>PSOE &#8211; INFORMATION<\/b> about the project to install a waste collection and recycling supplement in Canillas de Aceituno <a href=\"https:\/\/protejacanillas.org\/wp-content\/uploads\/2024\/12\/Informacion_PSOE_sobre_el_Centro_de_Residuos_Canillas_de_Aceituno1.pdf\">espa\u00f1ol<\/a> y <a href=\"https:\/\/protejacanillas.org\/wp-content\/uploads\/2024\/12\/INFORMATION-PSOE-EN.pdf\">ingl\u00e9s<\/a> Version<\/p>\n<p><a href=\"https:\/\/protejacanillas.org\/wp-content\/uploads\/2024\/11\/03-Proyecto-de-actuacion_SF.pdf\">Proyecto Actuaci\u00f3n<\/a> &#8211; only available in Spanish.\u00a0 Full architectural details of the proposed waste recycling.<\/p>\n<p><a href=\"https:\/\/protejacanillas.org\/wp-content\/uploads\/2024\/11\/BOJA24-217-00002-53389-01_00310339.pdf\">BOJA<\/a> - s\u00f3lo disponible en espa\u00f1ol.  Anuncio de la Junta sobre la presentaci\u00f3n del proyecto.<\/p>\n<p>Una p\u00e1gina <strong>descripci\u00f3n del proyecto y de nuestra protesta<\/strong> en <a href=\"https:\/\/protejacanillas.org\/wp-content\/uploads\/2024\/11\/one-page-revised-es.pdf\">espa\u00f1ol<\/a> y <a href=\"https:\/\/protejacanillas.org\/wp-content\/uploads\/2024\/11\/one-pager-en-1-1.pdf\">ingl\u00e9s<\/a>.<\/p>\n<p><strong>Comunicados de prensa<br \/><\/strong>20-11-2024 in <a href=\"https:\/\/protejacanillas.org\/wp-content\/uploads\/2024\/11\/Comunicado-de-prensa-4.pdf\">espa\u00f1ol<\/a> y <a href=\"https:\/\/protejacanillas.org\/wp-content\/uploads\/2024\/11\/Press-release-for-immediate-use-4.pdf\">ingl\u00e9s<\/a><br \/>6-12-2024 in <a href=\"https:\/\/protejacanillas.org\/wp-content\/uploads\/2024\/12\/Prensa-6-12-2024.pdf\">espa\u00f1ol<\/a> y <a href=\"https:\/\/protejacanillas.org\/wp-content\/uploads\/2024\/12\/Press-release-6-dec-1.pdf\">ingl\u00e9s<\/a><\/p>\t\t\t\t\t\t\t\t<\/div>\n\t\t\t\t<\/div>\n\t\t\t\t<\/div>\n\t\t<div class=\"elementor-element elementor-element-9c0a29c e-flex e-con-boxed e-con e-parent\" data-id=\"9c0a29c\" data-element_type=\"container\" data-e-type=\"container\">\n\t\t\t\t\t<div class=\"e-con-inner\">\n\t\t\t\t\t<\/div>\n\t\t\t\t<\/div>\n\t\t<div class=\"elementor-element elementor-element-cadcf5a e-flex e-con-boxed e-con e-parent\" data-id=\"cadcf5a\" data-element_type=\"container\" data-e-type=\"container\">\n\t\t\t\t\t<div class=\"e-con-inner\">\n\t\t\t\t\t<\/div>\n\t\t\t\t<\/div>\n\t\t<div class=\"elementor-element elementor-element-606189a4 e-grid e-con-boxed e-con e-parent\" data-id=\"606189a4\" data-element_type=\"container\" data-e-type=\"container\">\n\t\t\t\t\t<div class=\"e-con-inner\">\n\t\t\t\t<div class=\"elementor-element elementor-element-31be8dcf e-grid-align-left elementor-shape-rounded elementor-grid-0 elementor-widget elementor-widget-social-icons\" data-id=\"31be8dcf\" data-element_type=\"widget\" data-e-type=\"widget\" data-widget_type=\"social-icons.default\">\n\t\t\t\t<div class=\"elementor-widget-container\">\n\t\t\t\t\t\t\t<div class=\"elementor-social-icons-wrapper elementor-grid\">\n\t\t\t\t\t\t\t<span class=\"elementor-grid-item\">\n\t\t\t\t\t<a class=\"elementor-icon elementor-social-icon elementor-social-icon-facebook elementor-repeater-item-9320a87\" href=\"https:\/\/www.facebook.com\/profile.php?id=61568775642897\" target=\"_blank\">\n\t\t\t\t\t\t<span class=\"elementor-screen-only\">Facebook<\/span>\n\t\t\t\t\t\t<svg aria-hidden=\"true\" class=\"e-font-icon-svg e-fab-facebook\" viewbox=\"0 0 512 512\" xmlns=\"http:\/\/www.w3.org\/2000\/svg\"><path d=\"M504 256C504 119 393 8 256 8S8 119 8 256c0 123.78 90.69 226.38 209.25 245V327.69h-63V256h63v-54.64c0-62.15 37-96.48 93.67-96.48 27.14 0 55.52 4.84 55.52 4.84v61h-31.28c-30.8 0-40.41 19.12-40.41 38.73V256h68.78l-11 71.69h-57.78V501C413.31 482.38 504 379.78 504 256z\"><\/path><\/svg>\t\t\t\t\t<\/a>\n\t\t\t\t<\/span>\n\t\t\t\t\t<\/div>\n\t\t\t\t\t\t<\/div>\n\t\t\t\t<\/div>\n\t\t\t\t\t<\/div>\n\t\t\t\t<\/div>\n\t\t<div class=\"elementor-element elementor-element-f8742ae e-flex e-con-boxed e-con e-parent\" data-id=\"f8742ae\" data-element_type=\"container\" data-e-type=\"container\">\n\t\t\t\t\t<div class=\"e-con-inner\">\n\t\t\t\t\t<\/div>\n\t\t\t\t<\/div>\n\t\t<div class=\"elementor-element elementor-element-eac1564 e-flex e-con-boxed e-con e-parent\" data-id=\"eac1564\" data-element_type=\"container\" data-e-type=\"container\">\n\t\t\t\t\t<div class=\"e-con-inner\">\n\t\t\t\t<div class=\"elementor-element elementor-element-c5075f4 elementor-widget elementor-widget-copyright\" data-id=\"c5075f4\" data-element_type=\"widget\" data-e-type=\"widget\" data-widget_type=\"copyright.default\">\n\t\t\t\t<div class=\"elementor-widget-container\">\n\t\t\t\t\t\t\t<div class=\"hfe-copyright-wrapper\">\n\t\t\t\t\t\t\t<span>Copyright \u00a9 2026 Protejacanillas | Powered by Protejacanillas<\/span>\n\t\t\t\t\t<\/div>\n\t\t\t\t\t\t<\/div>\n\t\t\t\t<\/div>\n\t\t\t\t\t<\/div>\n\t\t\t\t<\/div>\n\t\t\t\t<\/div>","protected":false},"excerpt":{"rendered":"<p>Documents and links Here are some of the background documents you may be interested to read for yourself. PSOE &#8211; INFORMATION about the project to install a waste collection and recycling supplement in Canillas de Aceituno Spanish and English Version Proyecto Actuaci\u00f3n &#8211; only available in Spanish.\u00a0 Full architectural details of the proposed waste recycling. [&hellip;]<\/p>\n","protected":false},"author":1,"featured_media":0,"parent":0,"menu_order":0,"comment_status":"closed","ping_status":"closed","template":"","meta":{"nf_dc_page":"","_monsterinsights_skip_tracking":false,"_monsterinsights_sitenote_active":false,"_monsterinsights_sitenote_note":"","_monsterinsights_sitenote_category":0,"footnotes":""},"class_list":["post-345","page","type-page","status-publish","hentry"],"yoast_head":"<!-- This site is optimized with the Yoast SEO plugin v27.4 - https:\/\/yoast.com\/product\/yoast-seo-wordpress\/ -->\n<title>Documents - Protejacanillas<\/title>\n<meta name=\"robots\" content=\"index, follow, max-snippet:-1, max-image-preview:large, max-video-preview:-1\" \/>\n<link rel=\"canonical\" href=\"https:\/\/protejacanillas.org\/es\/documents\/\" \/>\n<meta property=\"og:locale\" content=\"es_ES\" \/>\n<meta property=\"og:type\" content=\"article\" \/>\n<meta property=\"og:title\" content=\"Documents - Protejacanillas\" \/>\n<meta property=\"og:description\" content=\"Documents and links Here are some of the background documents you may be interested to read for yourself. PSOE &#8211; INFORMATION about the project to install a waste collection and recycling supplement in Canillas de Aceituno Spanish and English Version Proyecto Actuaci\u00f3n &#8211; only available in Spanish.\u00a0 Full architectural details of the proposed waste recycling. [&hellip;]\" \/>\n<meta property=\"og:url\" content=\"https:\/\/protejacanillas.org\/es\/documents\/\" \/>\n<meta property=\"og:site_name\" content=\"Protejacanillas\" \/>\n<meta property=\"article:modified_time\" content=\"2024-12-09T10:57:19+00:00\" \/>\n<meta name=\"twitter:card\" content=\"summary_large_image\" \/>\n<meta name=\"twitter:label1\" content=\"Tiempo de lectura\" \/>\n\t<meta name=\"twitter:data1\" content=\"1 minuto\" \/>\n<script type=\"application\/ld+json\" class=\"yoast-schema-graph\">{\"@context\":\"https:\\\/\\\/schema.org\",\"@graph\":[{\"@type\":\"WebPage\",\"@id\":\"https:\\\/\\\/protejacanillas.org\\\/documents\\\/\",\"url\":\"https:\\\/\\\/protejacanillas.org\\\/documents\\\/\",\"name\":\"Documents - Protejacanillas\",\"isPartOf\":{\"@id\":\"https:\\\/\\\/protejacanillas.org\\\/#website\"},\"datePublished\":\"2024-11-22T08:54:27+00:00\",\"dateModified\":\"2024-12-09T10:57:19+00:00\",\"breadcrumb\":{\"@id\":\"https:\\\/\\\/protejacanillas.org\\\/documents\\\/#breadcrumb\"},\"inLanguage\":\"es\",\"potentialAction\":[{\"@type\":\"ReadAction\",\"target\":[\"https:\\\/\\\/protejacanillas.org\\\/documents\\\/\"]}]},{\"@type\":\"BreadcrumbList\",\"@id\":\"https:\\\/\\\/protejacanillas.org\\\/documents\\\/#breadcrumb\",\"itemListElement\":[{\"@type\":\"ListItem\",\"position\":1,\"name\":\"Home\",\"item\":\"https:\\\/\\\/protejacanillas.org\\\/\"},{\"@type\":\"ListItem\",\"position\":2,\"name\":\"Documents\"}]},{\"@type\":\"WebSite\",\"@id\":\"https:\\\/\\\/protejacanillas.org\\\/#website\",\"url\":\"https:\\\/\\\/protejacanillas.org\\\/\",\"name\":\"Protejacanillas\",\"description\":\"\",\"publisher\":{\"@id\":\"https:\\\/\\\/protejacanillas.org\\\/#organization\"},\"potentialAction\":[{\"@type\":\"SearchAction\",\"target\":{\"@type\":\"EntryPoint\",\"urlTemplate\":\"https:\\\/\\\/protejacanillas.org\\\/?s={search_term_string}\"},\"query-input\":{\"@type\":\"PropertyValueSpecification\",\"valueRequired\":true,\"valueName\":\"search_term_string\"}}],\"inLanguage\":\"es\"},{\"@type\":\"Organization\",\"@id\":\"https:\\\/\\\/protejacanillas.org\\\/#organization\",\"name\":\"Protejacanillas\",\"url\":\"https:\\\/\\\/protejacanillas.org\\\/\",\"logo\":{\"@type\":\"ImageObject\",\"inLanguage\":\"es\",\"@id\":\"https:\\\/\\\/protejacanillas.org\\\/#\\\/schema\\\/logo\\\/image\\\/\",\"url\":\"https:\\\/\\\/protejacanillas.org\\\/wp-content\\\/uploads\\\/2024\\\/11\\\/valley-to-be-filled-1.jpg\",\"contentUrl\":\"https:\\\/\\\/protejacanillas.org\\\/wp-content\\\/uploads\\\/2024\\\/11\\\/valley-to-be-filled-1.jpg\",\"width\":1600,\"height\":1200,\"caption\":\"Protejacanillas\"},\"image\":{\"@id\":\"https:\\\/\\\/protejacanillas.org\\\/#\\\/schema\\\/logo\\\/image\\\/\"}}]}<\/script>\n<!-- \/ Yoast SEO plugin. -->","yoast_head_json":{"title":"Documents - Protejacanillas","robots":{"index":"index","follow":"follow","max-snippet":"max-snippet:-1","max-image-preview":"max-image-preview:large","max-video-preview":"max-video-preview:-1"},"canonical":"https:\/\/protejacanillas.org\/es\/documents\/","og_locale":"es_ES","og_type":"article","og_title":"Documents - Protejacanillas","og_description":"Documents and links Here are some of the background documents you may be interested to read for yourself. PSOE &#8211; INFORMATION about the project to install a waste collection and recycling supplement in Canillas de Aceituno Spanish and English Version Proyecto Actuaci\u00f3n &#8211; only available in Spanish.\u00a0 Full architectural details of the proposed waste recycling. [&hellip;]","og_url":"https:\/\/protejacanillas.org\/es\/documents\/","og_site_name":"Protejacanillas","article_modified_time":"2024-12-09T10:57:19+00:00","twitter_card":"summary_large_image","twitter_misc":{"Tiempo de lectura":"1 minuto"},"schema":{"@context":"https:\/\/schema.org","@graph":[{"@type":"WebPage","@id":"https:\/\/protejacanillas.org\/documents\/","url":"https:\/\/protejacanillas.org\/documents\/","name":"Documents - Protejacanillas","isPartOf":{"@id":"https:\/\/protejacanillas.org\/#website"},"datePublished":"2024-11-22T08:54:27+00:00","dateModified":"2024-12-09T10:57:19+00:00","breadcrumb":{"@id":"https:\/\/protejacanillas.org\/documents\/#breadcrumb"},"inLanguage":"es","potentialAction":[{"@type":"ReadAction","target":["https:\/\/protejacanillas.org\/documents\/"]}]},{"@type":"BreadcrumbList","@id":"https:\/\/protejacanillas.org\/documents\/#breadcrumb","itemListElement":[{"@type":"ListItem","position":1,"name":"Home","item":"https:\/\/protejacanillas.org\/"},{"@type":"ListItem","position":2,"name":"Documents"}]},{"@type":"WebSite","@id":"https:\/\/protejacanillas.org\/#website","url":"https:\/\/protejacanillas.org\/","name":"Protejacanillas","description":"","publisher":{"@id":"https:\/\/protejacanillas.org\/#organization"},"potentialAction":[{"@type":"SearchAction","target":{"@type":"EntryPoint","urlTemplate":"https:\/\/protejacanillas.org\/?s={search_term_string}"},"query-input":{"@type":"PropertyValueSpecification","valueRequired":true,"valueName":"search_term_string"}}],"inLanguage":"es"},{"@type":"Organization","@id":"https:\/\/protejacanillas.org\/#organization","name":"Protejacanillas","url":"https:\/\/protejacanillas.org\/","logo":{"@type":"ImageObject","inLanguage":"es","@id":"https:\/\/protejacanillas.org\/#\/schema\/logo\/image\/","url":"https:\/\/protejacanillas.org\/wp-content\/uploads\/2024\/11\/valley-to-be-filled-1.jpg","contentUrl":"https:\/\/protejacanillas.org\/wp-content\/uploads\/2024\/11\/valley-to-be-filled-1.jpg","width":1600,"height":1200,"caption":"Protejacanillas"},"image":{"@id":"https:\/\/protejacanillas.org\/#\/schema\/logo\/image\/"}}]}},"_links":{"self":[{"href":"https:\/\/protejacanillas.org\/es\/wp-json\/wp\/v2\/pages\/345","targetHints":{"allow":["GET"]}}],"collection":[{"href":"https:\/\/protejacanillas.org\/es\/wp-json\/wp\/v2\/pages"}],"about":[{"href":"https:\/\/protejacanillas.org\/es\/wp-json\/wp\/v2\/types\/page"}],"author":[{"embeddable":true,"href":"https:\/\/protejacanillas.org\/es\/wp-json\/wp\/v2\/users\/1"}],"replies":[{"embeddable":true,"href":"https:\/\/protejacanillas.org\/es\/wp-json\/wp\/v2\/comments?post=345"}],"version-history":[{"count":20,"href":"https:\/\/protejacanillas.org\/es\/wp-json\/wp\/v2\/pages\/345\/revisions"}],"predecessor-version":[{"id":1076,"href":"https:\/\/protejacanillas.org\/es\/wp-json\/wp\/v2\/pages\/345\/revisions\/1076"}],"wp:attachment":[{"href":"https:\/\/protejacanillas.org\/es\/wp-json\/wp\/v2\/media?parent=345"}],"curies":[{"name":"wp","href":"https:\/\/api.w.org\/{rel}","templated":true}]}}