{"id":22,"date":"2024-11-18T15:54:08","date_gmt":"2024-11-18T15:54:08","guid":{"rendered":"https:\/\/protejacanillas.org\/es\/about-2"},"modified":"2025-01-26T18:11:20","modified_gmt":"2025-01-26T17:11:20","slug":"about-2","status":"publish","type":"page","link":"https:\/\/protejacanillas.org\/es\/about-2\/","title":{"rendered":"Acerca de"},"content":{"rendered":"<div data-elementor-type=\"wp-page\" data-elementor-id=\"22\" class=\"elementor elementor-22\">\n\t\t\t\t<div class=\"elementor-element elementor-element-280576c e-con-full e-flex e-con e-parent\" data-id=\"280576c\" data-element_type=\"container\" data-e-type=\"container\">\n\t\t\t\t<div class=\"elementor-element elementor-element-f820d9a elementor-widget elementor-widget-text-editor\" data-id=\"f820d9a\" data-element_type=\"widget\" data-e-type=\"widget\" data-widget_type=\"text-editor.default\">\n\t\t\t\t<div class=\"elementor-widget-container\">\n\t\t\t\t\t\t\t\t\t<p class=\"wp-block-heading nfd-text-giga nfd-text-current\"><strong>Qui\u00e9nes somos<\/strong><\/p>\n<p><!-- \/wp:heading --><\/p>\n<p><!-- wp:paragraph --><\/p>\n<p class=\"\">Al principio \u00e9ramos un pu\u00f1ado de vecinos preocupados por proteger nuestro hermoso entorno. R\u00e1pidamente formalizamos este equipo central y creamos una asociaci\u00f3n legal para asegurarnos de tener la capacidad legal y la protecci\u00f3n para tomar las medidas necesarias para continuar con la protesta contra el centro de reciclaje de residuos y el vertedero u otras actividades de impacto en la zona.<\/p>\n<p class=\"\">Si desea unirse a nosotros como miembro y hacer o\u00edr su voz, <a href=\"https:\/\/protejacanillas.org\/es\/members\/\">obtenga m\u00e1s informaci\u00f3n aqu\u00ed...<\/a><\/p>\n<p>Cont\u00e1ctenos si necesita m\u00e1s informaci\u00f3n: protejacanillas@gmail.com.<\/p>\n<p>\u00a0<\/p>\t\t\t\t\t\t\t\t<\/div>\n\t\t\t\t<\/div>\n\t\t\t\t<\/div>\n\t\t<div class=\"elementor-element elementor-element-6db4a592 e-grid e-con-boxed e-con e-parent\" data-id=\"6db4a592\" data-element_type=\"container\" data-e-type=\"container\">\n\t\t\t\t\t<div class=\"e-con-inner\">\n\t\t<div class=\"elementor-element elementor-element-50851f6b e-con-full e-flex e-con e-child\" data-id=\"50851f6b\" data-element_type=\"container\" data-e-type=\"container\">\n\t\t\t\t<\/div>\n\t\t\t\t<div class=\"elementor-element elementor-element-6c384cf8 e-grid-align-left elementor-shape-rounded elementor-grid-0 elementor-widget elementor-widget-social-icons\" data-id=\"6c384cf8\" data-element_type=\"widget\" data-e-type=\"widget\" data-widget_type=\"social-icons.default\">\n\t\t\t\t<div class=\"elementor-widget-container\">\n\t\t\t\t\t\t\t<div class=\"elementor-social-icons-wrapper elementor-grid\">\n\t\t\t\t\t\t\t<span class=\"elementor-grid-item\">\n\t\t\t\t\t<a class=\"elementor-icon elementor-social-icon elementor-social-icon-facebook elementor-repeater-item-9320a87\" href=\"https:\/\/www.facebook.com\/profile.php?id=61568775642897\" target=\"_blank\">\n\t\t\t\t\t\t<span class=\"elementor-screen-only\">Facebook<\/span>\n\t\t\t\t\t\t<svg aria-hidden=\"true\" class=\"e-font-icon-svg e-fab-facebook\" viewbox=\"0 0 512 512\" xmlns=\"http:\/\/www.w3.org\/2000\/svg\"><path d=\"M504 256C504 119 393 8 256 8S8 119 8 256c0 123.78 90.69 226.38 209.25 245V327.69h-63V256h63v-54.64c0-62.15 37-96.48 93.67-96.48 27.14 0 55.52 4.84 55.52 4.84v61h-31.28c-30.8 0-40.41 19.12-40.41 38.73V256h68.78l-11 71.69h-57.78V501C413.31 482.38 504 379.78 504 256z\"><\/path><\/svg>\t\t\t\t\t<\/a>\n\t\t\t\t<\/span>\n\t\t\t\t\t<\/div>\n\t\t\t\t\t\t<\/div>\n\t\t\t\t<\/div>\n\t\t\t\t\t<\/div>\n\t\t\t\t<\/div>\n\t\t<div class=\"elementor-element elementor-element-ee3eac5 e-flex e-con-boxed e-con e-parent\" data-id=\"ee3eac5\" data-element_type=\"container\" data-e-type=\"container\">\n\t\t\t\t\t<div class=\"e-con-inner\">\n\t\t\t\t\t<\/div>\n\t\t\t\t<\/div>\n\t\t<div class=\"elementor-element elementor-element-8e230ec e-flex e-con-boxed e-con e-parent\" data-id=\"8e230ec\" data-element_type=\"container\" data-e-type=\"container\">\n\t\t\t\t\t<div class=\"e-con-inner\">\n\t\t\t\t\t<\/div>\n\t\t\t\t<\/div>\n\t\t<div class=\"elementor-element elementor-element-ba15fba e-flex e-con-boxed e-con e-parent\" data-id=\"ba15fba\" data-element_type=\"container\" data-e-type=\"container\">\n\t\t\t\t\t<div class=\"e-con-inner\">\n\t\t\t\t\t<\/div>\n\t\t\t\t<\/div>\n\t\t\t\t<\/div>","protected":false},"excerpt":{"rendered":"<p>About us Initially we were a handful of\u00a0 concerned neighbours wanting to protect our beautiful environment.\u00a0 We quickly formalised this core team and created a legal Association to ensure we have the legal standing and protection to take whatever steps may be necessary to pursue the protest against the waste recycling centre and landfill or [&hellip;]<\/p>\n","protected":false},"author":1,"featured_media":0,"parent":0,"menu_order":6,"comment_status":"closed","ping_status":"closed","template":"","meta":{"nf_dc_page":"","_monsterinsights_skip_tracking":false,"_monsterinsights_sitenote_active":false,"_monsterinsights_sitenote_note":"","_monsterinsights_sitenote_category":0,"footnotes":""},"class_list":["post-22","page","type-page","status-publish","hentry"],"yoast_head":"<!-- This site is optimized with the Yoast SEO plugin v27.4 - https:\/\/yoast.com\/product\/yoast-seo-wordpress\/ -->\n<title>About - Protejacanillas<\/title>\n<meta name=\"robots\" content=\"index, follow, max-snippet:-1, max-image-preview:large, max-video-preview:-1\" \/>\n<link rel=\"canonical\" href=\"https:\/\/protejacanillas.org\/es\/about-2\/\" \/>\n<meta property=\"og:locale\" content=\"es_ES\" \/>\n<meta property=\"og:type\" content=\"article\" \/>\n<meta property=\"og:title\" content=\"About - Protejacanillas\" \/>\n<meta property=\"og:description\" content=\"About us Initially we were a handful of\u00a0 concerned neighbours wanting to protect our beautiful environment.\u00a0 We quickly formalised this core team and created a legal Association to ensure we have the legal standing and protection to take whatever steps may be necessary to pursue the protest against the waste recycling centre and landfill or [&hellip;]\" \/>\n<meta property=\"og:url\" content=\"https:\/\/protejacanillas.org\/es\/about-2\/\" \/>\n<meta property=\"og:site_name\" content=\"Protejacanillas\" \/>\n<meta property=\"article:modified_time\" content=\"2025-01-26T17:11:20+00:00\" \/>\n<meta name=\"twitter:card\" content=\"summary_large_image\" \/>\n<meta name=\"twitter:label1\" content=\"Tiempo de lectura\" \/>\n\t<meta name=\"twitter:data1\" content=\"1 minuto\" \/>\n<script type=\"application\/ld+json\" class=\"yoast-schema-graph\">{\"@context\":\"https:\\\/\\\/schema.org\",\"@graph\":[{\"@type\":\"WebPage\",\"@id\":\"https:\\\/\\\/protejacanillas.org\\\/about-2\\\/\",\"url\":\"https:\\\/\\\/protejacanillas.org\\\/about-2\\\/\",\"name\":\"About - Protejacanillas\",\"isPartOf\":{\"@id\":\"https:\\\/\\\/protejacanillas.org\\\/#website\"},\"datePublished\":\"2024-11-18T15:54:08+00:00\",\"dateModified\":\"2025-01-26T17:11:20+00:00\",\"breadcrumb\":{\"@id\":\"https:\\\/\\\/protejacanillas.org\\\/about-2\\\/#breadcrumb\"},\"inLanguage\":\"es\",\"potentialAction\":[{\"@type\":\"ReadAction\",\"target\":[\"https:\\\/\\\/protejacanillas.org\\\/about-2\\\/\"]}]},{\"@type\":\"BreadcrumbList\",\"@id\":\"https:\\\/\\\/protejacanillas.org\\\/about-2\\\/#breadcrumb\",\"itemListElement\":[{\"@type\":\"ListItem\",\"position\":1,\"name\":\"Home\",\"item\":\"https:\\\/\\\/protejacanillas.org\\\/\"},{\"@type\":\"ListItem\",\"position\":2,\"name\":\"About\"}]},{\"@type\":\"WebSite\",\"@id\":\"https:\\\/\\\/protejacanillas.org\\\/#website\",\"url\":\"https:\\\/\\\/protejacanillas.org\\\/\",\"name\":\"Protejacanillas\",\"description\":\"\",\"publisher\":{\"@id\":\"https:\\\/\\\/protejacanillas.org\\\/#organization\"},\"potentialAction\":[{\"@type\":\"SearchAction\",\"target\":{\"@type\":\"EntryPoint\",\"urlTemplate\":\"https:\\\/\\\/protejacanillas.org\\\/?s={search_term_string}\"},\"query-input\":{\"@type\":\"PropertyValueSpecification\",\"valueRequired\":true,\"valueName\":\"search_term_string\"}}],\"inLanguage\":\"es\"},{\"@type\":\"Organization\",\"@id\":\"https:\\\/\\\/protejacanillas.org\\\/#organization\",\"name\":\"Protejacanillas\",\"url\":\"https:\\\/\\\/protejacanillas.org\\\/\",\"logo\":{\"@type\":\"ImageObject\",\"inLanguage\":\"es\",\"@id\":\"https:\\\/\\\/protejacanillas.org\\\/#\\\/schema\\\/logo\\\/image\\\/\",\"url\":\"https:\\\/\\\/protejacanillas.org\\\/wp-content\\\/uploads\\\/2024\\\/11\\\/valley-to-be-filled-1.jpg\",\"contentUrl\":\"https:\\\/\\\/protejacanillas.org\\\/wp-content\\\/uploads\\\/2024\\\/11\\\/valley-to-be-filled-1.jpg\",\"width\":1600,\"height\":1200,\"caption\":\"Protejacanillas\"},\"image\":{\"@id\":\"https:\\\/\\\/protejacanillas.org\\\/#\\\/schema\\\/logo\\\/image\\\/\"}}]}<\/script>\n<!-- \/ Yoast SEO plugin. -->","yoast_head_json":{"title":"About - Protejacanillas","robots":{"index":"index","follow":"follow","max-snippet":"max-snippet:-1","max-image-preview":"max-image-preview:large","max-video-preview":"max-video-preview:-1"},"canonical":"https:\/\/protejacanillas.org\/es\/about-2\/","og_locale":"es_ES","og_type":"article","og_title":"About - Protejacanillas","og_description":"About us Initially we were a handful of\u00a0 concerned neighbours wanting to protect our beautiful environment.\u00a0 We quickly formalised this core team and created a legal Association to ensure we have the legal standing and protection to take whatever steps may be necessary to pursue the protest against the waste recycling centre and landfill or [&hellip;]","og_url":"https:\/\/protejacanillas.org\/es\/about-2\/","og_site_name":"Protejacanillas","article_modified_time":"2025-01-26T17:11:20+00:00","twitter_card":"summary_large_image","twitter_misc":{"Tiempo de lectura":"1 minuto"},"schema":{"@context":"https:\/\/schema.org","@graph":[{"@type":"WebPage","@id":"https:\/\/protejacanillas.org\/about-2\/","url":"https:\/\/protejacanillas.org\/about-2\/","name":"About - Protejacanillas","isPartOf":{"@id":"https:\/\/protejacanillas.org\/#website"},"datePublished":"2024-11-18T15:54:08+00:00","dateModified":"2025-01-26T17:11:20+00:00","breadcrumb":{"@id":"https:\/\/protejacanillas.org\/about-2\/#breadcrumb"},"inLanguage":"es","potentialAction":[{"@type":"ReadAction","target":["https:\/\/protejacanillas.org\/about-2\/"]}]},{"@type":"BreadcrumbList","@id":"https:\/\/protejacanillas.org\/about-2\/#breadcrumb","itemListElement":[{"@type":"ListItem","position":1,"name":"Home","item":"https:\/\/protejacanillas.org\/"},{"@type":"ListItem","position":2,"name":"About"}]},{"@type":"WebSite","@id":"https:\/\/protejacanillas.org\/#website","url":"https:\/\/protejacanillas.org\/","name":"Protejacanillas","description":"","publisher":{"@id":"https:\/\/protejacanillas.org\/#organization"},"potentialAction":[{"@type":"SearchAction","target":{"@type":"EntryPoint","urlTemplate":"https:\/\/protejacanillas.org\/?s={search_term_string}"},"query-input":{"@type":"PropertyValueSpecification","valueRequired":true,"valueName":"search_term_string"}}],"inLanguage":"es"},{"@type":"Organization","@id":"https:\/\/protejacanillas.org\/#organization","name":"Protejacanillas","url":"https:\/\/protejacanillas.org\/","logo":{"@type":"ImageObject","inLanguage":"es","@id":"https:\/\/protejacanillas.org\/#\/schema\/logo\/image\/","url":"https:\/\/protejacanillas.org\/wp-content\/uploads\/2024\/11\/valley-to-be-filled-1.jpg","contentUrl":"https:\/\/protejacanillas.org\/wp-content\/uploads\/2024\/11\/valley-to-be-filled-1.jpg","width":1600,"height":1200,"caption":"Protejacanillas"},"image":{"@id":"https:\/\/protejacanillas.org\/#\/schema\/logo\/image\/"}}]}},"_links":{"self":[{"href":"https:\/\/protejacanillas.org\/es\/wp-json\/wp\/v2\/pages\/22","targetHints":{"allow":["GET"]}}],"collection":[{"href":"https:\/\/protejacanillas.org\/es\/wp-json\/wp\/v2\/pages"}],"about":[{"href":"https:\/\/protejacanillas.org\/es\/wp-json\/wp\/v2\/types\/page"}],"author":[{"embeddable":true,"href":"https:\/\/protejacanillas.org\/es\/wp-json\/wp\/v2\/users\/1"}],"replies":[{"embeddable":true,"href":"https:\/\/protejacanillas.org\/es\/wp-json\/wp\/v2\/comments?post=22"}],"version-history":[{"count":20,"href":"https:\/\/protejacanillas.org\/es\/wp-json\/wp\/v2\/pages\/22\/revisions"}],"predecessor-version":[{"id":1225,"href":"https:\/\/protejacanillas.org\/es\/wp-json\/wp\/v2\/pages\/22\/revisions\/1225"}],"wp:attachment":[{"href":"https:\/\/protejacanillas.org\/es\/wp-json\/wp\/v2\/media?parent=22"}],"curies":[{"name":"wp","href":"https:\/\/api.w.org\/{rel}","templated":true}]}}