{"id":128,"date":"2024-11-19T14:54:25","date_gmt":"2024-11-19T13:54:25","guid":{"rendered":"http:\/\/wes.eav.mybluehost.me\/?page_id=128"},"modified":"2024-12-11T17:33:01","modified_gmt":"2024-12-11T16:33:01","slug":"sign-the-petition","status":"publish","type":"page","link":"https:\/\/protejacanillas.org\/es\/sign-the-petition\/","title":{"rendered":"\u00a1Firma la petici\u00f3n!"},"content":{"rendered":"\t\t<div data-elementor-type=\"wp-page\" data-elementor-id=\"128\" class=\"elementor elementor-128\">\n\t\t\t\t<div class=\"elementor-element elementor-element-951e60c e-flex e-con-boxed e-con e-parent\" data-id=\"951e60c\" data-element_type=\"container\" data-e-type=\"container\">\n\t\t\t\t\t<div class=\"e-con-inner\">\n\t\t\t\t<div class=\"elementor-element elementor-element-d46dfdd elementor-widget elementor-widget-heading\" data-id=\"d46dfdd\" data-element_type=\"widget\" data-e-type=\"widget\" data-widget_type=\"heading.default\">\n\t\t\t\t<div class=\"elementor-widget-container\">\n\t\t\t\t\t<h2 class=\"elementor-heading-title elementor-size-default\">Sign the petition!<\/h2>\t\t\t\t<\/div>\n\t\t\t\t<\/div>\n\t\t\t\t\t<\/div>\n\t\t\t\t<\/div>\n\t\t<div class=\"elementor-element elementor-element-a4a5429 e-grid e-con-boxed e-con e-parent\" data-id=\"a4a5429\" data-element_type=\"container\" data-e-type=\"container\">\n\t\t\t\t\t<div class=\"e-con-inner\">\n\t\t\t\t<div class=\"elementor-element elementor-element-45898ac elementor-widget elementor-widget-text-editor\" data-id=\"45898ac\" data-element_type=\"widget\" data-e-type=\"widget\" data-widget_type=\"text-editor.default\">\n\t\t\t\t<div class=\"elementor-widget-container\">\n\t\t\t\t\t\t\t\t\t<p>Puedes elegir firmar la petici\u00f3n en espa\u00f1ol o en ingl\u00e9s, ambas son iguales, pero est\u00e1n disponibles en los dos idiomas para llegar a un p\u00fablico lo m\u00e1s amplio posible.\u00a0<strong>NOTA: cuando hayas firmado la petici\u00f3n recibir\u00e1s un correo electr\u00f3nico.\u00a0 \u00a1\u00a1\u00a1Es muy importante que mires el email y pulses el bot\u00f3n de confirmaci\u00f3n, de lo contrario tu firma no podr\u00e1 ser incluida!!!<\/strong><\/p>\t\t\t\t\t\t\t\t<\/div>\n\t\t\t\t<\/div>\n\t\t\t\t<div class=\"elementor-element elementor-element-b85e85b elementor-widget elementor-widget-text-editor\" data-id=\"b85e85b\" data-element_type=\"widget\" data-e-type=\"widget\" data-widget_type=\"text-editor.default\">\n\t\t\t\t<div class=\"elementor-widget-container\">\n\t\t\t\t\t\t\t\t\t<p>You can choose to sign the Spanish or English petition, they are both the same, but available in both languages to reach as large an audience as possible.\u00a0<strong>NOTE: when you have signed the petition you will receive an email.\u00a0 It is very important that you look at the email and press the confirmation button otherwise your signature can not be included!!<\/strong><\/p>\t\t\t\t\t\t\t\t<\/div>\n\t\t\t\t<\/div>\n\t\t\t\t\t<\/div>\n\t\t\t\t<\/div>\n\t\t<div class=\"elementor-element elementor-element-afb2a8f e-flex e-con-boxed e-con e-parent\" data-id=\"afb2a8f\" data-element_type=\"container\" data-e-type=\"container\">\n\t\t\t\t\t<div class=\"e-con-inner\">\n\t\t\t\t<div class=\"elementor-element elementor-element-3c018bf elementor-widget elementor-widget-text-editor\" data-id=\"3c018bf\" data-element_type=\"widget\" data-e-type=\"widget\" data-widget_type=\"text-editor.default\">\n\t\t\t\t<div class=\"elementor-widget-container\">\n\t\t\t\t\t\t\t\t\t<p><em><strong><span style=\"color: #993300;\">We had collected 907 online and 459 paper signatures in time for the submission to the Junta!\u00a0 Please keep signing if you haven&#8217;t already, our protest continues!!<\/span><\/strong><\/em><\/p>\t\t\t\t\t\t\t\t<\/div>\n\t\t\t\t<\/div>\n\t\t\t\t\t<\/div>\n\t\t\t\t<\/div>\n\t\t<div class=\"elementor-element elementor-element-dd35878 e-flex e-con-boxed e-con e-parent\" data-id=\"dd35878\" data-element_type=\"container\" data-e-type=\"container\">\n\t\t\t\t\t<div class=\"e-con-inner\">\n\t\t\t\t<div class=\"elementor-element elementor-element-4b998a85 elementor-widget elementor-widget-text-editor\" data-id=\"4b998a85\" data-element_type=\"widget\" data-e-type=\"widget\" data-widget_type=\"text-editor.default\">\n\t\t\t\t<div class=\"elementor-widget-container\">\n\t\t\t\t\t\t\t\t\t\n<div class=\"wp-block-columns is-layout-flex wp-container-core-columns-is-layout-28f84493 wp-block-columns-is-layout-flex\">\n<div class=\"wp-block-column is-layout-flow wp-block-column-is-layout-flow\">\n<div class=\"wp-block-civist-civist\" style=\"min-width:320px\">\n<div class=\"wp-block-civist-progress\" data-embedding-id=\"RW1iZWRkaW5nOjNkNmNmMjcwLTNkY2QtNGYwNy1iZTVlLTRmYmVkNzk1YzE3Mw==\"><div class=\"civist-progress civist-progress--loading\"><div class=\"civist-progress__civist-progress-counters\"><div class=\"civist-progress-counters__civist-progress-counters-signings\"><div class=\"civist-progress-counters-signings\"><h3 class=\"civist-progress-counters-signings__heading\">Signings<\/h3><h4 class=\"civist-progress-counters-signings__value\">0<\/h4><\/div><\/div><div class=\"civist-progress-counters__civist-progress-counters-goal\"><div class=\"civist-progress-counters-goal\"><h3 class=\"civist-progress-counters-goal__heading\">Goal<\/h3><h4 class=\"civist-progress-counters-goal__value\">0<\/h4><\/div><\/div><div class=\"civist-progress-counters__civist-progress-counters-clear\"><\/div><\/div><div class=\"civist-progress__civist-progress-bar\"><div class=\"civist-progress-bar\"><\/div><\/div><\/div><\/div>\n\n\n\n<div class=\"wp-block-civist-form\" style=\"min-width:320px\"><p><div class=\"civist-oembed-wrapper-128\"><div id=\"civist-3f1eaacc-12e3-4142-b62c-12bf8ae918cd\" style=\"max-width: 500px;\">\t<script type=\"text\/javascript\">\t\tvar _civist = _civist || [];\t\t_civist.push(['civist-3f1eaacc-12e3-4142-b62c-12bf8ae918cd', 'https:\/\/widget.civist.cloud\/?api_url=https%3A%2F%2Fapi.civist.cloud%2Ft%2F5fa4621e-20d8-4ddf-a339-a90a8c8e8875%2F#\/RW1iZWRkaW5nOjNkNmNmMjcwLTNkY2QtNGYwNy1iZTVlLTRmYmVkNzk1YzE3Mw==']);\t\tif (_civist.length === 1) {\t\t\t(function() {\t\t\t\tvar d = document; var s = d.createElement(\"script\");\t\t\t\ts.type = \"text\/javascript\";\t\t\t\ts.async = true;\t\t\t\ts.src = \"https:\/\/widget.civist.cloud\/embed.js\";\t\t\t\td.body.appendChild(s);\t\t\t})();\t\t}\t<\/script>\t<noscript style=\"display: block;\">\t\t<span lang=\"en\" style=\"\t\t\ttext-align: center;\t\t\tfont-family: sans-serif;\t\t\tcolor: #222;\t\t\tbackground-color: #eee;\t\t\tborder: 1px solid #ddd;\t\t\tborder-radius: 2px;\t\t\tpadding: 20px;\t\t\tdisplay: block;\t\t\">\t\t\t<span style=\"\t\t\t\ttext-align: center;\t\t\t\tfont-family: sans-serif;\t\t\t\tfont-size: 20px;\t\t\t\tfont-weight: bold;\t\t\t\tmargin-top: 24px;\t\t\t\tmargin-bottom: 24px;\t\t\t\tpadding-bottom: 10px;\t\t\t\tborder-bottom: 1px solid #aaa;\t\t\t\tdisplay: block;\t\t\t\">JavaScript required<\/span>\t\t\t<span style=\"\t\t\t\ttext-align: center;\t\t\t\tfont-family: sans-serif;\t\t\t\tfont-size: 14px;\t\t\t\tfont-weight: regular;\t\t\t\tmargin-bottom: 10px;\t\t\t\tdisplay: block;\t\t\t\">\t\t\t\tWe are sorry but without JavaScript enabled, this widget does not work.\t\t\t\tPlease enable JavaScript in your browser's settings and reload this page.\t\t\t<\/span>\t\t\t<a href=\"\" style=\"\t\t\t\tcolor: #fff;\t\t\t\tbackground-color: #2196f3;\t\t\t\tfont-size: 14px;\t\t\t\ttext-decoration: none !important;\t\t\t\ttext-transform: uppercase;\t\t\t\tpadding: 10px 25px;\t\t\t\tdisplay: inline-block;\t\t\t\tmargin-top: 10px;\t\t\t\tborder: 0;\t\t\t\tborder-radius: 2px;\t\t\t\">Reload<\/a>\t\t<\/span>\t<\/noscript><\/div><\/div><script type='text\/javascript'>  var origin = 'https:\/\/widget.civist.cloud\/';  origin = origin.slice(0, -1);  var handleEmbedPostMessage = function(embedContainer) {    window.addEventListener('message', function(msg) {      if(msg.origin !== origin || msg.data !== 'ready') {        return;      }      embedContainer.querySelector('iframe').contentWindow.postMessage({        permalink:'https:\/\/protejacanillas.org\/es\/sign-the-petition\/',        referrer: window.location.href      },'https:\/\/widget.civist.cloud\/')    });  };  var handleEmbed = function(embedContainer) {    embedContainer.setAttribute('data-permalink', 'https:\/\/protejacanillas.org\/es\/sign-the-petition\/');    embedContainer.setAttribute('data-mode', 'default');  };  var embedsThemeId = document.querySelectorAll('#post-128 [id^=civist]');  var embedsInternalClass = document.querySelectorAll('.civist-oembed-wrapper-128 [id^=civist]');  [].forEach.call(embedsThemeId, handleEmbedPostMessage);  [].forEach.call(embedsInternalClass, handleEmbedPostMessage);  [].forEach.call(embedsThemeId, handleEmbed);  [].forEach.call(embedsInternalClass, handleEmbed);<\/script><\/p><\/div>\n<\/div>\n<\/div>\n\n\n\n<div class=\"wp-block-column is-layout-flow wp-block-column-is-layout-flow\">\n<div class=\"wp-block-civist-civist\" style=\"min-width:320px\">\n<div class=\"wp-block-civist-progress\" data-embedding-id=\"RW1iZWRkaW5nOjMwYWNmOGRlLTMwYjYtNDU3MC04ZGZjLTc3ODJhYmU2ZWViOA==\"><div class=\"civist-progress civist-progress--loading\"><div class=\"civist-progress__civist-progress-counters\"><div class=\"civist-progress-counters__civist-progress-counters-signings\"><div class=\"civist-progress-counters-signings\"><h3 class=\"civist-progress-counters-signings__heading\">Signings<\/h3><h4 class=\"civist-progress-counters-signings__value\">0<\/h4><\/div><\/div><div class=\"civist-progress-counters__civist-progress-counters-goal\"><div class=\"civist-progress-counters-goal\"><h3 class=\"civist-progress-counters-goal__heading\">Goal<\/h3><h4 class=\"civist-progress-counters-goal__value\">0<\/h4><\/div><\/div><div class=\"civist-progress-counters__civist-progress-counters-clear\"><\/div><\/div><div class=\"civist-progress__civist-progress-bar\"><div class=\"civist-progress-bar\"><\/div><\/div><\/div><\/div>\n\n\n\n<div class=\"wp-block-civist-form\" style=\"min-width:320px\"><p><div class=\"civist-oembed-wrapper-128\"><div id=\"civist-2fa83880-9ff4-46a5-9224-46ccf3b24cf1\" style=\"max-width: 500px;\">\t<script type=\"text\/javascript\">\t\tvar _civist = _civist || [];\t\t_civist.push(['civist-2fa83880-9ff4-46a5-9224-46ccf3b24cf1', 'https:\/\/widget.civist.cloud\/?api_url=https%3A%2F%2Fapi.civist.cloud%2Ft%2F5fa4621e-20d8-4ddf-a339-a90a8c8e8875%2F#\/RW1iZWRkaW5nOjMwYWNmOGRlLTMwYjYtNDU3MC04ZGZjLTc3ODJhYmU2ZWViOA==']);\t\tif (_civist.length === 1) {\t\t\t(function() {\t\t\t\tvar d = document; var s = d.createElement(\"script\");\t\t\t\ts.type = \"text\/javascript\";\t\t\t\ts.async = true;\t\t\t\ts.src = \"https:\/\/widget.civist.cloud\/embed.js\";\t\t\t\td.body.appendChild(s);\t\t\t})();\t\t}\t<\/script>\t<noscript style=\"display: block;\">\t\t<span lang=\"en\" style=\"\t\t\ttext-align: center;\t\t\tfont-family: sans-serif;\t\t\tcolor: #222;\t\t\tbackground-color: #eee;\t\t\tborder: 1px solid #ddd;\t\t\tborder-radius: 2px;\t\t\tpadding: 20px;\t\t\tdisplay: block;\t\t\">\t\t\t<span style=\"\t\t\t\ttext-align: center;\t\t\t\tfont-family: sans-serif;\t\t\t\tfont-size: 20px;\t\t\t\tfont-weight: bold;\t\t\t\tmargin-top: 24px;\t\t\t\tmargin-bottom: 24px;\t\t\t\tpadding-bottom: 10px;\t\t\t\tborder-bottom: 1px solid #aaa;\t\t\t\tdisplay: block;\t\t\t\">JavaScript required<\/span>\t\t\t<span style=\"\t\t\t\ttext-align: center;\t\t\t\tfont-family: sans-serif;\t\t\t\tfont-size: 14px;\t\t\t\tfont-weight: regular;\t\t\t\tmargin-bottom: 10px;\t\t\t\tdisplay: block;\t\t\t\">\t\t\t\tWe are sorry but without JavaScript enabled, this widget does not work.\t\t\t\tPlease enable JavaScript in your browser's settings and reload this page.\t\t\t<\/span>\t\t\t<a href=\"\" style=\"\t\t\t\tcolor: #fff;\t\t\t\tbackground-color: #2196f3;\t\t\t\tfont-size: 14px;\t\t\t\ttext-decoration: none !important;\t\t\t\ttext-transform: uppercase;\t\t\t\tpadding: 10px 25px;\t\t\t\tdisplay: inline-block;\t\t\t\tmargin-top: 10px;\t\t\t\tborder: 0;\t\t\t\tborder-radius: 2px;\t\t\t\">Reload<\/a>\t\t<\/span>\t<\/noscript><\/div><\/div><script type='text\/javascript'>  var origin = 'https:\/\/widget.civist.cloud\/';  origin = origin.slice(0, -1);  var handleEmbedPostMessage = function(embedContainer) {    window.addEventListener('message', function(msg) {      if(msg.origin !== origin || msg.data !== 'ready') {        return;      }      embedContainer.querySelector('iframe').contentWindow.postMessage({        permalink:'https:\/\/protejacanillas.org\/es\/sign-the-petition\/',        referrer: window.location.href      },'https:\/\/widget.civist.cloud\/')    });  };  var handleEmbed = function(embedContainer) {    embedContainer.setAttribute('data-permalink', 'https:\/\/protejacanillas.org\/es\/sign-the-petition\/');    embedContainer.setAttribute('data-mode', 'default');  };  var embedsThemeId = document.querySelectorAll('#post-128 [id^=civist]');  var embedsInternalClass = document.querySelectorAll('.civist-oembed-wrapper-128 [id^=civist]');  [].forEach.call(embedsThemeId, handleEmbedPostMessage);  [].forEach.call(embedsInternalClass, handleEmbedPostMessage);  [].forEach.call(embedsThemeId, handleEmbed);  [].forEach.call(embedsInternalClass, handleEmbed);<\/script><\/p><\/div>\n<\/div>\n<\/div>\n<\/div>\n\t\t\t\t\t\t\t\t<\/div>\n\t\t\t\t<\/div>\n\t\t\t\t\t<\/div>\n\t\t\t\t<\/div>\n\t\t<div class=\"elementor-element elementor-element-c496d36 e-flex e-con-boxed e-con e-parent\" data-id=\"c496d36\" data-element_type=\"container\" data-e-type=\"container\">\n\t\t\t\t\t<div class=\"e-con-inner\">\n\t\t\t\t\t<\/div>\n\t\t\t\t<\/div>\n\t\t<div class=\"elementor-element elementor-element-80dfa35 e-flex e-con-boxed e-con e-parent\" data-id=\"80dfa35\" data-element_type=\"container\" data-e-type=\"container\">\n\t\t\t\t\t<div class=\"e-con-inner\">\n\t\t\t\t<div class=\"elementor-element elementor-element-449ab8f5 e-grid-align-left elementor-shape-rounded elementor-grid-0 elementor-widget elementor-widget-social-icons\" data-id=\"449ab8f5\" data-element_type=\"widget\" data-e-type=\"widget\" data-widget_type=\"social-icons.default\">\n\t\t\t\t<div class=\"elementor-widget-container\">\n\t\t\t\t\t\t\t<div class=\"elementor-social-icons-wrapper elementor-grid\">\n\t\t\t\t\t\t\t<span class=\"elementor-grid-item\">\n\t\t\t\t\t<a class=\"elementor-icon elementor-social-icon elementor-social-icon-facebook elementor-repeater-item-9320a87\" href=\"https:\/\/www.facebook.com\/profile.php?id=61568775642897\" target=\"_blank\">\n\t\t\t\t\t\t<span class=\"elementor-screen-only\">Facebook<\/span>\n\t\t\t\t\t\t<svg aria-hidden=\"true\" class=\"e-font-icon-svg e-fab-facebook\" viewBox=\"0 0 512 512\" xmlns=\"http:\/\/www.w3.org\/2000\/svg\"><path d=\"M504 256C504 119 393 8 256 8S8 119 8 256c0 123.78 90.69 226.38 209.25 245V327.69h-63V256h63v-54.64c0-62.15 37-96.48 93.67-96.48 27.14 0 55.52 4.84 55.52 4.84v61h-31.28c-30.8 0-40.41 19.12-40.41 38.73V256h68.78l-11 71.69h-57.78V501C413.31 482.38 504 379.78 504 256z\"><\/path><\/svg>\t\t\t\t\t<\/a>\n\t\t\t\t<\/span>\n\t\t\t\t\t<\/div>\n\t\t\t\t\t\t<\/div>\n\t\t\t\t<\/div>\n\t\t\t\t\t<\/div>\n\t\t\t\t<\/div>\n\t\t<div class=\"elementor-element elementor-element-e012c84 e-flex e-con-boxed e-con e-parent\" data-id=\"e012c84\" data-element_type=\"container\" data-e-type=\"container\">\n\t\t\t\t\t<div class=\"e-con-inner\">\n\t\t\t\t<div class=\"elementor-element elementor-element-03e21ce elementor-widget elementor-widget-copyright\" data-id=\"03e21ce\" data-element_type=\"widget\" data-e-type=\"widget\" data-widget_type=\"copyright.default\">\n\t\t\t\t<div class=\"elementor-widget-container\">\n\t\t\t\t\t\t\t<div class=\"hfe-copyright-wrapper\">\n\t\t\t\t\t\t\t<span>Copyright \u00a9 2026 Protejacanillas | Powered by Protejacanillas<\/span>\n\t\t\t\t\t<\/div>\n\t\t\t\t\t\t<\/div>\n\t\t\t\t<\/div>\n\t\t\t\t\t<\/div>\n\t\t\t\t<\/div>\n\t\t\t\t<\/div>\n\t\t","protected":false},"excerpt":{"rendered":"<p>Sign the petition! Puedes elegir firmar la petici\u00f3n en espa\u00f1ol o en ingl\u00e9s, ambas son iguales, pero est\u00e1n disponibles en los dos idiomas para llegar a un p\u00fablico lo m\u00e1s amplio posible.\u00a0NOTA: cuando hayas firmado la petici\u00f3n recibir\u00e1s un correo electr\u00f3nico.\u00a0 \u00a1\u00a1\u00a1Es muy importante que mires el email y pulses el bot\u00f3n de confirmaci\u00f3n, de [&hellip;]<\/p>\n","protected":false},"author":1,"featured_media":0,"parent":0,"menu_order":2,"comment_status":"closed","ping_status":"closed","template":"","meta":{"nf_dc_page":"","_monsterinsights_skip_tracking":false,"_monsterinsights_sitenote_active":false,"_monsterinsights_sitenote_note":"","_monsterinsights_sitenote_category":0,"footnotes":""},"class_list":["post-128","page","type-page","status-publish","hentry"],"yoast_head":"<!-- This site is optimized with the Yoast SEO plugin v27.4 - https:\/\/yoast.com\/product\/yoast-seo-wordpress\/ -->\n<title>Sign the petition! - Protejacanillas<\/title>\n<meta name=\"robots\" content=\"index, follow, max-snippet:-1, max-image-preview:large, max-video-preview:-1\" \/>\n<link rel=\"canonical\" href=\"https:\/\/protejacanillas.org\/es\/sign-the-petition\/\" \/>\n<meta property=\"og:locale\" content=\"es_ES\" \/>\n<meta property=\"og:type\" content=\"article\" \/>\n<meta property=\"og:title\" content=\"Sign the petition! - Protejacanillas\" \/>\n<meta property=\"og:description\" content=\"Sign the petition! Puedes elegir firmar la petici\u00f3n en espa\u00f1ol o en ingl\u00e9s, ambas son iguales, pero est\u00e1n disponibles en los dos idiomas para llegar a un p\u00fablico lo m\u00e1s amplio posible.\u00a0NOTA: cuando hayas firmado la petici\u00f3n recibir\u00e1s un correo electr\u00f3nico.\u00a0 \u00a1\u00a1\u00a1Es muy importante que mires el email y pulses el bot\u00f3n de confirmaci\u00f3n, de [&hellip;]\" \/>\n<meta property=\"og:url\" content=\"https:\/\/protejacanillas.org\/es\/sign-the-petition\/\" \/>\n<meta property=\"og:site_name\" content=\"Protejacanillas\" \/>\n<meta property=\"article:modified_time\" content=\"2024-12-11T16:33:01+00:00\" \/>\n<meta name=\"twitter:card\" content=\"summary_large_image\" \/>\n<meta name=\"twitter:label1\" content=\"Tiempo de lectura\" \/>\n\t<meta name=\"twitter:data1\" content=\"1 minuto\" \/>\n<script type=\"application\/ld+json\" class=\"yoast-schema-graph\">{\"@context\":\"https:\\\/\\\/schema.org\",\"@graph\":[{\"@type\":\"WebPage\",\"@id\":\"https:\\\/\\\/protejacanillas.org\\\/sign-the-petition\\\/\",\"url\":\"https:\\\/\\\/protejacanillas.org\\\/sign-the-petition\\\/\",\"name\":\"Sign the petition! - Protejacanillas\",\"isPartOf\":{\"@id\":\"https:\\\/\\\/protejacanillas.org\\\/#website\"},\"datePublished\":\"2024-11-19T13:54:25+00:00\",\"dateModified\":\"2024-12-11T16:33:01+00:00\",\"breadcrumb\":{\"@id\":\"https:\\\/\\\/protejacanillas.org\\\/sign-the-petition\\\/#breadcrumb\"},\"inLanguage\":\"es\",\"potentialAction\":[{\"@type\":\"ReadAction\",\"target\":[\"https:\\\/\\\/protejacanillas.org\\\/sign-the-petition\\\/\"]}]},{\"@type\":\"BreadcrumbList\",\"@id\":\"https:\\\/\\\/protejacanillas.org\\\/sign-the-petition\\\/#breadcrumb\",\"itemListElement\":[{\"@type\":\"ListItem\",\"position\":1,\"name\":\"Home\",\"item\":\"https:\\\/\\\/protejacanillas.org\\\/\"},{\"@type\":\"ListItem\",\"position\":2,\"name\":\"Sign the petition!\"}]},{\"@type\":\"WebSite\",\"@id\":\"https:\\\/\\\/protejacanillas.org\\\/#website\",\"url\":\"https:\\\/\\\/protejacanillas.org\\\/\",\"name\":\"Protejacanillas\",\"description\":\"\",\"publisher\":{\"@id\":\"https:\\\/\\\/protejacanillas.org\\\/#organization\"},\"potentialAction\":[{\"@type\":\"SearchAction\",\"target\":{\"@type\":\"EntryPoint\",\"urlTemplate\":\"https:\\\/\\\/protejacanillas.org\\\/?s={search_term_string}\"},\"query-input\":{\"@type\":\"PropertyValueSpecification\",\"valueRequired\":true,\"valueName\":\"search_term_string\"}}],\"inLanguage\":\"es\"},{\"@type\":\"Organization\",\"@id\":\"https:\\\/\\\/protejacanillas.org\\\/#organization\",\"name\":\"Protejacanillas\",\"url\":\"https:\\\/\\\/protejacanillas.org\\\/\",\"logo\":{\"@type\":\"ImageObject\",\"inLanguage\":\"es\",\"@id\":\"https:\\\/\\\/protejacanillas.org\\\/#\\\/schema\\\/logo\\\/image\\\/\",\"url\":\"https:\\\/\\\/protejacanillas.org\\\/wp-content\\\/uploads\\\/2024\\\/11\\\/valley-to-be-filled-1.jpg\",\"contentUrl\":\"https:\\\/\\\/protejacanillas.org\\\/wp-content\\\/uploads\\\/2024\\\/11\\\/valley-to-be-filled-1.jpg\",\"width\":1600,\"height\":1200,\"caption\":\"Protejacanillas\"},\"image\":{\"@id\":\"https:\\\/\\\/protejacanillas.org\\\/#\\\/schema\\\/logo\\\/image\\\/\"}}]}<\/script>\n<!-- \/ Yoast SEO plugin. -->","yoast_head_json":{"title":"Sign the petition! - Protejacanillas","robots":{"index":"index","follow":"follow","max-snippet":"max-snippet:-1","max-image-preview":"max-image-preview:large","max-video-preview":"max-video-preview:-1"},"canonical":"https:\/\/protejacanillas.org\/es\/sign-the-petition\/","og_locale":"es_ES","og_type":"article","og_title":"Sign the petition! - Protejacanillas","og_description":"Sign the petition! Puedes elegir firmar la petici\u00f3n en espa\u00f1ol o en ingl\u00e9s, ambas son iguales, pero est\u00e1n disponibles en los dos idiomas para llegar a un p\u00fablico lo m\u00e1s amplio posible.\u00a0NOTA: cuando hayas firmado la petici\u00f3n recibir\u00e1s un correo electr\u00f3nico.\u00a0 \u00a1\u00a1\u00a1Es muy importante que mires el email y pulses el bot\u00f3n de confirmaci\u00f3n, de [&hellip;]","og_url":"https:\/\/protejacanillas.org\/es\/sign-the-petition\/","og_site_name":"Protejacanillas","article_modified_time":"2024-12-11T16:33:01+00:00","twitter_card":"summary_large_image","twitter_misc":{"Tiempo de lectura":"1 minuto"},"schema":{"@context":"https:\/\/schema.org","@graph":[{"@type":"WebPage","@id":"https:\/\/protejacanillas.org\/sign-the-petition\/","url":"https:\/\/protejacanillas.org\/sign-the-petition\/","name":"Sign the petition! - Protejacanillas","isPartOf":{"@id":"https:\/\/protejacanillas.org\/#website"},"datePublished":"2024-11-19T13:54:25+00:00","dateModified":"2024-12-11T16:33:01+00:00","breadcrumb":{"@id":"https:\/\/protejacanillas.org\/sign-the-petition\/#breadcrumb"},"inLanguage":"es","potentialAction":[{"@type":"ReadAction","target":["https:\/\/protejacanillas.org\/sign-the-petition\/"]}]},{"@type":"BreadcrumbList","@id":"https:\/\/protejacanillas.org\/sign-the-petition\/#breadcrumb","itemListElement":[{"@type":"ListItem","position":1,"name":"Home","item":"https:\/\/protejacanillas.org\/"},{"@type":"ListItem","position":2,"name":"Sign the petition!"}]},{"@type":"WebSite","@id":"https:\/\/protejacanillas.org\/#website","url":"https:\/\/protejacanillas.org\/","name":"Protejacanillas","description":"","publisher":{"@id":"https:\/\/protejacanillas.org\/#organization"},"potentialAction":[{"@type":"SearchAction","target":{"@type":"EntryPoint","urlTemplate":"https:\/\/protejacanillas.org\/?s={search_term_string}"},"query-input":{"@type":"PropertyValueSpecification","valueRequired":true,"valueName":"search_term_string"}}],"inLanguage":"es"},{"@type":"Organization","@id":"https:\/\/protejacanillas.org\/#organization","name":"Protejacanillas","url":"https:\/\/protejacanillas.org\/","logo":{"@type":"ImageObject","inLanguage":"es","@id":"https:\/\/protejacanillas.org\/#\/schema\/logo\/image\/","url":"https:\/\/protejacanillas.org\/wp-content\/uploads\/2024\/11\/valley-to-be-filled-1.jpg","contentUrl":"https:\/\/protejacanillas.org\/wp-content\/uploads\/2024\/11\/valley-to-be-filled-1.jpg","width":1600,"height":1200,"caption":"Protejacanillas"},"image":{"@id":"https:\/\/protejacanillas.org\/#\/schema\/logo\/image\/"}}]}},"_links":{"self":[{"href":"https:\/\/protejacanillas.org\/es\/wp-json\/wp\/v2\/pages\/128","targetHints":{"allow":["GET"]}}],"collection":[{"href":"https:\/\/protejacanillas.org\/es\/wp-json\/wp\/v2\/pages"}],"about":[{"href":"https:\/\/protejacanillas.org\/es\/wp-json\/wp\/v2\/types\/page"}],"author":[{"embeddable":true,"href":"https:\/\/protejacanillas.org\/es\/wp-json\/wp\/v2\/users\/1"}],"replies":[{"embeddable":true,"href":"https:\/\/protejacanillas.org\/es\/wp-json\/wp\/v2\/comments?post=128"}],"version-history":[{"count":20,"href":"https:\/\/protejacanillas.org\/es\/wp-json\/wp\/v2\/pages\/128\/revisions"}],"predecessor-version":[{"id":1148,"href":"https:\/\/protejacanillas.org\/es\/wp-json\/wp\/v2\/pages\/128\/revisions\/1148"}],"wp:attachment":[{"href":"https:\/\/protejacanillas.org\/es\/wp-json\/wp\/v2\/media?parent=128"}],"curies":[{"name":"wp","href":"https:\/\/api.w.org\/{rel}","templated":true}]}}