{"id":1201,"date":"2025-01-26T19:01:00","date_gmt":"2025-01-26T18:01:00","guid":{"rendered":"https:\/\/protejacanillas.org\/?page_id=1201"},"modified":"2025-09-11T15:38:09","modified_gmt":"2025-09-11T13:38:09","slug":"make-a-donation","status":"publish","type":"page","link":"https:\/\/protejacanillas.org\/es\/make-a-donation\/","title":{"rendered":"Make a Donation"},"content":{"rendered":"<div data-elementor-type=\"wp-page\" data-elementor-id=\"1201\" class=\"elementor elementor-1201\">\n\t\t\t\t<div class=\"elementor-element elementor-element-6e8b119 e-flex e-con-boxed e-con e-parent\" data-id=\"6e8b119\" data-element_type=\"container\" data-e-type=\"container\">\n\t\t\t\t\t<div class=\"e-con-inner\">\n\t\t\t\t<div class=\"elementor-element elementor-element-06fe41c elementor-widget elementor-widget-heading\" data-id=\"06fe41c\" data-element_type=\"widget\" data-e-type=\"widget\" data-widget_type=\"heading.default\">\n\t\t\t\t<div class=\"elementor-widget-container\">\n\t\t\t\t\t<h2 class=\"elementor-heading-title elementor-size-default\">Por favor, haz una donaci\u00f3n<\/h2>\t\t\t\t<\/div>\n\t\t\t\t<\/div>\n\t\t\t\t\t<\/div>\n\t\t\t\t<\/div>\n\t\t<div class=\"elementor-element elementor-element-ff788b8 e-flex e-con-boxed e-con e-parent\" data-id=\"ff788b8\" data-element_type=\"container\" data-e-type=\"container\">\n\t\t\t\t\t<div class=\"e-con-inner\">\n\t\t\t\t<div class=\"elementor-element elementor-element-d02a85a elementor-widget elementor-widget-text-editor\" data-id=\"d02a85a\" data-element_type=\"widget\" data-e-type=\"widget\" data-widget_type=\"text-editor.default\">\n\t\t\t\t<div class=\"elementor-widget-container\">\n\t\t\t\t\t\t\t\t\t<p>Para seguir luchando contra el proyecto de reciclaje de residuos y su vertedero, necesitamos contribuciones financieras para ayudar a pagar los honorarios legales, los honorarios profesionales y otros costes relacionados. Si el proyecto sigue adelante, prevemos un impacto negativo significativo en el sector tur\u00edstico local, as\u00ed como una ca\u00edda sustancial de los precios y las ventas de viviendas en la zona. Por ello, te pedimos que nos ayudes a financiar esta protesta. Haz una donaci\u00f3n a:<\/p><p><span style=\"font-weight: 400;\">IBAN: ES27 2103 3028 5000 3001 6644<br \/>SWIFT BIC Code: UCJAES2M<\/span><\/p><p><span style=\"font-weight: 400;\"> A nombre de <\/span><b>Asoc Proteja Canillas de Aceituno<\/b><span style=\"font-weight: 400;\"> - aseg\u00farese de incluir su nombre en la transferencia (un requisito legal)<br \/><\/span><\/p>\t\t\t\t\t\t\t\t<\/div>\n\t\t\t\t<\/div>\n\t\t\t\t\t<\/div>\n\t\t\t\t<\/div>\n\t\t<div class=\"elementor-element elementor-element-68e871c e-flex e-con-boxed e-con e-parent\" data-id=\"68e871c\" data-element_type=\"container\" data-e-type=\"container\">\n\t\t\t\t\t<div class=\"e-con-inner\">\n\t\t\t\t<div class=\"elementor-element elementor-element-d734590 elementor-widget elementor-widget-heading\" data-id=\"d734590\" data-element_type=\"widget\" data-e-type=\"widget\" data-widget_type=\"heading.default\">\n\t\t\t\t<div class=\"elementor-widget-container\">\n\t\t\t\t\t<h2 class=\"elementor-heading-title elementor-size-default\">\u00bfQu\u00e9 hemos hecho hasta ahora?<\/h2>\t\t\t\t<\/div>\n\t\t\t\t<\/div>\n\t\t\t\t\t<\/div>\n\t\t\t\t<\/div>\n\t\t<div class=\"elementor-element elementor-element-f6a4047 e-grid e-con-boxed e-con e-parent\" data-id=\"f6a4047\" data-element_type=\"container\" data-e-type=\"container\">\n\t\t\t\t\t<div class=\"e-con-inner\">\n\t\t\t\t<div class=\"elementor-element elementor-element-38fdf0c elementor-widget elementor-widget-text-editor\" data-id=\"38fdf0c\" data-element_type=\"widget\" data-e-type=\"widget\" data-widget_type=\"text-editor.default\">\n\t\t\t\t<div class=\"elementor-widget-container\">\n\t\t\t\t\t\t\t\t\t<p>Se dise\u00f1\u00f3 y cre\u00f3 el sitio web, se hizo una petici\u00f3n en l\u00ednea, se escribieron carteles, se hicieron comunicados de prensa, se dise\u00f1\u00f3 el logotipo, se tomaron fotograf\u00edas, se film\u00f3 con un dron, se cre\u00f3 un grupo de Facebook y se cre\u00f3 una camiseta de protesta a los pocos d\u00edas de enterarse del proyecto por casualidad.<\/p>\t\t\t\t\t\t\t\t<\/div>\n\t\t\t\t<\/div>\n\t\t\t\t<div class=\"elementor-element elementor-element-f2bf30d elementor-widget elementor-widget-image\" data-id=\"f2bf30d\" data-element_type=\"widget\" data-e-type=\"widget\" data-widget_type=\"image.default\">\n\t\t\t\t<div class=\"elementor-widget-container\">\n\t\t\t\t\t\t\t\t\t\t\t\t\t\t\t<img decoding=\"async\" width=\"150\" height=\"150\" src=\"https:\/\/protejacanillas.org\/wp-content\/uploads\/2024\/12\/logo-150x150.jpg\" class=\"attachment-thumbnail size-thumbnail wp-image-1127\" alt=\"\" srcset=\"https:\/\/protejacanillas.org\/wp-content\/uploads\/2024\/12\/logo-150x150.jpg 150w, https:\/\/protejacanillas.org\/wp-content\/uploads\/2024\/12\/logo-450x450.jpg 450w, https:\/\/protejacanillas.org\/wp-content\/uploads\/2024\/12\/logo-100x100.jpg 100w, https:\/\/protejacanillas.org\/wp-content\/uploads\/2024\/12\/logo-600x599.jpg 600w, https:\/\/protejacanillas.org\/wp-content\/uploads\/2024\/12\/logo-300x300.jpg 300w, https:\/\/protejacanillas.org\/wp-content\/uploads\/2024\/12\/logo-12x12.jpg 12w, https:\/\/protejacanillas.org\/wp-content\/uploads\/2024\/12\/logo.jpg 618w\" sizes=\"(max-width: 150px) 100vw, 150px\" \/>\t\t\t\t\t\t\t\t\t\t\t\t\t\t\t<\/div>\n\t\t\t\t<\/div>\n\t\t\t\t<div class=\"elementor-element elementor-element-4d39400 elementor-widget elementor-widget-text-editor\" data-id=\"4d39400\" data-element_type=\"widget\" data-e-type=\"widget\" data-widget_type=\"text-editor.default\">\n\t\t\t\t<div class=\"elementor-widget-container\">\n\t\t\t\t\t\t\t\t\t<p><span style=\"font-weight: 400;\">Se contrat\u00f3 a un abogado para que ayudara con el proceso y se presentaron las objeciones oficiales correctamente ante la Junta de Andaluc\u00eda dentro del plazo establecido.<\/span><\/p>\t\t\t\t\t\t\t\t<\/div>\n\t\t\t\t<\/div>\n\t\t\t\t<div class=\"elementor-element elementor-element-094cea1 elementor-widget elementor-widget-text-editor\" data-id=\"094cea1\" data-element_type=\"widget\" data-e-type=\"widget\" data-widget_type=\"text-editor.default\">\n\t\t\t\t<div class=\"elementor-widget-container\">\n\t\t\t\t\t\t\t\t\t<p>Se comparti\u00f3 informaci\u00f3n y la comunidad local se uni\u00f3 a trav\u00e9s de un grupo de WhatsApp para generar conciencia en toda la zona. <span style=\"font-weight: 400;\">Within days almost 300 people signed up gathering momentum for the protest<\/span><\/p>\t\t\t\t\t\t\t\t<\/div>\n\t\t\t\t<\/div>\n\t\t\t\t<div class=\"elementor-element elementor-element-21cfcfa elementor-widget elementor-widget-text-editor\" data-id=\"21cfcfa\" data-element_type=\"widget\" data-e-type=\"widget\" data-widget_type=\"text-editor.default\">\n\t\t\t\t<div class=\"elementor-widget-container\">\n\t\t\t\t\t\t\t\t\t<p><span style=\"font-weight: 400;\">El equipo encontr\u00f3 y contrat\u00f3 a un experto ambiental y legal para que le asesorara y apoyara con los documentos de presentaci\u00f3n de la protesta.<\/span><\/p>\t\t\t\t\t\t\t\t<\/div>\n\t\t\t\t<\/div>\n\t\t\t\t<div class=\"elementor-element elementor-element-4e8bb36 elementor-widget elementor-widget-text-editor\" data-id=\"4e8bb36\" data-element_type=\"widget\" data-e-type=\"widget\" data-widget_type=\"text-editor.default\">\n\t\t\t\t<div class=\"elementor-widget-container\">\n\t\t\t\t\t\t\t\t\t<p><span style=\"font-weight: 400;\">Se cre\u00f3 la Asociaci\u00f3n y se registr\u00f3 legalmente (NIF: G75613174), lo que garantiza la legitimidad y la organizaci\u00f3n formal, lo que demuestra la voluntad y la preparaci\u00f3n para explorar irregularidades procesales o penales relacionadas. <a href=\"https:\/\/protejacanillas.org\/es\/members\/\">Inf\u00f3rmese sobre la afiliaci\u00f3n<\/a><\/span><\/p>\t\t\t\t\t\t\t\t<\/div>\n\t\t\t\t<\/div>\n\t\t\t\t<div class=\"elementor-element elementor-element-82ad049 elementor-widget elementor-widget-text-editor\" data-id=\"82ad049\" data-element_type=\"widget\" data-e-type=\"widget\" data-widget_type=\"text-editor.default\">\n\t\t\t\t<div class=\"elementor-widget-container\">\n\t\t\t\t\t\t\t\t\t<p><span style=\"font-weight: 400;\">El equipo se puso en contacto con los partidos de la oposici\u00f3n para concienciar y reunir apoyo cuando qued\u00f3 claro que el alcalde no apoyar\u00eda la protesta<\/span><\/p>\t\t\t\t\t\t\t\t<\/div>\n\t\t\t\t<\/div>\n\t\t\t\t<div class=\"elementor-element elementor-element-524c697 elementor-widget elementor-widget-image\" data-id=\"524c697\" data-element_type=\"widget\" data-e-type=\"widget\" data-widget_type=\"image.default\">\n\t\t\t\t<div class=\"elementor-widget-container\">\n\t\t\t\t\t\t\t\t\t\t\t\t\t\t\t<img decoding=\"async\" width=\"150\" height=\"150\" src=\"https:\/\/protejacanillas.org\/wp-content\/uploads\/2025\/01\/tshirt-150x150.jpg\" class=\"attachment-thumbnail size-thumbnail wp-image-1209\" alt=\"\" srcset=\"https:\/\/protejacanillas.org\/wp-content\/uploads\/2025\/01\/tshirt-150x150.jpg 150w, https:\/\/protejacanillas.org\/wp-content\/uploads\/2025\/01\/tshirt-450x450.jpg 450w, https:\/\/protejacanillas.org\/wp-content\/uploads\/2025\/01\/tshirt-100x100.jpg 100w, https:\/\/protejacanillas.org\/wp-content\/uploads\/2025\/01\/tshirt-11x12.jpg 11w\" sizes=\"(max-width: 150px) 100vw, 150px\" \/>\t\t\t\t\t\t\t\t\t\t\t\t\t\t\t<\/div>\n\t\t\t\t<\/div>\n\t\t\t\t<div class=\"elementor-element elementor-element-c9500d9 elementor-widget elementor-widget-text-editor\" data-id=\"c9500d9\" data-element_type=\"widget\" data-e-type=\"widget\" data-widget_type=\"text-editor.default\">\n\t\t\t\t<div class=\"elementor-widget-container\">\n\t\t\t\t\t\t\t\t\t<p>El n\u00famero de miembros de la Asociaci\u00f3n est\u00e1 creciendo y en este sitio web se ha creado un \u00e1rea privada especialmente creada para compartir informaci\u00f3n.<\/p>\t\t\t\t\t\t\t\t<\/div>\n\t\t\t\t<\/div>\n\t\t\t\t\t<\/div>\n\t\t\t\t<\/div>\n\t\t<div class=\"elementor-element elementor-element-5ea28e3 e-grid e-con-boxed e-con e-parent\" data-id=\"5ea28e3\" data-element_type=\"container\" data-e-type=\"container\">\n\t\t\t\t\t<div class=\"e-con-inner\">\n\t\t\t\t<div class=\"elementor-element elementor-element-37d417c elementor-widget elementor-widget-text-editor\" data-id=\"37d417c\" data-element_type=\"widget\" data-e-type=\"widget\" data-widget_type=\"text-editor.default\">\n\t\t\t\t<div class=\"elementor-widget-container\">\n\t\t\t\t\t\t\t\t\t<p><span style=\"font-weight: 400;\">En 3 semanas, reunimos 1366 firmas (907 en l\u00ednea y 459 en papel). De Canillas de Aceituno: 641 (368 en l\u00ednea y 273 en papel). Los vecinos fueron puerta por puerta en los pueblos y aldeas locales<\/span><\/p>\t\t\t\t\t\t\t\t<\/div>\n\t\t\t\t<\/div>\n\t\t\t\t<div class=\"elementor-element elementor-element-598efb4 elementor-widget elementor-widget-text-editor\" data-id=\"598efb4\" data-element_type=\"widget\" data-e-type=\"widget\" data-widget_type=\"text-editor.default\">\n\t\t\t\t<div class=\"elementor-widget-container\">\n\t\t\t\t\t\t\t\t\t<p>Enviamos muchos comunicados de prensa y <span style=\"font-weight: 400;\">se publicaron 7 art\u00edculos de prensa en diversos medios de comunicaci\u00f3n: l\u00e9alos aqu\u00ed <a href=\"https:\/\/protejacanillas.org\/es\/in-the-press\/\">aqu\u00ed<\/a><\/span><\/p>\t\t\t\t\t\t\t\t<\/div>\n\t\t\t\t<\/div>\n\t\t\t\t<div class=\"elementor-element elementor-element-67b0374 elementor-widget elementor-widget-text-editor\" data-id=\"67b0374\" data-element_type=\"widget\" data-e-type=\"widget\" data-widget_type=\"text-editor.default\">\n\t\t\t\t<div class=\"elementor-widget-container\">\n\t\t\t\t\t\t\t\t\t<p><span style=\"font-weight: 400;\">Se present\u00f3 una solicitud legal formal de informaci\u00f3n al ayuntamiento para toda la documentaci\u00f3n relacionada, que han proporcionado; se han enviado preguntas de seguimiento.<\/span><\/p>\t\t\t\t\t\t\t\t<\/div>\n\t\t\t\t<\/div>\n\t\t\t\t<div class=\"elementor-element elementor-element-7cea991 elementor-widget elementor-widget-text-editor\" data-id=\"7cea991\" data-element_type=\"widget\" data-e-type=\"widget\" data-widget_type=\"text-editor.default\">\n\t\t\t\t<div class=\"elementor-widget-container\">\n\t\t\t\t\t\t\t\t\t<p>Se ha creado una cuenta bancaria que nos permitir\u00e1 aceptar donaciones y cuotas de membres\u00eda para ayudar a apoyar la protesta a largo plazo:<br \/>IBAN: ES27 2103 3028 5000 3001 6644<br \/>SWIFT BIC UCJAES2M<br \/>Nombre: Asoc Proteja Canillas de Aceituno<\/p>\t\t\t\t\t\t\t\t<\/div>\n\t\t\t\t<\/div>\n\t\t\t\t<div class=\"elementor-element elementor-element-48508db elementor-widget elementor-widget-text-editor\" data-id=\"48508db\" data-element_type=\"widget\" data-e-type=\"widget\" data-widget_type=\"text-editor.default\">\n\t\t\t\t<div class=\"elementor-widget-container\">\n\t\t\t\t\t\t\t\t\t<p>La Junta proporcion\u00f3 inicialmente documentaci\u00f3n relacionada, aunque los enlaces han sido inaccesibles. Seguimos solicitando m\u00e1s informaci\u00f3n y que se nos reconozca legalmente como parte interesada.<\/p>\t\t\t\t\t\t\t\t<\/div>\n\t\t\t\t<\/div>\n\t\t\t\t<div class=\"elementor-element elementor-element-be2c3df elementor-widget elementor-widget-text-editor\" data-id=\"be2c3df\" data-element_type=\"widget\" data-e-type=\"widget\" data-widget_type=\"text-editor.default\">\n\t\t\t\t<div class=\"elementor-widget-container\">\n\t\t\t\t\t\t\t\t\t<p>Se ha realizado una constante presi\u00f3n a la Junta sobre el proyecto y al Ayuntamiento para que se tomen medidas respecto a las carreteras construidas ilegalmente que, seg\u00fan el Ayuntamiento, han sido denunciadas.<\/p>\t\t\t\t\t\t\t\t<\/div>\n\t\t\t\t<\/div>\n\t\t\t\t\t<\/div>\n\t\t\t\t<\/div>\n\t\t\t\t<\/div>","protected":false},"excerpt":{"rendered":"<p>Please Make a Donation In order to continue fighting the proposed waste recycling and landfill site, we need financial contributions to help pay legal fees, professional fees and related other costs.\u00a0 If the project were to go ahead, we anticipate a significant negative impact to the local tourist trade as well as a substantial drop [&hellip;]<\/p>\n","protected":false},"author":2,"featured_media":0,"parent":0,"menu_order":0,"comment_status":"closed","ping_status":"closed","template":"","meta":{"nf_dc_page":"","_monsterinsights_skip_tracking":false,"_monsterinsights_sitenote_active":false,"_monsterinsights_sitenote_note":"","_monsterinsights_sitenote_category":0,"footnotes":""},"class_list":["post-1201","page","type-page","status-publish","hentry"],"yoast_head":"<!-- This site is optimized with the Yoast SEO plugin v27.4 - https:\/\/yoast.com\/product\/yoast-seo-wordpress\/ -->\n<title>Make a Donation - Protejacanillas<\/title>\n<meta name=\"robots\" content=\"index, follow, max-snippet:-1, max-image-preview:large, max-video-preview:-1\" \/>\n<link rel=\"canonical\" href=\"https:\/\/protejacanillas.org\/es\/make-a-donation\/\" \/>\n<meta property=\"og:locale\" content=\"es_ES\" \/>\n<meta property=\"og:type\" content=\"article\" \/>\n<meta property=\"og:title\" content=\"Make a Donation - Protejacanillas\" \/>\n<meta property=\"og:description\" content=\"Please Make a Donation In order to continue fighting the proposed waste recycling and landfill site, we need financial contributions to help pay legal fees, professional fees and related other costs.\u00a0 If the project were to go ahead, we anticipate a significant negative impact to the local tourist trade as well as a substantial drop [&hellip;]\" \/>\n<meta property=\"og:url\" content=\"https:\/\/protejacanillas.org\/es\/make-a-donation\/\" \/>\n<meta property=\"og:site_name\" content=\"Protejacanillas\" \/>\n<meta property=\"article:modified_time\" content=\"2025-09-11T13:38:09+00:00\" \/>\n<meta property=\"og:image\" content=\"https:\/\/protejacanillas.org\/wp-content\/uploads\/2024\/12\/logo.jpg\" \/>\n\t<meta property=\"og:image:width\" content=\"618\" \/>\n\t<meta property=\"og:image:height\" content=\"617\" \/>\n\t<meta property=\"og:image:type\" content=\"image\/jpeg\" \/>\n<meta name=\"twitter:card\" content=\"summary_large_image\" \/>\n<meta name=\"twitter:label1\" content=\"Tiempo de lectura\" \/>\n\t<meta name=\"twitter:data1\" content=\"3 minutos\" \/>\n<script type=\"application\/ld+json\" class=\"yoast-schema-graph\">{\"@context\":\"https:\\\/\\\/schema.org\",\"@graph\":[{\"@type\":\"WebPage\",\"@id\":\"https:\\\/\\\/protejacanillas.org\\\/make-a-donation\\\/\",\"url\":\"https:\\\/\\\/protejacanillas.org\\\/make-a-donation\\\/\",\"name\":\"Make a Donation - Protejacanillas\",\"isPartOf\":{\"@id\":\"https:\\\/\\\/protejacanillas.org\\\/#website\"},\"primaryImageOfPage\":{\"@id\":\"https:\\\/\\\/protejacanillas.org\\\/make-a-donation\\\/#primaryimage\"},\"image\":{\"@id\":\"https:\\\/\\\/protejacanillas.org\\\/make-a-donation\\\/#primaryimage\"},\"thumbnailUrl\":\"https:\\\/\\\/protejacanillas.org\\\/wp-content\\\/uploads\\\/2024\\\/12\\\/logo-150x150.jpg\",\"datePublished\":\"2025-01-26T18:01:00+00:00\",\"dateModified\":\"2025-09-11T13:38:09+00:00\",\"breadcrumb\":{\"@id\":\"https:\\\/\\\/protejacanillas.org\\\/make-a-donation\\\/#breadcrumb\"},\"inLanguage\":\"es\",\"potentialAction\":[{\"@type\":\"ReadAction\",\"target\":[\"https:\\\/\\\/protejacanillas.org\\\/make-a-donation\\\/\"]}]},{\"@type\":\"ImageObject\",\"inLanguage\":\"es\",\"@id\":\"https:\\\/\\\/protejacanillas.org\\\/make-a-donation\\\/#primaryimage\",\"url\":\"https:\\\/\\\/protejacanillas.org\\\/wp-content\\\/uploads\\\/2024\\\/12\\\/logo-150x150.jpg\",\"contentUrl\":\"https:\\\/\\\/protejacanillas.org\\\/wp-content\\\/uploads\\\/2024\\\/12\\\/logo-150x150.jpg\"},{\"@type\":\"BreadcrumbList\",\"@id\":\"https:\\\/\\\/protejacanillas.org\\\/make-a-donation\\\/#breadcrumb\",\"itemListElement\":[{\"@type\":\"ListItem\",\"position\":1,\"name\":\"Home\",\"item\":\"https:\\\/\\\/protejacanillas.org\\\/\"},{\"@type\":\"ListItem\",\"position\":2,\"name\":\"Make a Donation\"}]},{\"@type\":\"WebSite\",\"@id\":\"https:\\\/\\\/protejacanillas.org\\\/#website\",\"url\":\"https:\\\/\\\/protejacanillas.org\\\/\",\"name\":\"Protejacanillas\",\"description\":\"\",\"publisher\":{\"@id\":\"https:\\\/\\\/protejacanillas.org\\\/#organization\"},\"potentialAction\":[{\"@type\":\"SearchAction\",\"target\":{\"@type\":\"EntryPoint\",\"urlTemplate\":\"https:\\\/\\\/protejacanillas.org\\\/?s={search_term_string}\"},\"query-input\":{\"@type\":\"PropertyValueSpecification\",\"valueRequired\":true,\"valueName\":\"search_term_string\"}}],\"inLanguage\":\"es\"},{\"@type\":\"Organization\",\"@id\":\"https:\\\/\\\/protejacanillas.org\\\/#organization\",\"name\":\"Protejacanillas\",\"url\":\"https:\\\/\\\/protejacanillas.org\\\/\",\"logo\":{\"@type\":\"ImageObject\",\"inLanguage\":\"es\",\"@id\":\"https:\\\/\\\/protejacanillas.org\\\/#\\\/schema\\\/logo\\\/image\\\/\",\"url\":\"https:\\\/\\\/protejacanillas.org\\\/wp-content\\\/uploads\\\/2024\\\/11\\\/valley-to-be-filled-1.jpg\",\"contentUrl\":\"https:\\\/\\\/protejacanillas.org\\\/wp-content\\\/uploads\\\/2024\\\/11\\\/valley-to-be-filled-1.jpg\",\"width\":1600,\"height\":1200,\"caption\":\"Protejacanillas\"},\"image\":{\"@id\":\"https:\\\/\\\/protejacanillas.org\\\/#\\\/schema\\\/logo\\\/image\\\/\"}}]}<\/script>\n<!-- \/ Yoast SEO plugin. -->","yoast_head_json":{"title":"Make a Donation - Protejacanillas","robots":{"index":"index","follow":"follow","max-snippet":"max-snippet:-1","max-image-preview":"max-image-preview:large","max-video-preview":"max-video-preview:-1"},"canonical":"https:\/\/protejacanillas.org\/es\/make-a-donation\/","og_locale":"es_ES","og_type":"article","og_title":"Make a Donation - Protejacanillas","og_description":"Please Make a Donation In order to continue fighting the proposed waste recycling and landfill site, we need financial contributions to help pay legal fees, professional fees and related other costs.\u00a0 If the project were to go ahead, we anticipate a significant negative impact to the local tourist trade as well as a substantial drop [&hellip;]","og_url":"https:\/\/protejacanillas.org\/es\/make-a-donation\/","og_site_name":"Protejacanillas","article_modified_time":"2025-09-11T13:38:09+00:00","og_image":[{"width":618,"height":617,"url":"https:\/\/protejacanillas.org\/wp-content\/uploads\/2024\/12\/logo.jpg","type":"image\/jpeg"}],"twitter_card":"summary_large_image","twitter_misc":{"Tiempo de lectura":"3 minutos"},"schema":{"@context":"https:\/\/schema.org","@graph":[{"@type":"WebPage","@id":"https:\/\/protejacanillas.org\/make-a-donation\/","url":"https:\/\/protejacanillas.org\/make-a-donation\/","name":"Make a Donation - Protejacanillas","isPartOf":{"@id":"https:\/\/protejacanillas.org\/#website"},"primaryImageOfPage":{"@id":"https:\/\/protejacanillas.org\/make-a-donation\/#primaryimage"},"image":{"@id":"https:\/\/protejacanillas.org\/make-a-donation\/#primaryimage"},"thumbnailUrl":"https:\/\/protejacanillas.org\/wp-content\/uploads\/2024\/12\/logo-150x150.jpg","datePublished":"2025-01-26T18:01:00+00:00","dateModified":"2025-09-11T13:38:09+00:00","breadcrumb":{"@id":"https:\/\/protejacanillas.org\/make-a-donation\/#breadcrumb"},"inLanguage":"es","potentialAction":[{"@type":"ReadAction","target":["https:\/\/protejacanillas.org\/make-a-donation\/"]}]},{"@type":"ImageObject","inLanguage":"es","@id":"https:\/\/protejacanillas.org\/make-a-donation\/#primaryimage","url":"https:\/\/protejacanillas.org\/wp-content\/uploads\/2024\/12\/logo-150x150.jpg","contentUrl":"https:\/\/protejacanillas.org\/wp-content\/uploads\/2024\/12\/logo-150x150.jpg"},{"@type":"BreadcrumbList","@id":"https:\/\/protejacanillas.org\/make-a-donation\/#breadcrumb","itemListElement":[{"@type":"ListItem","position":1,"name":"Home","item":"https:\/\/protejacanillas.org\/"},{"@type":"ListItem","position":2,"name":"Make a Donation"}]},{"@type":"WebSite","@id":"https:\/\/protejacanillas.org\/#website","url":"https:\/\/protejacanillas.org\/","name":"Protejacanillas","description":"","publisher":{"@id":"https:\/\/protejacanillas.org\/#organization"},"potentialAction":[{"@type":"SearchAction","target":{"@type":"EntryPoint","urlTemplate":"https:\/\/protejacanillas.org\/?s={search_term_string}"},"query-input":{"@type":"PropertyValueSpecification","valueRequired":true,"valueName":"search_term_string"}}],"inLanguage":"es"},{"@type":"Organization","@id":"https:\/\/protejacanillas.org\/#organization","name":"Protejacanillas","url":"https:\/\/protejacanillas.org\/","logo":{"@type":"ImageObject","inLanguage":"es","@id":"https:\/\/protejacanillas.org\/#\/schema\/logo\/image\/","url":"https:\/\/protejacanillas.org\/wp-content\/uploads\/2024\/11\/valley-to-be-filled-1.jpg","contentUrl":"https:\/\/protejacanillas.org\/wp-content\/uploads\/2024\/11\/valley-to-be-filled-1.jpg","width":1600,"height":1200,"caption":"Protejacanillas"},"image":{"@id":"https:\/\/protejacanillas.org\/#\/schema\/logo\/image\/"}}]}},"_links":{"self":[{"href":"https:\/\/protejacanillas.org\/es\/wp-json\/wp\/v2\/pages\/1201","targetHints":{"allow":["GET"]}}],"collection":[{"href":"https:\/\/protejacanillas.org\/es\/wp-json\/wp\/v2\/pages"}],"about":[{"href":"https:\/\/protejacanillas.org\/es\/wp-json\/wp\/v2\/types\/page"}],"author":[{"embeddable":true,"href":"https:\/\/protejacanillas.org\/es\/wp-json\/wp\/v2\/users\/2"}],"replies":[{"embeddable":true,"href":"https:\/\/protejacanillas.org\/es\/wp-json\/wp\/v2\/comments?post=1201"}],"version-history":[{"count":20,"href":"https:\/\/protejacanillas.org\/es\/wp-json\/wp\/v2\/pages\/1201\/revisions"}],"predecessor-version":[{"id":1491,"href":"https:\/\/protejacanillas.org\/es\/wp-json\/wp\/v2\/pages\/1201\/revisions\/1491"}],"wp:attachment":[{"href":"https:\/\/protejacanillas.org\/es\/wp-json\/wp\/v2\/media?parent=1201"}],"curies":[{"name":"wp","href":"https:\/\/api.w.org\/{rel}","templated":true}]}}