{"id":1186,"date":"2025-01-26T14:56:55","date_gmt":"2025-01-26T13:56:55","guid":{"rendered":"https:\/\/protejacanillas.org\/?page_id=1186"},"modified":"2025-09-11T14:58:45","modified_gmt":"2025-09-11T12:58:45","slug":"membership","status":"publish","type":"page","link":"https:\/\/protejacanillas.org\/es\/membership\/","title":{"rendered":"Membership"},"content":{"rendered":"<div data-elementor-type=\"wp-page\" data-elementor-id=\"1186\" class=\"elementor elementor-1186\">\n\t\t\t\t<div class=\"elementor-element elementor-element-182f1fe e-flex e-con-boxed e-con e-parent\" data-id=\"182f1fe\" data-element_type=\"container\" data-e-type=\"container\">\n\t\t\t\t\t<div class=\"e-con-inner\">\n\t\t\t\t<div class=\"elementor-element elementor-element-829d75f elementor-widget elementor-widget-heading\" data-id=\"829d75f\" data-element_type=\"widget\" data-e-type=\"widget\" data-widget_type=\"heading.default\">\n\t\t\t\t<div class=\"elementor-widget-container\">\n\t\t\t\t\t<h2 class=\"elementor-heading-title elementor-size-default\">Membres\u00eda de la Asociaci\u00f3n<\/h2>\t\t\t\t<\/div>\n\t\t\t\t<\/div>\n\t\t\t\t\t<\/div>\n\t\t\t\t<\/div>\n\t\t<div class=\"elementor-element elementor-element-90c653b e-grid e-con-full e-con e-parent\" data-id=\"90c653b\" data-element_type=\"container\" data-e-type=\"container\">\n\t\t\t\t<div class=\"elementor-element elementor-element-50d484f elementor-widget elementor-widget-text-editor\" data-id=\"50d484f\" data-element_type=\"widget\" data-e-type=\"widget\" data-widget_type=\"text-editor.default\">\n\t\t\t\t<div class=\"elementor-widget-container\">\n\t\t\t\t\t\t\t\t\t<p><span style=\"font-weight: 400;\">You are invited to join our Association dedicated to preserving the beauty and wellbeing of the countryside in Canillas de Aceituno and surrounding areas, which is currently under threat from proposed waste recycling and landfill project. <\/span><span style=\"text-align: var(--text-align); background-color: var(--wp--preset--color--background); font-size: var(--wp--preset--font-size--medium);\">Juntos, podemos asegurarnos de que nuestras voces sean escuchadas.\u00a0<\/span><\/p><p><span style=\"font-weight: 400;\">Damos la bienvenida a todos aquellos que se preocupan por preservar la belleza natural y la seguridad de nuestra \u00e1rea, ya sea que deseen participar activamente o simplemente mostrar su apoyo a trav\u00e9s de la membres\u00eda.<\/span><\/p><p><span style=\"font-weight: 400;\">Nuestra estrategia combina argumentos basados \u200b\u200ben evidencia, asociaciones de expertos y acciones impulsadas por la comunidad para desafiar este proyecto de manera efectiva. Al permanecer unidos, creemos que podemos proteger nuestro valle para las generaciones actuales y futuras.<\/span><\/p>\t\t\t\t\t\t\t\t<\/div>\n\t\t\t\t<\/div>\n\t\t\t\t<div class=\"elementor-element elementor-element-1a395ad elementor-widget elementor-widget-image\" data-id=\"1a395ad\" data-element_type=\"widget\" data-e-type=\"widget\" data-widget_type=\"image.default\">\n\t\t\t\t<div class=\"elementor-widget-container\">\n\t\t\t\t\t\t\t\t\t\t\t\t\t\t\t<img fetchpriority=\"high\" decoding=\"async\" width=\"768\" height=\"576\" src=\"https:\/\/protejacanillas.org\/wp-content\/uploads\/2024\/11\/sunset-maroma-768x576.jpg\" class=\"attachment-medium_large size-medium_large wp-image-600\" alt=\"\" srcset=\"https:\/\/protejacanillas.org\/wp-content\/uploads\/2024\/11\/sunset-maroma-768x576.jpg 768w, https:\/\/protejacanillas.org\/wp-content\/uploads\/2024\/11\/sunset-maroma-scaled-600x450.jpg 600w, https:\/\/protejacanillas.org\/wp-content\/uploads\/2024\/11\/sunset-maroma-300x225.jpg 300w, https:\/\/protejacanillas.org\/wp-content\/uploads\/2024\/11\/sunset-maroma-1024x768.jpg 1024w, https:\/\/protejacanillas.org\/wp-content\/uploads\/2024\/11\/sunset-maroma-1536x1152.jpg 1536w, https:\/\/protejacanillas.org\/wp-content\/uploads\/2024\/11\/sunset-maroma-2048x1536.jpg 2048w, https:\/\/protejacanillas.org\/wp-content\/uploads\/2024\/11\/sunset-maroma-16x12.jpg 16w\" sizes=\"(max-width: 768px) 100vw, 768px\" \/>\t\t\t\t\t\t\t\t\t\t\t\t\t\t\t<\/div>\n\t\t\t\t<\/div>\n\t\t\t\t<\/div>\n\t\t<div class=\"elementor-element elementor-element-93388d9 e-grid e-con-full e-con e-parent\" data-id=\"93388d9\" data-element_type=\"container\" data-e-type=\"container\">\n\t\t\t\t<div class=\"elementor-element elementor-element-1c95c1e elementor-widget elementor-widget-text-editor\" data-id=\"1c95c1e\" data-element_type=\"widget\" data-e-type=\"widget\" data-widget_type=\"text-editor.default\">\n\t\t\t\t<div class=\"elementor-widget-container\">\n\t\t\t\t\t\t\t\t\t<p><span style=\"font-weight: 400;\">Some key <\/span><b>benefits <\/b><span style=\"font-weight: 400;\">Algunos de los principales beneficios de la membres\u00eda incluyen:<\/span><\/p>\n<ol>\n<li style=\"font-weight: 400;\" aria-level=\"1\"><b>Participaci\u00f3n activa en la toma de decisiones:&nbsp;<\/b><span style=\"font-weight: 400;\">los miembros pueden votar sobre decisiones importantes y proponer ideas.&nbsp;<\/span><span style=\"font-weight: 400;\">Tener voz en la definici\u00f3n de las estrategias y actividades de la Asociaci\u00f3n.<\/span><\/li>\n<li style=\"font-weight: 400;\" aria-level=\"1\"><b>Apoyo a las iniciativas de defensa de derechos:&nbsp;<\/b><span style=\"font-weight: 400;\">ayudar a plantear inquietudes a las autoridades o presentar objeciones formales a proyectos perjudiciales.&nbsp;<\/span><span style=\"font-weight: 400;\">Ser parte de un esfuerzo colectivo para responsabilizar a las instituciones p\u00fablicas en materia de transparencia e inclusi\u00f3n.<\/span><\/li>\n<li style=\"font-weight: 400;\" aria-level=\"1\"><b>Actualizaciones y comunicaci\u00f3n peri\u00f3dicas&nbsp;<\/b><span style=\"font-weight: 400;\">mantenerse informado sobre los proyectos en curso, los logros y las oportunidades de participar.<\/span><\/li>\n<\/ol>\t\t\t\t\t\t\t\t<\/div>\n\t\t\t\t<\/div>\n\t\t\t\t<div class=\"elementor-element elementor-element-d1578fa elementor-widget elementor-widget-image\" data-id=\"d1578fa\" data-element_type=\"widget\" data-e-type=\"widget\" data-widget_type=\"image.default\">\n\t\t\t\t<div class=\"elementor-widget-container\">\n\t\t\t\t\t\t\t\t\t\t\t\t\t\t\t<img decoding=\"async\" width=\"282\" height=\"286\" src=\"https:\/\/protejacanillas.org\/wp-content\/uploads\/2025\/01\/membership-benefits.jpg\" class=\"attachment-medium size-medium wp-image-1191\" alt=\"\" srcset=\"https:\/\/protejacanillas.org\/wp-content\/uploads\/2025\/01\/membership-benefits.jpg 282w, https:\/\/protejacanillas.org\/wp-content\/uploads\/2025\/01\/membership-benefits-100x100.jpg 100w, https:\/\/protejacanillas.org\/wp-content\/uploads\/2025\/01\/membership-benefits-12x12.jpg 12w\" sizes=\"(max-width: 282px) 100vw, 282px\" \/>\t\t\t\t\t\t\t\t\t\t\t\t\t\t\t<\/div>\n\t\t\t\t<\/div>\n\t\t\t\t<\/div>\n\t\t<div class=\"elementor-element elementor-element-040bcad e-flex e-con-boxed e-con e-parent\" data-id=\"040bcad\" data-element_type=\"container\" data-e-type=\"container\">\n\t\t\t\t\t<div class=\"e-con-inner\">\n\t\t\t\t<div class=\"elementor-element elementor-element-a36ccc1 elementor-widget elementor-widget-heading\" data-id=\"a36ccc1\" data-element_type=\"widget\" data-e-type=\"widget\" data-widget_type=\"heading.default\">\n\t\t\t\t<div class=\"elementor-widget-container\">\n\t\t\t\t\t<h3 class=\"elementor-heading-title elementor-size-default\">Nuestra misi\u00f3n y objetivos<\/h3>\t\t\t\t<\/div>\n\t\t\t\t<\/div>\n\t\t\t\t\t<\/div>\n\t\t\t\t<\/div>\n\t\t<div class=\"elementor-element elementor-element-5743802 e-grid e-con-full e-con e-parent\" data-id=\"5743802\" data-element_type=\"container\" data-e-type=\"container\">\n\t\t\t\t<div class=\"elementor-element elementor-element-1300e3a elementor-widget elementor-widget-text-editor\" data-id=\"1300e3a\" data-element_type=\"widget\" data-e-type=\"widget\" data-widget_type=\"text-editor.default\">\n\t\t\t\t<div class=\"elementor-widget-container\">\n\t\t\t\t\t\t\t\t\t<p><span style=\"font-weight: 400;\">Nuestra misi\u00f3n <\/span><b>mission <\/b><span style=\"font-weight: 400;\">es salvaguardar la belleza natural, el patrimonio cultural y la integridad ecol\u00f3gica de nuestro valle y sus alrededores. Nos comprometemos a garantizar que este entorno \u00fanico se preserve para las generaciones futuras mediante la participaci\u00f3n proactiva, la supervisi\u00f3n legal y las pr\u00e1cticas comunitarias sostenibles.<\/span><\/p><p><span style=\"font-weight: 400;\">Imaginamos un futuro en el que los valles y los paisajes que apreciamos permanezcan intactos por el da\u00f1o ambiental, sirviendo como un santuario para la biodiversidad y una fuente de inspiraci\u00f3n y bienestar para nuestra comunidad. Al fomentar una apreciaci\u00f3n compartida por el diverso patrimonio cultural y natural del valle, nuestro objetivo es unir a la comunidad para preservar su belleza y, al mismo tiempo, garantizar la transparencia y la rendici\u00f3n de cuentas en la gobernanza local.<\/span><\/p>\t\t\t\t\t\t\t\t<\/div>\n\t\t\t\t<\/div>\n\t\t\t\t<div class=\"elementor-element elementor-element-5aa1e8b elementor-widget elementor-widget-text-editor\" data-id=\"5aa1e8b\" data-element_type=\"widget\" data-e-type=\"widget\" data-widget_type=\"text-editor.default\">\n\t\t\t\t<div class=\"elementor-widget-container\">\n\t\t\t\t\t\t\t\t\t<p><span style=\"font-weight: 400;\">Tenemos objetivos muy simples <\/span><b>goals <\/b><span style=\"font-weight: 400;\">a trav\u00e9s de los cuales nuestra Asociaci\u00f3n busca crear un legado de responsabilidad ambiental y resiliencia que beneficiar\u00e1 a nuestra comunidad para las generaciones futuras:<\/span><\/p><ul><li style=\"font-weight: 400;\" aria-level=\"1\"><b>Prevenir riesgos de seguridad o da\u00f1os ambientales<\/b><span style=\"font-weight: 400;\"> oponerse activamente a proyectos e iniciativas que representen una amenaza para el p\u00fablico o el medio ambiente incluidos aquellos que puedan provocar contaminaci\u00f3n, destrucci\u00f3n del h\u00e1bitat o una alteraci\u00f3n ecol\u00f3gica significativa.<\/span><\/li><li><b>Abogac\u00eda por la transparencia <\/b><span style=\"font-weight: 400;\">File formal requests under access-to-information laws to obtain project details and push for greater public awareness and consultations as part of approval processes for local developments or projects impacting the community<\/span><\/li><\/ul>\t\t\t\t\t\t\t\t<\/div>\n\t\t\t\t<\/div>\n\t\t\t\t<\/div>\n\t\t<div class=\"elementor-element elementor-element-c8d0cc0 e-grid e-con-boxed e-con e-parent\" data-id=\"c8d0cc0\" data-element_type=\"container\" data-e-type=\"container\">\n\t\t\t\t\t<div class=\"e-con-inner\">\n\t\t\t\t<div class=\"elementor-element elementor-element-28bfbdb elementor-widget elementor-widget-button\" data-id=\"28bfbdb\" data-element_type=\"widget\" data-e-type=\"widget\" data-widget_type=\"button.default\">\n\t\t\t\t<div class=\"elementor-widget-container\">\n\t\t\t\t\t\t\t\t\t<div class=\"elementor-button-wrapper\">\n\t\t\t\t\t<a class=\"elementor-button elementor-button-link elementor-size-sm\" href=\"\" target=\"_blank\">\n\t\t\t\t\t\t<span class=\"elementor-button-content-wrapper\">\n\t\t\t\t\t\t<span class=\"elementor-button-icon\">\n\t\t\t\t<svg aria-hidden=\"true\" class=\"e-font-icon-svg e-fas-download\" viewbox=\"0 0 512 512\" xmlns=\"http:\/\/www.w3.org\/2000\/svg\"><path d=\"M216 0h80c13.3 0 24 10.7 24 24v168h87.7c17.8 0 26.7 21.5 14.1 34.1L269.7 378.3c-7.5 7.5-19.8 7.5-27.3 0L90.1 226.1c-12.6-12.6-3.7-34.1 14.1-34.1H192V24c0-13.3 10.7-24 24-24zm296 376v112c0 13.3-10.7 24-24 24H24c-13.3 0-24-10.7-24-24V376c0-13.3 10.7-24 24-24h146.7l49 49c20.1 20.1 52.5 20.1 72.6 0l49-49H488c13.3 0 24 10.7 24 24zm-124 88c0-11-9-20-20-20s-20 9-20 20 9 20 20 20 20-9 20-20zm64 0c0-11-9-20-20-20s-20 9-20 20 9 20 20 20 20-9 20-20z\"><\/path><\/svg>\t\t\t<\/span>\n\t\t\t\t\t\t\t\t\t<span class=\"elementor-button-text\">Membership Description<\/span>\n\t\t\t\t\t<\/span>\n\t\t\t\t\t<\/a>\n\t\t\t\t<\/div>\n\t\t\t\t\t\t\t\t<\/div>\n\t\t\t\t<\/div>\n\t\t\t\t<div class=\"elementor-element elementor-element-c6e5773 elementor-widget elementor-widget-button\" data-id=\"c6e5773\" data-element_type=\"widget\" data-e-type=\"widget\" data-widget_type=\"button.default\">\n\t\t\t\t<div class=\"elementor-widget-container\">\n\t\t\t\t\t\t\t\t\t<div class=\"elementor-button-wrapper\">\n\t\t\t\t\t<a class=\"elementor-button elementor-button-link elementor-size-sm\" href=\"\">\n\t\t\t\t\t\t<span class=\"elementor-button-content-wrapper\">\n\t\t\t\t\t\t<span class=\"elementor-button-icon\">\n\t\t\t\t<svg aria-hidden=\"true\" class=\"e-font-icon-svg e-fas-download\" viewbox=\"0 0 512 512\" xmlns=\"http:\/\/www.w3.org\/2000\/svg\"><path d=\"M216 0h80c13.3 0 24 10.7 24 24v168h87.7c17.8 0 26.7 21.5 14.1 34.1L269.7 378.3c-7.5 7.5-19.8 7.5-27.3 0L90.1 226.1c-12.6-12.6-3.7-34.1 14.1-34.1H192V24c0-13.3 10.7-24 24-24zm296 376v112c0 13.3-10.7 24-24 24H24c-13.3 0-24-10.7-24-24V376c0-13.3 10.7-24 24-24h146.7l49 49c20.1 20.1 52.5 20.1 72.6 0l49-49H488c13.3 0 24 10.7 24 24zm-124 88c0-11-9-20-20-20s-20 9-20 20 9 20 20 20 20-9 20-20zm64 0c0-11-9-20-20-20s-20 9-20 20 9 20 20 20 20-9 20-20z\"><\/path><\/svg>\t\t\t<\/span>\n\t\t\t\t\t\t\t\t\t<span class=\"elementor-button-text\">Descripci\u00f3n de la Membres\u00eda<\/span>\n\t\t\t\t\t<\/span>\n\t\t\t\t\t<\/a>\n\t\t\t\t<\/div>\n\t\t\t\t\t\t\t\t<\/div>\n\t\t\t\t<\/div>\n\t\t\t\t\t<\/div>\n\t\t\t\t<\/div>\n\t\t<div class=\"elementor-element elementor-element-9191833 e-flex e-con-boxed e-con e-parent\" data-id=\"9191833\" data-element_type=\"container\" data-e-type=\"container\">\n\t\t\t\t\t<div class=\"e-con-inner\">\n\t\t\t\t<div class=\"elementor-element elementor-element-6a9ee67 elementor-widget elementor-widget-spacer\" data-id=\"6a9ee67\" data-element_type=\"widget\" data-e-type=\"widget\" data-widget_type=\"spacer.default\">\n\t\t\t\t<div class=\"elementor-widget-container\">\n\t\t\t\t\t\t\t<div class=\"elementor-spacer\">\n\t\t\t<div class=\"elementor-spacer-inner\"><\/div>\n\t\t<\/div>\n\t\t\t\t\t\t<\/div>\n\t\t\t\t<\/div>\n\t\t\t\t<div class=\"elementor-element elementor-element-cc5a1cc elementor-widget elementor-widget-heading\" data-id=\"cc5a1cc\" data-element_type=\"widget\" data-e-type=\"widget\" data-widget_type=\"heading.default\">\n\t\t\t\t<div class=\"elementor-widget-container\">\n\t\t\t\t\t<h2 class=\"elementor-heading-title elementor-size-default\">C\u00f3mo unirse<\/h2>\t\t\t\t<\/div>\n\t\t\t\t<\/div>\n\t\t\t\t\t<\/div>\n\t\t\t\t<\/div>\n\t\t<div class=\"elementor-element elementor-element-cde00dd e-flex e-con-boxed e-con e-parent\" data-id=\"cde00dd\" data-element_type=\"container\" data-e-type=\"container\">\n\t\t\t\t\t<div class=\"e-con-inner\">\n\t\t\t\t<div class=\"elementor-element elementor-element-9d69309 elementor-widget elementor-widget-text-editor\" data-id=\"9d69309\" data-element_type=\"widget\" data-e-type=\"widget\" data-widget_type=\"text-editor.default\">\n\t\t\t\t<div class=\"elementor-widget-container\">\n\t\t\t\t\t\t\t\t\t<p><span style=\"font-weight: 400;\">Env\u00edanos un correo electr\u00f3nico<\/span><a href=\"mailto:protejacanillas@gmail.com\"><span style=\"font-weight: 400;\">protejacanillas@gmail.com<\/span><\/a><span style=\"font-weight: 400;\">con tu nombre, DNI\/NIE, direcci\u00f3n y direcci\u00f3n de correo electr\u00f3nico solicitando unirte a nosotros.\u00a0 <\/span><b><i>Legalmente necesitamos estos datos, pero los mantendremos seguros y confidenciales.<\/i><\/b><\/p><p><span style=\"font-weight: 400;\">We ask for a small membership fee of 5 euro to ensure we can be as inclusive as possible, but request larger, voluntary donations to help fund legal fees, and professional expenses (for example the Environmental Study).\u00a0 You can transfer the membership fee and \/ or voluntary donations to: <\/span><\/p><p>IBAN: ES27 2103 3028 5000 3001 6644<br \/><span style=\"text-align: var(--text-align); background-color: var(--wp--preset--color--background); font-size: var(--wp--preset--font-size--medium);\">SWIFT BIC Code UCJAES2M<br \/>A nombre de <\/span><b style=\"text-align: var(--text-align); background-color: var(--wp--preset--color--background); font-size: var(--wp--preset--font-size--medium);\">Asoc Proteja Canillas de Aceituno. <\/b><span style=\"text-align: var(--text-align); background-color: var(--wp--preset--color--background); font-size: var(--wp--preset--font-size--medium);\">\u00a0Por favor, incluye tu nombre en la transferencia.<\/span><\/p><p><span style=\"font-weight: 400;\">Si tienes alguna pregunta, ponte en contacto con nosotros en <\/span><a href=\"mailto:protejacanillas@gmail.com\"><span style=\"font-weight: 400;\">protejacanillas@gmail.com<\/span><\/a><span style=\"font-weight: 400;\">\u00a1Esperamos darte la bienvenida a la Asociaci\u00f3n! <\/span><\/p>\t\t\t\t\t\t\t\t<\/div>\n\t\t\t\t<\/div>\n\t\t\t\t\t<\/div>\n\t\t\t\t<\/div>\n\t\t\t\t<\/div>","protected":false},"excerpt":{"rendered":"<p>Association Membership You are invited to join our Association dedicated to preserving the beauty and wellbeing of the countryside in Canillas de Aceituno and surrounding areas, which is currently under threat from proposed waste recycling and landfill project. Together, we can ensure our voices are heard.\u00a0 We welcome everyone who cares about preserving the natural [&hellip;]<\/p>\n","protected":false},"author":2,"featured_media":0,"parent":0,"menu_order":0,"comment_status":"closed","ping_status":"closed","template":"","meta":{"nf_dc_page":"","_monsterinsights_skip_tracking":false,"_monsterinsights_sitenote_active":false,"_monsterinsights_sitenote_note":"","_monsterinsights_sitenote_category":0,"footnotes":""},"class_list":["post-1186","page","type-page","status-publish","hentry"],"yoast_head":"<!-- This site is optimized with the Yoast SEO plugin v27.4 - https:\/\/yoast.com\/product\/yoast-seo-wordpress\/ -->\n<title>Membership - Protejacanillas<\/title>\n<meta name=\"robots\" content=\"index, follow, max-snippet:-1, max-image-preview:large, max-video-preview:-1\" \/>\n<link rel=\"canonical\" href=\"https:\/\/protejacanillas.org\/es\/membership\/\" \/>\n<meta property=\"og:locale\" content=\"es_ES\" \/>\n<meta property=\"og:type\" content=\"article\" \/>\n<meta property=\"og:title\" content=\"Membership - Protejacanillas\" \/>\n<meta property=\"og:description\" content=\"Association Membership You are invited to join our Association dedicated to preserving the beauty and wellbeing of the countryside in Canillas de Aceituno and surrounding areas, which is currently under threat from proposed waste recycling and landfill project. Together, we can ensure our voices are heard.\u00a0 We welcome everyone who cares about preserving the natural [&hellip;]\" \/>\n<meta property=\"og:url\" content=\"https:\/\/protejacanillas.org\/es\/membership\/\" \/>\n<meta property=\"og:site_name\" content=\"Protejacanillas\" \/>\n<meta property=\"article:modified_time\" content=\"2025-09-11T12:58:45+00:00\" \/>\n<meta property=\"og:image\" content=\"https:\/\/protejacanillas.org\/wp-content\/uploads\/2024\/11\/sunset-maroma-scaled.jpg\" \/>\n\t<meta property=\"og:image:width\" content=\"2560\" \/>\n\t<meta property=\"og:image:height\" content=\"1920\" \/>\n\t<meta property=\"og:image:type\" content=\"image\/jpeg\" \/>\n<meta name=\"twitter:card\" content=\"summary_large_image\" \/>\n<meta name=\"twitter:label1\" content=\"Tiempo de lectura\" \/>\n\t<meta name=\"twitter:data1\" content=\"3 minutos\" \/>\n<script type=\"application\/ld+json\" class=\"yoast-schema-graph\">{\"@context\":\"https:\\\/\\\/schema.org\",\"@graph\":[{\"@type\":\"WebPage\",\"@id\":\"https:\\\/\\\/protejacanillas.org\\\/membership\\\/\",\"url\":\"https:\\\/\\\/protejacanillas.org\\\/membership\\\/\",\"name\":\"Membership - Protejacanillas\",\"isPartOf\":{\"@id\":\"https:\\\/\\\/protejacanillas.org\\\/#website\"},\"primaryImageOfPage\":{\"@id\":\"https:\\\/\\\/protejacanillas.org\\\/membership\\\/#primaryimage\"},\"image\":{\"@id\":\"https:\\\/\\\/protejacanillas.org\\\/membership\\\/#primaryimage\"},\"thumbnailUrl\":\"https:\\\/\\\/protejacanillas.org\\\/wp-content\\\/uploads\\\/2024\\\/11\\\/sunset-maroma-768x576.jpg\",\"datePublished\":\"2025-01-26T13:56:55+00:00\",\"dateModified\":\"2025-09-11T12:58:45+00:00\",\"breadcrumb\":{\"@id\":\"https:\\\/\\\/protejacanillas.org\\\/membership\\\/#breadcrumb\"},\"inLanguage\":\"es\",\"potentialAction\":[{\"@type\":\"ReadAction\",\"target\":[\"https:\\\/\\\/protejacanillas.org\\\/membership\\\/\"]}]},{\"@type\":\"ImageObject\",\"inLanguage\":\"es\",\"@id\":\"https:\\\/\\\/protejacanillas.org\\\/membership\\\/#primaryimage\",\"url\":\"https:\\\/\\\/protejacanillas.org\\\/wp-content\\\/uploads\\\/2024\\\/11\\\/sunset-maroma-768x576.jpg\",\"contentUrl\":\"https:\\\/\\\/protejacanillas.org\\\/wp-content\\\/uploads\\\/2024\\\/11\\\/sunset-maroma-768x576.jpg\"},{\"@type\":\"BreadcrumbList\",\"@id\":\"https:\\\/\\\/protejacanillas.org\\\/membership\\\/#breadcrumb\",\"itemListElement\":[{\"@type\":\"ListItem\",\"position\":1,\"name\":\"Home\",\"item\":\"https:\\\/\\\/protejacanillas.org\\\/\"},{\"@type\":\"ListItem\",\"position\":2,\"name\":\"Membership\"}]},{\"@type\":\"WebSite\",\"@id\":\"https:\\\/\\\/protejacanillas.org\\\/#website\",\"url\":\"https:\\\/\\\/protejacanillas.org\\\/\",\"name\":\"Protejacanillas\",\"description\":\"\",\"publisher\":{\"@id\":\"https:\\\/\\\/protejacanillas.org\\\/#organization\"},\"potentialAction\":[{\"@type\":\"SearchAction\",\"target\":{\"@type\":\"EntryPoint\",\"urlTemplate\":\"https:\\\/\\\/protejacanillas.org\\\/?s={search_term_string}\"},\"query-input\":{\"@type\":\"PropertyValueSpecification\",\"valueRequired\":true,\"valueName\":\"search_term_string\"}}],\"inLanguage\":\"es\"},{\"@type\":\"Organization\",\"@id\":\"https:\\\/\\\/protejacanillas.org\\\/#organization\",\"name\":\"Protejacanillas\",\"url\":\"https:\\\/\\\/protejacanillas.org\\\/\",\"logo\":{\"@type\":\"ImageObject\",\"inLanguage\":\"es\",\"@id\":\"https:\\\/\\\/protejacanillas.org\\\/#\\\/schema\\\/logo\\\/image\\\/\",\"url\":\"https:\\\/\\\/protejacanillas.org\\\/wp-content\\\/uploads\\\/2024\\\/11\\\/valley-to-be-filled-1.jpg\",\"contentUrl\":\"https:\\\/\\\/protejacanillas.org\\\/wp-content\\\/uploads\\\/2024\\\/11\\\/valley-to-be-filled-1.jpg\",\"width\":1600,\"height\":1200,\"caption\":\"Protejacanillas\"},\"image\":{\"@id\":\"https:\\\/\\\/protejacanillas.org\\\/#\\\/schema\\\/logo\\\/image\\\/\"}}]}<\/script>\n<!-- \/ Yoast SEO plugin. -->","yoast_head_json":{"title":"Membership - Protejacanillas","robots":{"index":"index","follow":"follow","max-snippet":"max-snippet:-1","max-image-preview":"max-image-preview:large","max-video-preview":"max-video-preview:-1"},"canonical":"https:\/\/protejacanillas.org\/es\/membership\/","og_locale":"es_ES","og_type":"article","og_title":"Membership - Protejacanillas","og_description":"Association Membership You are invited to join our Association dedicated to preserving the beauty and wellbeing of the countryside in Canillas de Aceituno and surrounding areas, which is currently under threat from proposed waste recycling and landfill project. Together, we can ensure our voices are heard.\u00a0 We welcome everyone who cares about preserving the natural [&hellip;]","og_url":"https:\/\/protejacanillas.org\/es\/membership\/","og_site_name":"Protejacanillas","article_modified_time":"2025-09-11T12:58:45+00:00","og_image":[{"width":2560,"height":1920,"url":"https:\/\/protejacanillas.org\/wp-content\/uploads\/2024\/11\/sunset-maroma-scaled.jpg","type":"image\/jpeg"}],"twitter_card":"summary_large_image","twitter_misc":{"Tiempo de lectura":"3 minutos"},"schema":{"@context":"https:\/\/schema.org","@graph":[{"@type":"WebPage","@id":"https:\/\/protejacanillas.org\/membership\/","url":"https:\/\/protejacanillas.org\/membership\/","name":"Membership - Protejacanillas","isPartOf":{"@id":"https:\/\/protejacanillas.org\/#website"},"primaryImageOfPage":{"@id":"https:\/\/protejacanillas.org\/membership\/#primaryimage"},"image":{"@id":"https:\/\/protejacanillas.org\/membership\/#primaryimage"},"thumbnailUrl":"https:\/\/protejacanillas.org\/wp-content\/uploads\/2024\/11\/sunset-maroma-768x576.jpg","datePublished":"2025-01-26T13:56:55+00:00","dateModified":"2025-09-11T12:58:45+00:00","breadcrumb":{"@id":"https:\/\/protejacanillas.org\/membership\/#breadcrumb"},"inLanguage":"es","potentialAction":[{"@type":"ReadAction","target":["https:\/\/protejacanillas.org\/membership\/"]}]},{"@type":"ImageObject","inLanguage":"es","@id":"https:\/\/protejacanillas.org\/membership\/#primaryimage","url":"https:\/\/protejacanillas.org\/wp-content\/uploads\/2024\/11\/sunset-maroma-768x576.jpg","contentUrl":"https:\/\/protejacanillas.org\/wp-content\/uploads\/2024\/11\/sunset-maroma-768x576.jpg"},{"@type":"BreadcrumbList","@id":"https:\/\/protejacanillas.org\/membership\/#breadcrumb","itemListElement":[{"@type":"ListItem","position":1,"name":"Home","item":"https:\/\/protejacanillas.org\/"},{"@type":"ListItem","position":2,"name":"Membership"}]},{"@type":"WebSite","@id":"https:\/\/protejacanillas.org\/#website","url":"https:\/\/protejacanillas.org\/","name":"Protejacanillas","description":"","publisher":{"@id":"https:\/\/protejacanillas.org\/#organization"},"potentialAction":[{"@type":"SearchAction","target":{"@type":"EntryPoint","urlTemplate":"https:\/\/protejacanillas.org\/?s={search_term_string}"},"query-input":{"@type":"PropertyValueSpecification","valueRequired":true,"valueName":"search_term_string"}}],"inLanguage":"es"},{"@type":"Organization","@id":"https:\/\/protejacanillas.org\/#organization","name":"Protejacanillas","url":"https:\/\/protejacanillas.org\/","logo":{"@type":"ImageObject","inLanguage":"es","@id":"https:\/\/protejacanillas.org\/#\/schema\/logo\/image\/","url":"https:\/\/protejacanillas.org\/wp-content\/uploads\/2024\/11\/valley-to-be-filled-1.jpg","contentUrl":"https:\/\/protejacanillas.org\/wp-content\/uploads\/2024\/11\/valley-to-be-filled-1.jpg","width":1600,"height":1200,"caption":"Protejacanillas"},"image":{"@id":"https:\/\/protejacanillas.org\/#\/schema\/logo\/image\/"}}]}},"_links":{"self":[{"href":"https:\/\/protejacanillas.org\/es\/wp-json\/wp\/v2\/pages\/1186","targetHints":{"allow":["GET"]}}],"collection":[{"href":"https:\/\/protejacanillas.org\/es\/wp-json\/wp\/v2\/pages"}],"about":[{"href":"https:\/\/protejacanillas.org\/es\/wp-json\/wp\/v2\/types\/page"}],"author":[{"embeddable":true,"href":"https:\/\/protejacanillas.org\/es\/wp-json\/wp\/v2\/users\/2"}],"replies":[{"embeddable":true,"href":"https:\/\/protejacanillas.org\/es\/wp-json\/wp\/v2\/comments?post=1186"}],"version-history":[{"count":20,"href":"https:\/\/protejacanillas.org\/es\/wp-json\/wp\/v2\/pages\/1186\/revisions"}],"predecessor-version":[{"id":1478,"href":"https:\/\/protejacanillas.org\/es\/wp-json\/wp\/v2\/pages\/1186\/revisions\/1478"}],"wp:attachment":[{"href":"https:\/\/protejacanillas.org\/es\/wp-json\/wp\/v2\/media?parent=1186"}],"curies":[{"name":"wp","href":"https:\/\/api.w.org\/{rel}","templated":true}]}}