{"id":1162,"date":"2024-12-21T17:56:22","date_gmt":"2024-12-21T16:56:22","guid":{"rendered":"https:\/\/protejacanillas.org\/?page_id=1162"},"modified":"2024-12-21T17:57:01","modified_gmt":"2024-12-21T16:57:01","slug":"questions-that-must-be-answered","status":"publish","type":"page","link":"https:\/\/protejacanillas.org\/es\/questions-that-must-be-answered\/","title":{"rendered":"Questions that must be answered"},"content":{"rendered":"<div data-elementor-type=\"wp-page\" data-elementor-id=\"1162\" class=\"elementor elementor-1162\">\n\t\t\t\t<div class=\"elementor-element elementor-element-a3b219a e-flex e-con-boxed e-con e-parent\" data-id=\"a3b219a\" data-element_type=\"container\" data-e-type=\"container\">\n\t\t\t\t\t<div class=\"e-con-inner\">\n\t\t\t\t<div class=\"elementor-element elementor-element-a1138ba elementor-widget elementor-widget-heading\" data-id=\"a1138ba\" data-element_type=\"widget\" data-e-type=\"widget\" data-widget_type=\"heading.default\">\n\t\t\t\t<div class=\"elementor-widget-container\">\n\t\t\t\t\t<h2 class=\"elementor-heading-title elementor-size-default\">Preguntas que a\u00fan no han sido respondidas<\/h2>\t\t\t\t<\/div>\n\t\t\t\t<\/div>\n\t\t\t\t\t<\/div>\n\t\t\t\t<\/div>\n\t\t<div class=\"elementor-element elementor-element-a763522 e-flex e-con-boxed e-con e-parent\" data-id=\"a763522\" data-element_type=\"container\" data-e-type=\"container\">\n\t\t\t\t\t<div class=\"e-con-inner\">\n\t\t\t\t<div class=\"elementor-element elementor-element-bc7817a elementor-widget elementor-widget-text-editor\" data-id=\"bc7817a\" data-element_type=\"widget\" data-e-type=\"widget\" data-widget_type=\"text-editor.default\">\n\t\t\t\t<div class=\"elementor-widget-container\">\n\t\t\t\t\t\t\t\t\t<p>Aunque el ayuntamiento ha declarado que ya no apoyar\u00e1 el proyecto de construcci\u00f3n del vertedero y reciclaje de residuos en nuestros hermosos valles, hay muchas preguntas que el ayuntamiento debe responder. El alcalde no nos ha dicho la verdad en varias ocasiones y buscaremos la honestidad y la transparencia para garantizar que el mismo nivel de secreto y la falta de transparencia no conduzcan a proyectos similares en el futuro.\u00a0 <strong>We have not been told the truth<\/strong> by the mayor on several occasions and we will pursue honesty and transparancy to ensure the same level of secrecy and lack of transparancy does not lead to similar projects in the future.<\/p>\t\t\t\t\t\t\t\t<\/div>\n\t\t\t\t<\/div>\n\t\t\t\t\t<\/div>\n\t\t\t\t<\/div>\n\t\t<div class=\"elementor-element elementor-element-d3a1fe7 e-grid e-con-boxed e-con e-parent\" data-id=\"d3a1fe7\" data-element_type=\"container\" data-e-type=\"container\">\n\t\t\t\t\t<div class=\"e-con-inner\">\n\t\t\t\t<div class=\"elementor-element elementor-element-0b55499 elementor-widget elementor-widget-text-editor\" data-id=\"0b55499\" data-element_type=\"widget\" data-e-type=\"widget\" data-widget_type=\"text-editor.default\">\n\t\t\t\t<div class=\"elementor-widget-container\">\n\t\t\t\t\t\t\t\t\t<p><span style=\"font-weight: 400;\">\u00bfPor qu\u00e9 el alcalde declar\u00f3 varias veces que no ten\u00eda conocimiento del proyecto de reciclaje y vertedero de residuos cuando su firma aparece en documentos relacionados con el proyecto con fecha de 2019? <strong>no knowledge<\/strong> of the waste recycling and landfill project when his signature appears on documents related to the project dated 2019?<\/span><\/p>\t\t\t\t\t\t\t\t<\/div>\n\t\t\t\t<\/div>\n\t\t\t\t<div class=\"elementor-element elementor-element-ee3fc68 elementor-widget elementor-widget-text-editor\" data-id=\"ee3fc68\" data-element_type=\"widget\" data-e-type=\"widget\" data-widget_type=\"text-editor.default\">\n\t\t\t\t<div class=\"elementor-widget-container\">\n\t\t\t\t\t\t\t\t\t<p><span style=\"font-weight: 400;\">\u00bfPor qu\u00e9 se nos ha negado constantemente el acceso a la informaci\u00f3n p\u00fablica a pesar del derecho legal a ver los documentos? <strong>no evidence<\/strong> of the denunciation of the illegally built roads been provided despite a promise from the mayor to provide it?<\/span><\/p>\t\t\t\t\t\t\t\t<\/div>\n\t\t\t\t<\/div>\n\t\t\t\t<div class=\"elementor-element elementor-element-910889e elementor-widget elementor-widget-text-editor\" data-id=\"910889e\" data-element_type=\"widget\" data-e-type=\"widget\" data-widget_type=\"text-editor.default\">\n\t\t\t\t<div class=\"elementor-widget-container\">\n\t\t\t\t\t\t\t\t\t<p><span style=\"font-weight: 400;\">\u00bfPor qu\u00e9 no se ha proporcionado ninguna prueba de la denuncia de las carreteras construidas ilegalmente a pesar de la promesa del alcalde de proporcionarla? <strong>consistently refused<\/strong> access to public information despite a legal right to see documents?<\/span><\/p>\t\t\t\t\t\t\t\t<\/div>\n\t\t\t\t<\/div>\n\t\t\t\t<div class=\"elementor-element elementor-element-a18e2b0 elementor-widget elementor-widget-text-editor\" data-id=\"a18e2b0\" data-element_type=\"widget\" data-e-type=\"widget\" data-widget_type=\"text-editor.default\">\n\t\t\t\t<div class=\"elementor-widget-container\">\n\t\t\t\t\t\t\t\t\t<p><span style=\"font-weight: 400;\">\u00bfPor qu\u00e9 el ayuntamiento proporcion\u00f3 a Protejacanillas el mismo BOJA relacionado con una investigaci\u00f3n del agua para el proyecto declarando que era nuevo cuando ya se hab\u00eda discutido con el alcalde varias semanas antes? <strong>same BOJA<\/strong> related to a water investigation for the project provided to Protejacanillas by the town council declaring it was new when it had already been discussed with the mayor several weeks earlier?<\/span><\/p>\t\t\t\t\t\t\t\t<\/div>\n\t\t\t\t<\/div>\n\t\t\t\t<div class=\"elementor-element elementor-element-9e75ec4 elementor-widget elementor-widget-text-editor\" data-id=\"9e75ec4\" data-element_type=\"widget\" data-e-type=\"widget\" data-widget_type=\"text-editor.default\">\n\t\t\t\t<div class=\"elementor-widget-container\">\n\t\t\t\t\t\t\t\t\t<p><span style=\"font-weight: 400;\">\u00bfPor qu\u00e9 no nos informaron de la sesi\u00f3n plenaria cuando hab\u00edamos solicitado la informaci\u00f3n varias veces? <strong>not informed<\/strong> of the plenary session when we had requested the information several times?<\/span><\/p>\t\t\t\t\t\t\t\t<\/div>\n\t\t\t\t<\/div>\n\t\t\t\t<div class=\"elementor-element elementor-element-d62fc4f elementor-widget elementor-widget-text-editor\" data-id=\"d62fc4f\" data-element_type=\"widget\" data-e-type=\"widget\" data-widget_type=\"text-editor.default\">\n\t\t\t\t<div class=\"elementor-widget-container\">\n\t\t\t\t\t\t\t\t\t<p><span style=\"font-weight: 400;\">\u00bfPor qu\u00e9 el Ayuntamiento se niega a responder a m\u00e1s preguntas sobre este proyecto y su participaci\u00f3n hace 5 a\u00f1os? <strong>refusing to answer<\/strong> any further questions on this project and their clear involvement 5 years ago?<\/span><\/p>\t\t\t\t\t\t\t\t<\/div>\n\t\t\t\t<\/div>\n\t\t\t\t\t<\/div>\n\t\t\t\t<\/div>\n\t\t<div class=\"elementor-element elementor-element-3bfdc0a e-flex e-con-boxed e-con e-parent\" data-id=\"3bfdc0a\" data-element_type=\"container\" data-e-type=\"container\">\n\t\t\t\t\t<div class=\"e-con-inner\">\n\t\t\t\t<div class=\"elementor-element elementor-element-73ed21e elementor-widget elementor-widget-text-editor\" data-id=\"73ed21e\" data-element_type=\"widget\" data-e-type=\"widget\" data-widget_type=\"text-editor.default\">\n\t\t\t\t<div class=\"elementor-widget-container\">\n\t\t\t\t\t\t\t\t\t<p><span style=\"font-weight: 400;\"><strong>Investigation<\/strong><br \/>\u00bfPor qu\u00e9 fue tan secreto que aparentemente se llev\u00f3 a cabo una investigaci\u00f3n sobre la compatibilidad del proyecto con los intereses del municipio? Hab\u00edamos pedido m\u00faltiples veces el apoyo del alcalde y nos dijeron categ\u00f3ricamente que no se pod\u00eda ni se har\u00eda nada hasta que la Junta de Andaluc\u00eda les presentara el proyecto. Sin embargo, d\u00edas despu\u00e9s de que se supiera que se encontr\u00f3 la firma del alcalde en documentos del proyecto de 2019, aparentemente se hab\u00eda realizado una investigaci\u00f3n completa y el proyecto se declar\u00f3 no compatible.\n\u00bfC\u00f3mo es esto posible y por qu\u00e9 no nos dijeron abiertamente que eso era lo que estaba sucediendo?\u00a0 <\/span><\/p><p><strong>How is this possible<\/strong>, and why did they not openly tell us that is what was happening?<\/p>\t\t\t\t\t\t\t\t<\/div>\n\t\t\t\t<\/div>\n\t\t\t\t\t<\/div>\n\t\t\t\t<\/div>\n\t\t\t\t<\/div>","protected":false},"excerpt":{"rendered":"<p>Questions still to be answered Although the town council has now declared that they will no longer support the project to build the waste recycling and landfill in our beautiful valleys, there are many questions the town council need to answer.\u00a0 We have not been told the truth by the mayor on several occasions and [&hellip;]<\/p>\n","protected":false},"author":2,"featured_media":0,"parent":0,"menu_order":0,"comment_status":"closed","ping_status":"closed","template":"","meta":{"nf_dc_page":"","_monsterinsights_skip_tracking":false,"_monsterinsights_sitenote_active":false,"_monsterinsights_sitenote_note":"","_monsterinsights_sitenote_category":0,"footnotes":""},"class_list":["post-1162","page","type-page","status-publish","hentry"],"yoast_head":"<!-- This site is optimized with the Yoast SEO plugin v27.4 - https:\/\/yoast.com\/product\/yoast-seo-wordpress\/ -->\n<title>Questions that must be answered - Protejacanillas<\/title>\n<meta name=\"robots\" content=\"index, follow, max-snippet:-1, max-image-preview:large, max-video-preview:-1\" \/>\n<link rel=\"canonical\" href=\"https:\/\/protejacanillas.org\/es\/questions-that-must-be-answered\/\" \/>\n<meta property=\"og:locale\" content=\"es_ES\" \/>\n<meta property=\"og:type\" content=\"article\" \/>\n<meta property=\"og:title\" content=\"Questions that must be answered - Protejacanillas\" \/>\n<meta property=\"og:description\" content=\"Questions still to be answered Although the town council has now declared that they will no longer support the project to build the waste recycling and landfill in our beautiful valleys, there are many questions the town council need to answer.\u00a0 We have not been told the truth by the mayor on several occasions and [&hellip;]\" \/>\n<meta property=\"og:url\" content=\"https:\/\/protejacanillas.org\/es\/questions-that-must-be-answered\/\" \/>\n<meta property=\"og:site_name\" content=\"Protejacanillas\" \/>\n<meta property=\"article:modified_time\" content=\"2024-12-21T16:57:01+00:00\" \/>\n<meta name=\"twitter:card\" content=\"summary_large_image\" \/>\n<meta name=\"twitter:label1\" content=\"Tiempo de lectura\" \/>\n\t<meta name=\"twitter:data1\" content=\"2 minutos\" \/>\n<script type=\"application\/ld+json\" class=\"yoast-schema-graph\">{\"@context\":\"https:\\\/\\\/schema.org\",\"@graph\":[{\"@type\":\"WebPage\",\"@id\":\"https:\\\/\\\/protejacanillas.org\\\/questions-that-must-be-answered\\\/\",\"url\":\"https:\\\/\\\/protejacanillas.org\\\/questions-that-must-be-answered\\\/\",\"name\":\"Questions that must be answered - Protejacanillas\",\"isPartOf\":{\"@id\":\"https:\\\/\\\/protejacanillas.org\\\/#website\"},\"datePublished\":\"2024-12-21T16:56:22+00:00\",\"dateModified\":\"2024-12-21T16:57:01+00:00\",\"breadcrumb\":{\"@id\":\"https:\\\/\\\/protejacanillas.org\\\/questions-that-must-be-answered\\\/#breadcrumb\"},\"inLanguage\":\"es\",\"potentialAction\":[{\"@type\":\"ReadAction\",\"target\":[\"https:\\\/\\\/protejacanillas.org\\\/questions-that-must-be-answered\\\/\"]}]},{\"@type\":\"BreadcrumbList\",\"@id\":\"https:\\\/\\\/protejacanillas.org\\\/questions-that-must-be-answered\\\/#breadcrumb\",\"itemListElement\":[{\"@type\":\"ListItem\",\"position\":1,\"name\":\"Home\",\"item\":\"https:\\\/\\\/protejacanillas.org\\\/\"},{\"@type\":\"ListItem\",\"position\":2,\"name\":\"Questions that must be answered\"}]},{\"@type\":\"WebSite\",\"@id\":\"https:\\\/\\\/protejacanillas.org\\\/#website\",\"url\":\"https:\\\/\\\/protejacanillas.org\\\/\",\"name\":\"Protejacanillas\",\"description\":\"\",\"publisher\":{\"@id\":\"https:\\\/\\\/protejacanillas.org\\\/#organization\"},\"potentialAction\":[{\"@type\":\"SearchAction\",\"target\":{\"@type\":\"EntryPoint\",\"urlTemplate\":\"https:\\\/\\\/protejacanillas.org\\\/?s={search_term_string}\"},\"query-input\":{\"@type\":\"PropertyValueSpecification\",\"valueRequired\":true,\"valueName\":\"search_term_string\"}}],\"inLanguage\":\"es\"},{\"@type\":\"Organization\",\"@id\":\"https:\\\/\\\/protejacanillas.org\\\/#organization\",\"name\":\"Protejacanillas\",\"url\":\"https:\\\/\\\/protejacanillas.org\\\/\",\"logo\":{\"@type\":\"ImageObject\",\"inLanguage\":\"es\",\"@id\":\"https:\\\/\\\/protejacanillas.org\\\/#\\\/schema\\\/logo\\\/image\\\/\",\"url\":\"https:\\\/\\\/protejacanillas.org\\\/wp-content\\\/uploads\\\/2024\\\/11\\\/valley-to-be-filled-1.jpg\",\"contentUrl\":\"https:\\\/\\\/protejacanillas.org\\\/wp-content\\\/uploads\\\/2024\\\/11\\\/valley-to-be-filled-1.jpg\",\"width\":1600,\"height\":1200,\"caption\":\"Protejacanillas\"},\"image\":{\"@id\":\"https:\\\/\\\/protejacanillas.org\\\/#\\\/schema\\\/logo\\\/image\\\/\"}}]}<\/script>\n<!-- \/ Yoast SEO plugin. -->","yoast_head_json":{"title":"Questions that must be answered - Protejacanillas","robots":{"index":"index","follow":"follow","max-snippet":"max-snippet:-1","max-image-preview":"max-image-preview:large","max-video-preview":"max-video-preview:-1"},"canonical":"https:\/\/protejacanillas.org\/es\/questions-that-must-be-answered\/","og_locale":"es_ES","og_type":"article","og_title":"Questions that must be answered - Protejacanillas","og_description":"Questions still to be answered Although the town council has now declared that they will no longer support the project to build the waste recycling and landfill in our beautiful valleys, there are many questions the town council need to answer.\u00a0 We have not been told the truth by the mayor on several occasions and [&hellip;]","og_url":"https:\/\/protejacanillas.org\/es\/questions-that-must-be-answered\/","og_site_name":"Protejacanillas","article_modified_time":"2024-12-21T16:57:01+00:00","twitter_card":"summary_large_image","twitter_misc":{"Tiempo de lectura":"2 minutos"},"schema":{"@context":"https:\/\/schema.org","@graph":[{"@type":"WebPage","@id":"https:\/\/protejacanillas.org\/questions-that-must-be-answered\/","url":"https:\/\/protejacanillas.org\/questions-that-must-be-answered\/","name":"Questions that must be answered - Protejacanillas","isPartOf":{"@id":"https:\/\/protejacanillas.org\/#website"},"datePublished":"2024-12-21T16:56:22+00:00","dateModified":"2024-12-21T16:57:01+00:00","breadcrumb":{"@id":"https:\/\/protejacanillas.org\/questions-that-must-be-answered\/#breadcrumb"},"inLanguage":"es","potentialAction":[{"@type":"ReadAction","target":["https:\/\/protejacanillas.org\/questions-that-must-be-answered\/"]}]},{"@type":"BreadcrumbList","@id":"https:\/\/protejacanillas.org\/questions-that-must-be-answered\/#breadcrumb","itemListElement":[{"@type":"ListItem","position":1,"name":"Home","item":"https:\/\/protejacanillas.org\/"},{"@type":"ListItem","position":2,"name":"Questions that must be answered"}]},{"@type":"WebSite","@id":"https:\/\/protejacanillas.org\/#website","url":"https:\/\/protejacanillas.org\/","name":"Protejacanillas","description":"","publisher":{"@id":"https:\/\/protejacanillas.org\/#organization"},"potentialAction":[{"@type":"SearchAction","target":{"@type":"EntryPoint","urlTemplate":"https:\/\/protejacanillas.org\/?s={search_term_string}"},"query-input":{"@type":"PropertyValueSpecification","valueRequired":true,"valueName":"search_term_string"}}],"inLanguage":"es"},{"@type":"Organization","@id":"https:\/\/protejacanillas.org\/#organization","name":"Protejacanillas","url":"https:\/\/protejacanillas.org\/","logo":{"@type":"ImageObject","inLanguage":"es","@id":"https:\/\/protejacanillas.org\/#\/schema\/logo\/image\/","url":"https:\/\/protejacanillas.org\/wp-content\/uploads\/2024\/11\/valley-to-be-filled-1.jpg","contentUrl":"https:\/\/protejacanillas.org\/wp-content\/uploads\/2024\/11\/valley-to-be-filled-1.jpg","width":1600,"height":1200,"caption":"Protejacanillas"},"image":{"@id":"https:\/\/protejacanillas.org\/#\/schema\/logo\/image\/"}}]}},"_links":{"self":[{"href":"https:\/\/protejacanillas.org\/es\/wp-json\/wp\/v2\/pages\/1162","targetHints":{"allow":["GET"]}}],"collection":[{"href":"https:\/\/protejacanillas.org\/es\/wp-json\/wp\/v2\/pages"}],"about":[{"href":"https:\/\/protejacanillas.org\/es\/wp-json\/wp\/v2\/types\/page"}],"author":[{"embeddable":true,"href":"https:\/\/protejacanillas.org\/es\/wp-json\/wp\/v2\/users\/2"}],"replies":[{"embeddable":true,"href":"https:\/\/protejacanillas.org\/es\/wp-json\/wp\/v2\/comments?post=1162"}],"version-history":[{"count":7,"href":"https:\/\/protejacanillas.org\/es\/wp-json\/wp\/v2\/pages\/1162\/revisions"}],"predecessor-version":[{"id":1172,"href":"https:\/\/protejacanillas.org\/es\/wp-json\/wp\/v2\/pages\/1162\/revisions\/1172"}],"wp:attachment":[{"href":"https:\/\/protejacanillas.org\/es\/wp-json\/wp\/v2\/media?parent=1162"}],"curies":[{"name":"wp","href":"https:\/\/api.w.org\/{rel}","templated":true}]}}