{"id":1107,"date":"2024-12-09T12:41:16","date_gmt":"2024-12-09T11:41:16","guid":{"rendered":"https:\/\/protejacanillas.org\/?page_id=1107"},"modified":"2025-09-11T15:25:12","modified_gmt":"2025-09-11T13:25:12","slug":"latest-news","status":"publish","type":"page","link":"https:\/\/protejacanillas.org\/es\/latest-news\/","title":{"rendered":"Latest News"},"content":{"rendered":"<div data-elementor-type=\"wp-page\" data-elementor-id=\"1107\" class=\"elementor elementor-1107\">\n\t\t\t\t<div class=\"elementor-element elementor-element-aa89964 e-flex e-con-boxed e-con e-parent\" data-id=\"aa89964\" data-element_type=\"container\" data-e-type=\"container\">\n\t\t\t\t\t<div class=\"e-con-inner\">\n\t\t\t\t<div class=\"elementor-element elementor-element-872b957 elementor-widget elementor-widget-heading\" data-id=\"872b957\" data-element_type=\"widget\" data-e-type=\"widget\" data-widget_type=\"heading.default\">\n\t\t\t\t<div class=\"elementor-widget-container\">\n\t\t\t\t\t<h2 class=\"elementor-heading-title elementor-size-default\">Latest News<\/h2>\t\t\t\t<\/div>\n\t\t\t\t<\/div>\n\t\t\t\t\t<\/div>\n\t\t\t\t<\/div>\n\t\t<div class=\"elementor-element elementor-element-937ddec e-flex e-con-boxed e-con e-parent\" data-id=\"937ddec\" data-element_type=\"container\" data-e-type=\"container\">\n\t\t\t\t\t<div class=\"e-con-inner\">\n\t\t\t\t<div class=\"elementor-element elementor-element-4a05b1c elementor-widget elementor-widget-text-editor\" data-id=\"4a05b1c\" data-element_type=\"widget\" data-e-type=\"widget\" data-widget_type=\"text-editor.default\">\n\t\t\t\t<div class=\"elementor-widget-container\">\n\t\t\t\t\t\t\t\t\t<p><strong>11\/09\/2025<\/strong><br \/>A pesar de las m\u00faltiples solicitudes formales de comunicaci\u00f3n del Ayuntamiento de Canillas de Aceituno y la Junta de Andaluc\u00eda, no hemos recibido m\u00e1s informaci\u00f3n ni respuesta sobre el proyecto.<\/p><p>Nos complace que Altos de Canillas (la empresa encargada del reciclaje de residuos y el vertedero) haya accedido a reunirse con nosotros recientemente. Esta fue la primera consulta p\u00fablica o intercambio de informaci\u00f3n desde el inicio del proyecto en 2017.<\/p><ul><li>Nos informaron de que el proyecto se hab\u00eda reducido y afirman que la planta no generar\u00e1 ruido, polvo, contaminaci\u00f3n ni impacto ambiental. Hemos solicitado documentaci\u00f3n sobre el proyecto revisado, pero hasta el momento no la hemos recibido.<\/li><li>Nos informaron de que el proyecto se hab\u00eda reducido y afirman que la planta no generar\u00e1 ruido, polvo, contaminaci\u00f3n ni impacto ambiental. Hemos solicitado documentaci\u00f3n sobre el proyecto revisado, pero hasta el momento no la hemos recibido.<\/li><li>Desconocemos cu\u00e1ndo se present\u00f3 el proyecto revisado y si est\u00e1 siendo revisado por la Junta y el Ayuntamiento, aunque entendemos que se ha mantenido una comunicaci\u00f3n regular con el Ayuntamiento.<\/li><\/ul><p>Solo podemos asumir que el Ayuntamiento conoce estos planes revisados \u200b\u200by ha decidido no comunic\u00e1rnoslos. Lo que s\u00ed sabemos es que el alcalde, en varias ocasiones, directamente a nosotros y tambi\u00e9n en m\u00faltiples art\u00edculos de prensa, afirm\u00f3 que el proyecto no se llevar\u00eda a cabo y que el Ayuntamiento no le encontraba ning\u00fan valor para la ciudad. Hasta que tengamos m\u00e1s informaci\u00f3n, \u00bfquiz\u00e1s deber\u00edamos concluir que su declaraci\u00f3n se refiere al proyecto original, de mayor envergadura, y no a este proyecto menor, que nunca se ha revelado hasta ahora?<\/p><p>Seguimos investigando...<\/p>\t\t\t\t\t\t\t\t<\/div>\n\t\t\t\t<\/div>\n\t\t\t\t\t<\/div>\n\t\t\t\t<\/div>\n\t\t<div class=\"elementor-element elementor-element-2987de2 e-flex e-con-boxed e-con e-parent\" data-id=\"2987de2\" data-element_type=\"container\" data-e-type=\"container\">\n\t\t\t\t\t<div class=\"e-con-inner\">\n\t\t\t\t<div class=\"elementor-element elementor-element-49b3055 elementor-widget elementor-widget-text-editor\" data-id=\"49b3055\" data-element_type=\"widget\" data-e-type=\"widget\" data-widget_type=\"text-editor.default\">\n\t\t\t\t<div class=\"elementor-widget-container\">\n\t\t\t\t\t\t\t\t\t<p><strong>10-02-2025<\/strong><br \/>Finalmente recibimos documentaci\u00f3n del ayuntamiento relacionada con el proyecto de reciclaje de residuos y vertedero propuesto. Muchos eran documentos t\u00e9cnicos presentados por Altos de Canillas. El proyecto estaba completamente detallado y comunicado al ayuntamiento, por lo que no hab\u00eda motivos para afirmar que el ayuntamiento no sab\u00eda m\u00e1s que nosotros sobre el proyecto.<br \/><br \/>Los documentos y el proceso son confusos, con fechas incorrectas en algunos casos y sin resultados claros. Necesitamos hacer un trabajo de seguimiento con la Junta para entender m\u00e1s sobre el estado actual y si alguno de estos documentos ya ha sido aprobado. Sin embargo, podemos sacar algunas conclusiones b\u00e1sicas relacionadas con lo que nos dijo el ayuntamiento:<\/p><ol><li style=\"font-weight: 400;\" aria-level=\"1\"><span style=\"font-weight: 400;\">El alcalde nos dijo claramente que hab\u00edan investigado el proyecto y declararon que no era de inter\u00e9s para la ciudad. SIN EMBARGO, NO HAY EVIDENCIA DE NINGUNA DECLARACI\u00d3N EN ESE EFECTO en los documentos, solo hay una lista de requisitos t\u00e9cnicos que faltan en la propuesta del proyecto.\u00a0<\/span><\/li><li style=\"font-weight: 400;\" aria-level=\"1\"><span style=\"font-weight: 400;\">El alcalde nos ha dicho en varias ocasiones que hab\u00eda denunciado la construcci\u00f3n ilegal de las carreteras en 2024. SIN EMBARGO, NO EXISTE DOCUMENTACI\u00d3N QUE DENUNCIA LAS CARRETERAS de ese per\u00edodo<\/span><\/li><\/ol><p>Nuestra investigaci\u00f3n contin\u00faa...<\/p>\t\t\t\t\t\t\t\t<\/div>\n\t\t\t\t<\/div>\n\t\t\t\t\t<\/div>\n\t\t\t\t<\/div>\n\t\t<div class=\"elementor-element elementor-element-8b4f685 e-flex e-con-boxed e-con e-parent\" data-id=\"8b4f685\" data-element_type=\"container\" data-e-type=\"container\">\n\t\t\t\t\t<div class=\"e-con-inner\">\n\t\t\t\t<div class=\"elementor-element elementor-element-d795aab elementor-widget elementor-widget-text-editor\" data-id=\"d795aab\" data-element_type=\"widget\" data-e-type=\"widget\" data-widget_type=\"text-editor.default\">\n\t\t\t\t<div class=\"elementor-widget-container\">\n\t\t\t\t\t\t\t\t\t<p><strong>24-01-2025<\/strong><br \/>Nuestro abogado ha presentado al Ayuntamiento de Canillas de Aceituno una demanda oficial de documentos relacionados con la planta de reciclaje de residuos y el vertedero. A pesar de la Ley de Transparanc\u00eda, se nos ha negado constantemente cualquier documento que hemos solicitado. Esta solicitud legal no se puede ignorar y el ayuntamiento tiene 10 d\u00edas para proporcionar los documentos. Cuando los recibamos, podremos verificar las declaraciones realizadas previamente por el alcalde y tener una mejor idea de los procedimientos seguidos. Luego, podremos tomar las medidas necesarias una vez que los hechos est\u00e1n claros.<\/p><p><strong>16-12-2024<\/strong><br \/>Protejacanillas fue informada por el PSOE de que el Ayuntamiento de Canillas de Aceituno hab\u00eda convocado un pleno para el d\u00eda siguiente. Hab\u00edamos solicitado varias veces un foro p\u00fablico, as\u00ed como informaci\u00f3n sobre cu\u00e1ndo ser\u00eda una reuni\u00f3n p\u00fablica. El Ayuntamiento no proporcion\u00f3 informaci\u00f3n sobre la reuni\u00f3n p\u00fablica, que estaba prevista con menos de 24 horas de antelaci\u00f3n. A pesar de la falta de notificaci\u00f3n y del muy poco tiempo de antelaci\u00f3n, varios manifestantes pudieron asistir.\u00a0\u00a0<\/p><p>El PSOE present\u00f3 una moci\u00f3n urgente para que el Ayuntamiento rechazara el vertedero para que se debatiera en el pleno. Los acuerdos que se solicitaron al Ayuntamiento fueron:\n- Rechazar la instalaci\u00f3n del complejo de recogida y reciclaje de residuos.\n- Solicitar al equipo de gobierno que sea lo m\u00e1s transparente posible con respecto a este proyecto.\n- Solicitar al equipo de gobierno que haga las alegaciones correspondientes.\n- Solicitar la colaboraci\u00f3n de la Junta de Andaluc\u00eda para detener este proyecto.<br \/>- Rechazar la instalaci\u00f3n del complejo de recogida y reciclaje de residuos.<br \/>- Solicitar al equipo de gobierno que sea lo m\u00e1s transparente posible con respecto a este proyecto.<br \/>- Solicitar al equipo de gobierno que haga las alegaciones correspondientes.<br \/>- Solicitar la colaboraci\u00f3n de la Junta de Andaluc\u00eda para detener este proyecto.<\/p><p>Intentamos hacer preguntas en este foro p\u00fablico, pero el alcalde insisti\u00f3 en que no se permit\u00edan preguntas relacionadas con la planta de reciclaje y el vertedero. La moci\u00f3n del PSOE tambi\u00e9n fue votada en contra por no considerarse un asunto urgente.\u00a0<\/p><p>A pesar de que el alcalde dio por cerrado este asunto, quedan muchas cuestiones pendientes... leer m\u00e1s <strong><a href=\"https:\/\/protejacanillas.org\/es\/questions-that-must-be-answered\/\">read more<\/a><\/strong><\/p>\t\t\t\t\t\t\t\t<\/div>\n\t\t\t\t<\/div>\n\t\t\t\t\t<\/div>\n\t\t\t\t<\/div>\n\t\t<div class=\"elementor-element elementor-element-79a9c7e e-flex e-con-boxed e-con e-parent\" data-id=\"79a9c7e\" data-element_type=\"container\" data-e-type=\"container\">\n\t\t\t\t\t<div class=\"e-con-inner\">\n\t\t\t\t<div class=\"elementor-element elementor-element-4aa15fa elementor-widget elementor-widget-text-editor\" data-id=\"4aa15fa\" data-element_type=\"widget\" data-e-type=\"widget\" data-widget_type=\"text-editor.default\">\n\t\t\t\t<div class=\"elementor-widget-container\">\n\t\t\t\t\t\t\t\t\t<p><strong>10-12-2024<\/strong><br \/>The mayor eventually responded to our request for a statement in light of the PSOE allegations.\u00a0 There was no explanation as to why he has consistently claimed to know nothing more about the project.\u00a0 His response was to tell that they had now completed an investigation into the project and have decided the project will not go ahead.\u00a0 Again insisting that he has the last word about whether the project will continue and then declared the &#8216;issue&#8217; closed.<\/p>\t\t\t\t\t\t\t\t<\/div>\n\t\t\t\t<\/div>\n\t\t\t\t\t<\/div>\n\t\t\t\t<\/div>\n\t\t<div class=\"elementor-element elementor-element-57af44f e-flex e-con-boxed e-con e-parent\" data-id=\"57af44f\" data-element_type=\"container\" data-e-type=\"container\">\n\t\t\t\t\t<div class=\"e-con-inner\">\n\t\t\t\t<div class=\"elementor-element elementor-element-cedcae3 elementor-widget elementor-widget-text-editor\" data-id=\"cedcae3\" data-element_type=\"widget\" data-e-type=\"widget\" data-widget_type=\"text-editor.default\">\n\t\t\t\t<div class=\"elementor-widget-container\">\n\t\t\t\t\t\t\t\t\t<p><strong>6-12-2024<\/strong><br \/>En un acontecimiento impactante, anoche el partido de la oposici\u00f3n PSOE public\u00f3 un comunicado en el que revelaba que el alcalde Vicente Campos fue fundamental a la hora de respaldar el vertedero y el centro de reciclaje de residuos en 2019. Inicialmente, el PSOE recibi\u00f3 la misma negativa del Ayuntamiento de Canillas de Aceituno a proporcionar informaci\u00f3n relacionada que nosotros, pero un segundo recurso legal revel\u00f3 la magnitud del enga\u00f1o. Nuestro alcalde ha negado sistem\u00e1ticamente a los residentes y a la prensa todo conocimiento del proyecto, pero su firma aparece en varios documentos. Lea el informe completo del PSOE en traducci\u00f3n al espa\u00f1ol e ingl\u00e9s.\nNuestra protesta tambi\u00e9n ha recibido el pleno apoyo de VOX, que present\u00f3 una objeci\u00f3n a la Junta de Andaluc\u00eda.\u00a0<a href=\"https:\/\/protejacanillas.org\/wp-content\/uploads\/2024\/12\/Informacion_PSOE_sobre_el_Centro_de_Residuos_Canillas_de_Aceituno1.pdf\">espa\u00f1ol<\/a>\u00a0y\u00a0<a href=\"https:\/\/protejacanillas.org\/wp-content\/uploads\/2024\/12\/INFORMATION-PSOE-EN.pdf\">ingl\u00e9s<\/a>\u00a0translation.<br \/>Our protest has also received full support from VOX who submitted an objection to the Junta de Andaluc\u00eda.<\/p>\t\t\t\t\t\t\t\t<\/div>\n\t\t\t\t<\/div>\n\t\t\t\t\t<\/div>\n\t\t\t\t<\/div>\n\t\t<div class=\"elementor-element elementor-element-6a9765e e-flex e-con-boxed e-con e-parent\" data-id=\"6a9765e\" data-element_type=\"container\" data-e-type=\"container\">\n\t\t\t\t\t<div class=\"e-con-inner\">\n\t\t\t\t<div class=\"elementor-element elementor-element-ae81581 elementor-widget elementor-widget-text-editor\" data-id=\"ae81581\" data-element_type=\"widget\" data-e-type=\"widget\" data-widget_type=\"text-editor.default\">\n\t\t\t\t<div class=\"elementor-widget-container\">\n\t\t\t\t\t\t\t\t\t<p><strong>3-12-2024<\/strong><br \/>Our protest document is now finalised and will be submitted to the Junta de Andaluc\u00eda today. 1366 signatures have been collected within a matter of weeks since we discovered (by chance) this proposal. An incredible 641 signatures were just from residents of Canillas de Aceituno \u2013 368 online and 273 collected on paper with villagers going door to door \u2013 an overwhelming response!<\/p><p>Nuestro abogado solicitar\u00e1 toda la documentaci\u00f3n relacionada (incluidos los documentos sobre la denuncia de la carretera) al Ayuntamiento, ya que anteriormente se nos hab\u00eda negado toda la documentaci\u00f3n a pesar de la Ley de Transparencia.<\/p><p>We thank everyone who has joined this protest and helped raise awareness. This is only the first step in the process. We have formed the Asociaci\u00f3n Proteja Canillas de Aceituno which is currently being legally registered. This will enable us to take all necessary steps to protect our beautiful environment as a legal entity. Through the Asociaci\u00f3n we can raise funds and members can join to be a part of the ongoing protest \u2013 we will give more details of membership, participation and donations in the coming period. Thank you neighbours, 1366 times!!<\/p>\t\t\t\t\t\t\t\t<\/div>\n\t\t\t\t<\/div>\n\t\t\t\t\t<\/div>\n\t\t\t\t<\/div>\n\t\t<div class=\"elementor-element elementor-element-dc10823 e-flex e-con-boxed e-con e-parent\" data-id=\"dc10823\" data-element_type=\"container\" data-e-type=\"container\">\n\t\t\t\t\t<div class=\"e-con-inner\">\n\t\t\t\t<div class=\"elementor-element elementor-element-b8bcf99 elementor-widget elementor-widget-text-editor\" data-id=\"b8bcf99\" data-element_type=\"widget\" data-e-type=\"widget\" data-widget_type=\"text-editor.default\">\n\t\t\t\t<div class=\"elementor-widget-container\">\n\t\t\t\t\t\t\t\t\t<p><strong>29-11-2024\u00a0<\/strong><br \/>Tuvimos una discusi\u00f3n muy animada con el alcalde y el equipo del Ayuntamiento, que escucharon nuestras ideas.  Nos reiteraron que el proyecto global era s\u00f3lo con la Junta y que habr\u00eda muchas solicitudes de permisos separadas del Ayuntamiento y la Junta antes de que el proyecto global siguiera adelante.  Pueden denegar los permisos si consideran que es perjudicial para el medio ambiente o la comunidad.  Tambi\u00e9n tenemos derecho a oponernos cuando se presente cada solicitud, cosa que haremos.<\/p><p>El primer permiso solicitado es para el suministro de agua del pueblo y habr\u00e1 un estudio ambiental encargado por el Ayuntamiento al respecto junto con una evaluaci\u00f3n de impacto. El alcalde prometi\u00f3 informarnos directamente cada vez que se reciba una nueva solicitud relacionada con este proyecto propuesto.<\/p><p>The mayor committed to organising a meeting with the company proposing the project, the Ayuntamiento and the community \u2013 as soon as we have any details we will publicise. We explicitly asked that there is more direct communication with the community apart from this.<\/p><p>No hemos conseguido una declaraci\u00f3n clara de que el Ayuntamiento no apoyar\u00e1 la construcci\u00f3n de la planta de reciclaje y los vertederos, aunque el alcalde ha subrayado que tiene la \u00faltima palabra en cuanto a cualquier permiso o proyecto solicitado, incluso si lo aprueba la Junta de Andaluc\u00eda.<\/p>\t\t\t\t\t\t\t\t<\/div>\n\t\t\t\t<\/div>\n\t\t\t\t\t<\/div>\n\t\t\t\t<\/div>\n\t\t<div class=\"elementor-element elementor-element-0e38e6d e-flex e-con-boxed e-con e-parent\" data-id=\"0e38e6d\" data-element_type=\"container\" data-e-type=\"container\">\n\t\t\t\t\t<div class=\"e-con-inner\">\n\t\t\t\t<div class=\"elementor-element elementor-element-23f26d2 e-grid-align-left elementor-shape-rounded elementor-grid-0 elementor-widget elementor-widget-social-icons\" data-id=\"23f26d2\" data-element_type=\"widget\" data-e-type=\"widget\" data-widget_type=\"social-icons.default\">\n\t\t\t\t<div class=\"elementor-widget-container\">\n\t\t\t\t\t\t\t<div class=\"elementor-social-icons-wrapper elementor-grid\">\n\t\t\t\t\t\t\t<span class=\"elementor-grid-item\">\n\t\t\t\t\t<a class=\"elementor-icon elementor-social-icon elementor-social-icon-facebook elementor-repeater-item-291f120\" href=\"https:\/\/www.facebook.com\/profile.php?id=61568775642897\" target=\"_blank\">\n\t\t\t\t\t\t<span class=\"elementor-screen-only\">Facebook<\/span>\n\t\t\t\t\t\t<svg aria-hidden=\"true\" class=\"e-font-icon-svg e-fab-facebook\" viewbox=\"0 0 512 512\" xmlns=\"http:\/\/www.w3.org\/2000\/svg\"><path d=\"M504 256C504 119 393 8 256 8S8 119 8 256c0 123.78 90.69 226.38 209.25 245V327.69h-63V256h63v-54.64c0-62.15 37-96.48 93.67-96.48 27.14 0 55.52 4.84 55.52 4.84v61h-31.28c-30.8 0-40.41 19.12-40.41 38.73V256h68.78l-11 71.69h-57.78V501C413.31 482.38 504 379.78 504 256z\"><\/path><\/svg>\t\t\t\t\t<\/a>\n\t\t\t\t<\/span>\n\t\t\t\t\t<\/div>\n\t\t\t\t\t\t<\/div>\n\t\t\t\t<\/div>\n\t\t\t\t\t<\/div>\n\t\t\t\t<\/div>\n\t\t<div class=\"elementor-element elementor-element-fbcbe04 e-flex e-con-boxed e-con e-parent\" data-id=\"fbcbe04\" data-element_type=\"container\" data-e-type=\"container\">\n\t\t\t\t\t<div class=\"e-con-inner\">\n\t\t\t\t<div class=\"elementor-element elementor-element-f6c55d4 elementor-widget elementor-widget-copyright\" data-id=\"f6c55d4\" data-element_type=\"widget\" data-e-type=\"widget\" data-widget_type=\"copyright.default\">\n\t\t\t\t<div class=\"elementor-widget-container\">\n\t\t\t\t\t\t\t<div class=\"hfe-copyright-wrapper\">\n\t\t\t\t\t\t\t<span>Copyright \u00a9 2026 Protejacanillas | Powered by Protejacanillas<\/span>\n\t\t\t\t\t<\/div>\n\t\t\t\t\t\t<\/div>\n\t\t\t\t<\/div>\n\t\t\t\t\t<\/div>\n\t\t\t\t<\/div>\n\t\t<div class=\"elementor-element elementor-element-ace533e e-flex e-con-boxed e-con e-parent\" data-id=\"ace533e\" data-element_type=\"container\" data-e-type=\"container\">\n\t\t\t\t\t<div class=\"e-con-inner\">\n\t\t\t\t\t<\/div>\n\t\t\t\t<\/div>\n\t\t\t\t<\/div>","protected":false},"excerpt":{"rendered":"<p>Latest News 11\/09\/2025Despite multiple formal requests for communication from the Ayuntamiento de Canillas de Aceituno and the Junta de Andaluc\u00eda, we have recieved no further information or response relating to the project. We were however happy that Altos de Canillas (the company beind the waste recycling and vertedero) agreed to meet with us recently. This [&hellip;]<\/p>\n","protected":false},"author":1,"featured_media":0,"parent":0,"menu_order":0,"comment_status":"closed","ping_status":"closed","template":"","meta":{"nf_dc_page":"","_monsterinsights_skip_tracking":false,"_monsterinsights_sitenote_active":false,"_monsterinsights_sitenote_note":"","_monsterinsights_sitenote_category":0,"footnotes":""},"class_list":["post-1107","page","type-page","status-publish","hentry"],"yoast_head":"<!-- This site is optimized with the Yoast SEO plugin v27.4 - https:\/\/yoast.com\/product\/yoast-seo-wordpress\/ -->\n<title>Latest News - Protejacanillas<\/title>\n<meta name=\"robots\" content=\"index, follow, max-snippet:-1, max-image-preview:large, max-video-preview:-1\" \/>\n<link rel=\"canonical\" href=\"https:\/\/protejacanillas.org\/es\/latest-news\/\" \/>\n<meta property=\"og:locale\" content=\"es_ES\" \/>\n<meta property=\"og:type\" content=\"article\" \/>\n<meta property=\"og:title\" content=\"Latest News - Protejacanillas\" \/>\n<meta property=\"og:description\" content=\"Latest News 11\/09\/2025Despite multiple formal requests for communication from the Ayuntamiento de Canillas de Aceituno and the Junta de Andaluc\u00eda, we have recieved no further information or response relating to the project. We were however happy that Altos de Canillas (the company beind the waste recycling and vertedero) agreed to meet with us recently. This [&hellip;]\" \/>\n<meta property=\"og:url\" content=\"https:\/\/protejacanillas.org\/es\/latest-news\/\" \/>\n<meta property=\"og:site_name\" content=\"Protejacanillas\" \/>\n<meta property=\"article:modified_time\" content=\"2025-09-11T13:25:12+00:00\" \/>\n<meta name=\"twitter:card\" content=\"summary_large_image\" \/>\n<meta name=\"twitter:label1\" content=\"Tiempo de lectura\" \/>\n\t<meta name=\"twitter:data1\" content=\"7 minutos\" \/>\n<script type=\"application\/ld+json\" class=\"yoast-schema-graph\">{\"@context\":\"https:\\\/\\\/schema.org\",\"@graph\":[{\"@type\":\"WebPage\",\"@id\":\"https:\\\/\\\/protejacanillas.org\\\/latest-news\\\/\",\"url\":\"https:\\\/\\\/protejacanillas.org\\\/latest-news\\\/\",\"name\":\"Latest News - Protejacanillas\",\"isPartOf\":{\"@id\":\"https:\\\/\\\/protejacanillas.org\\\/#website\"},\"datePublished\":\"2024-12-09T11:41:16+00:00\",\"dateModified\":\"2025-09-11T13:25:12+00:00\",\"breadcrumb\":{\"@id\":\"https:\\\/\\\/protejacanillas.org\\\/latest-news\\\/#breadcrumb\"},\"inLanguage\":\"es\",\"potentialAction\":[{\"@type\":\"ReadAction\",\"target\":[\"https:\\\/\\\/protejacanillas.org\\\/latest-news\\\/\"]}]},{\"@type\":\"BreadcrumbList\",\"@id\":\"https:\\\/\\\/protejacanillas.org\\\/latest-news\\\/#breadcrumb\",\"itemListElement\":[{\"@type\":\"ListItem\",\"position\":1,\"name\":\"Home\",\"item\":\"https:\\\/\\\/protejacanillas.org\\\/\"},{\"@type\":\"ListItem\",\"position\":2,\"name\":\"Latest News\"}]},{\"@type\":\"WebSite\",\"@id\":\"https:\\\/\\\/protejacanillas.org\\\/#website\",\"url\":\"https:\\\/\\\/protejacanillas.org\\\/\",\"name\":\"Protejacanillas\",\"description\":\"\",\"publisher\":{\"@id\":\"https:\\\/\\\/protejacanillas.org\\\/#organization\"},\"potentialAction\":[{\"@type\":\"SearchAction\",\"target\":{\"@type\":\"EntryPoint\",\"urlTemplate\":\"https:\\\/\\\/protejacanillas.org\\\/?s={search_term_string}\"},\"query-input\":{\"@type\":\"PropertyValueSpecification\",\"valueRequired\":true,\"valueName\":\"search_term_string\"}}],\"inLanguage\":\"es\"},{\"@type\":\"Organization\",\"@id\":\"https:\\\/\\\/protejacanillas.org\\\/#organization\",\"name\":\"Protejacanillas\",\"url\":\"https:\\\/\\\/protejacanillas.org\\\/\",\"logo\":{\"@type\":\"ImageObject\",\"inLanguage\":\"es\",\"@id\":\"https:\\\/\\\/protejacanillas.org\\\/#\\\/schema\\\/logo\\\/image\\\/\",\"url\":\"https:\\\/\\\/protejacanillas.org\\\/wp-content\\\/uploads\\\/2024\\\/11\\\/valley-to-be-filled-1.jpg\",\"contentUrl\":\"https:\\\/\\\/protejacanillas.org\\\/wp-content\\\/uploads\\\/2024\\\/11\\\/valley-to-be-filled-1.jpg\",\"width\":1600,\"height\":1200,\"caption\":\"Protejacanillas\"},\"image\":{\"@id\":\"https:\\\/\\\/protejacanillas.org\\\/#\\\/schema\\\/logo\\\/image\\\/\"}}]}<\/script>\n<!-- \/ Yoast SEO plugin. -->","yoast_head_json":{"title":"Latest News - Protejacanillas","robots":{"index":"index","follow":"follow","max-snippet":"max-snippet:-1","max-image-preview":"max-image-preview:large","max-video-preview":"max-video-preview:-1"},"canonical":"https:\/\/protejacanillas.org\/es\/latest-news\/","og_locale":"es_ES","og_type":"article","og_title":"Latest News - Protejacanillas","og_description":"Latest News 11\/09\/2025Despite multiple formal requests for communication from the Ayuntamiento de Canillas de Aceituno and the Junta de Andaluc\u00eda, we have recieved no further information or response relating to the project. We were however happy that Altos de Canillas (the company beind the waste recycling and vertedero) agreed to meet with us recently. This [&hellip;]","og_url":"https:\/\/protejacanillas.org\/es\/latest-news\/","og_site_name":"Protejacanillas","article_modified_time":"2025-09-11T13:25:12+00:00","twitter_card":"summary_large_image","twitter_misc":{"Tiempo de lectura":"7 minutos"},"schema":{"@context":"https:\/\/schema.org","@graph":[{"@type":"WebPage","@id":"https:\/\/protejacanillas.org\/latest-news\/","url":"https:\/\/protejacanillas.org\/latest-news\/","name":"Latest News - Protejacanillas","isPartOf":{"@id":"https:\/\/protejacanillas.org\/#website"},"datePublished":"2024-12-09T11:41:16+00:00","dateModified":"2025-09-11T13:25:12+00:00","breadcrumb":{"@id":"https:\/\/protejacanillas.org\/latest-news\/#breadcrumb"},"inLanguage":"es","potentialAction":[{"@type":"ReadAction","target":["https:\/\/protejacanillas.org\/latest-news\/"]}]},{"@type":"BreadcrumbList","@id":"https:\/\/protejacanillas.org\/latest-news\/#breadcrumb","itemListElement":[{"@type":"ListItem","position":1,"name":"Home","item":"https:\/\/protejacanillas.org\/"},{"@type":"ListItem","position":2,"name":"Latest News"}]},{"@type":"WebSite","@id":"https:\/\/protejacanillas.org\/#website","url":"https:\/\/protejacanillas.org\/","name":"Protejacanillas","description":"","publisher":{"@id":"https:\/\/protejacanillas.org\/#organization"},"potentialAction":[{"@type":"SearchAction","target":{"@type":"EntryPoint","urlTemplate":"https:\/\/protejacanillas.org\/?s={search_term_string}"},"query-input":{"@type":"PropertyValueSpecification","valueRequired":true,"valueName":"search_term_string"}}],"inLanguage":"es"},{"@type":"Organization","@id":"https:\/\/protejacanillas.org\/#organization","name":"Protejacanillas","url":"https:\/\/protejacanillas.org\/","logo":{"@type":"ImageObject","inLanguage":"es","@id":"https:\/\/protejacanillas.org\/#\/schema\/logo\/image\/","url":"https:\/\/protejacanillas.org\/wp-content\/uploads\/2024\/11\/valley-to-be-filled-1.jpg","contentUrl":"https:\/\/protejacanillas.org\/wp-content\/uploads\/2024\/11\/valley-to-be-filled-1.jpg","width":1600,"height":1200,"caption":"Protejacanillas"},"image":{"@id":"https:\/\/protejacanillas.org\/#\/schema\/logo\/image\/"}}]}},"_links":{"self":[{"href":"https:\/\/protejacanillas.org\/es\/wp-json\/wp\/v2\/pages\/1107","targetHints":{"allow":["GET"]}}],"collection":[{"href":"https:\/\/protejacanillas.org\/es\/wp-json\/wp\/v2\/pages"}],"about":[{"href":"https:\/\/protejacanillas.org\/es\/wp-json\/wp\/v2\/types\/page"}],"author":[{"embeddable":true,"href":"https:\/\/protejacanillas.org\/es\/wp-json\/wp\/v2\/users\/1"}],"replies":[{"embeddable":true,"href":"https:\/\/protejacanillas.org\/es\/wp-json\/wp\/v2\/comments?post=1107"}],"version-history":[{"count":20,"href":"https:\/\/protejacanillas.org\/es\/wp-json\/wp\/v2\/pages\/1107\/revisions"}],"predecessor-version":[{"id":1488,"href":"https:\/\/protejacanillas.org\/es\/wp-json\/wp\/v2\/pages\/1107\/revisions\/1488"}],"wp:attachment":[{"href":"https:\/\/protejacanillas.org\/es\/wp-json\/wp\/v2\/media?parent=1107"}],"curies":[{"name":"wp","href":"https:\/\/api.w.org\/{rel}","templated":true}]}}